{"id":11873,"date":"2017-12-25T18:56:18","date_gmt":"2017-12-25T17:56:18","guid":{"rendered":"https:\/\/bulkpartner.net\/?page_id=11873"},"modified":"2025-02-13T22:49:04","modified_gmt":"2025-02-13T21:49:04","slug":"besten-yachthaefen-yachtclubs-noerdliche-costa-blanca","status":"publish","type":"page","link":"https:\/\/bulkpartner.net\/de\/besten-yachthaefen-yachtclubs-noerdliche-costa-blanca\/","title":{"rendered":"Die besten Yachth\u00e4fen und Yachtclubs an der n\u00f6rdlichen Costa Blanca"},"content":{"rendered":"<h2>Wir empfehlen Ihnen die besten Yachth\u00e4fen und Yachtclubs an der n\u00f6rdlichen Costa Blanca<\/h2>\n<p>Die n\u00f6rdliche Costa Blanca bietet dem Besucher mit ihrer 125 km langen K\u00fcste zahlreiche Yachtclubs, Yachth\u00e4fen und Segelclubs. <\/p>\n<p>An der n\u00f6rdlichen Costa Blanca gibt es mehrere Yachth\u00e4fen und Yachtclubs, die sich an Bootsliebhaber richten und hervorragende Einrichtungen f\u00fcr Segel- und Yachtfreunde bieten.<\/p>\n<p>Diese Yachth\u00e4fen und Yachtclubs an der n\u00f6rdlichen Costa Blanca bieten Zugang zu den wundersch\u00f6nen Gew\u00e4ssern des Mittelmeers, hervorragende Einrichtungen f\u00fcr Bootsliebhaber und eine lebendige Gemeinschaft von Seglern und Yachtbesitzern.<\/p>\n<p>In den meisten kann man Boote mit oder ohne Kapit\u00e4n mieten und so die K\u00fcste, Buchten und Str\u00e4nde erkunden.<\/p>\n<p>Egal, ob Sie ein erfahrener Segler sind oder Ihre ersten Schritte auf dem Wasser machen wollen, diese Orte bieten eine Reihe von Dienstleistungen und M\u00f6glichkeiten, den Lebensstil an der K\u00fcste zu genie\u00dfen.<\/p>\n<p>Hier sind einige der besten Yachth\u00e4fen und Yachtclubs in der Region.<\/p>\n<div class=\"links\">\n<div class=\"arrow-list\">\n<h2>Die besten Yachth\u00e4fen und Yachtclubs<\/h2>\n<ul>\n<li><a href=\"#alicante\" title=\"Die besten Yachth\u00e4fen und Yachtclubs in Alicante\">in Alicante<\/a><\/li>\n<li><a href=\"#el-campello\" title=\"Die besten Yachth\u00e4fen und Yachtclubs in El Campello\">in El Campello<\/a><\/li>\n<li><a href=\"#villajoyosa\" title=\"Die besten Yachth\u00e4fen und Yachtclubs in Villajoyosa\">in Villajoyosa<\/a><\/li>\n<li><a href=\"#benidorm\" title=\"Die besten Yachth\u00e4fen und Yachtclubs in Benidorm\">in Benidorm<\/a><\/li>\n<li><a href=\"#altea\" title=\"Die besten Yachth\u00e4fen und Yachtclubs in Alt\u00e9a\">in Alt\u00e9a <\/a><\/li>\n<li><a href=\"#calpe\" title=\"Die besten Yachth\u00e4fen und Yachtclubs in Calpe\">in Calpe <\/a><\/li>\n<li><a href=\"#benissa\" title=\"Die besten Yachth\u00e4fen und Yachtclubs in Benissa\">in Benissa<\/a><\/li>\n<li><a href=\"#moraira\" title=\"Die besten Yachth\u00e4fen und Yachtclubs in Moraira\">in Moraira<\/a><\/li>\n<li><a href=\"#javea\" title=\"Die besten Yachth\u00e4fen und Yachtclubs in J\u00e1vea (X\u00e0bia)\">in J\u00e1vea (X\u00e0bia)<\/a><\/li>\n<li><a href=\"#denia\" title=\"Die besten Yachth\u00e4fen und Yachtclubs in D\u00e9nia\">in D\u00e9nia<\/a><\/li>\n<li><a href=\"#valencia\" title=\"Die besten Yachth\u00e4fen und Yachtclubs in Val\u00e8ncia\">in Val\u00e8ncia<\/a><\/li>\n<\/ul>\n<div class=\"position-1\">\n<h3 id=\"alicante\" class=\"position\">Alicante<\/h3>\n<p><a title=\"Link zum Real Club de Regatas de Alicante\" href=\"https:\/\/www.rcra.es\" target=\"_blank\" rel=\"nofollow noopener noreferrer\">RCRA :: Real Club de Regatas de Alicante<\/a><br \/>\nMuelle Pte., 3, E-03001 Alicante (Spanien)<br \/>\nTelefon: <a href=\"tel:+34965921250\">+34 965 92 12 50<\/a><br \/>\nE-Mail: <a href=\"mailto:info@rcra.es\">info@rcra.es<\/a><\/p>\n<p><a title=\"Link zur Marina de Alicante\" href=\"https:\/\/www.marinaalicante.com\/\" target=\"_blank\" rel=\"nofollow noopener noreferrer\">Marina de Alicante<\/a><br \/>\nMuelle, 8 \/ Zona de Levante, s\/n, E-03001 Alicante (Spanien)<br \/>\nTelefon: <a href=\"tel:+34965213600\">+34 965 21 36 00<\/a><br \/>\nE-Mail: <a href=\"mailto:recepcion@marinaalicante.com\">recepcion@marinaalicante.com<\/a><\/p>\n<\/div>\n<div class=\"position\">\n<h3 id=\"el-campello\">El Campello<\/h3>\n<p><a title=\"Link zum Club N\u00e1utico de Campello\" href=\"http:\/\/www.cncampello.com\" target=\"_blank\" rel=\"nofollow noopener noreferrer\">Club N\u00e1utico de Campello<\/a><br \/>\nPartida Illeta, s\/n, E-03560 El Campello (Alicante, Spanien)<br \/>\nTelefon: <a href=\"tel:+34965213600\">+34 965 21 36 00<\/a><br \/>\nE-Mail: <a href=\"mailto:info@cncampello.com\">info@cncampello.com<\/a><\/p>\n<\/div>\n<div class=\"position\">\n<h3 id=\"villajoyosa\" class=\"position\">Villajoyosa<\/h3>\n<p><a title=\"Link zum Club N\u00e1utico de Villajoyosa\" href=\"http:\/\/www.cnlavila.org\" target=\"_blank\" rel=\"nofollow noopener noreferrer\">Club N\u00e1utico de Villajoyosa<\/a><br \/>\nAvenida del Port, 1, E-03570 Villajoyosa (Alicante, Spanien)<br \/>\nTelefon: <a href=\"tel:+34965893606\">+34 965 89 36 06<\/a><br \/>\nE-Mail: <a href=\"mailto:direccion@cnlavila.org\">direccion@cnlavila.org<\/a><\/p>\n<\/div>\n<div class=\"position\">\n<h3 id=\"benidorm\">Benidorm<\/h3>\n<p><a title=\"Link zum Club N\u00e1utico de Benidorm\" href=\"http:\/\/cnbenidorm.com\" target=\"_blank\" rel=\"nofollow noopener noreferrer\">Club N\u00e1utico de Benidorm<\/a><br \/>\nPasseig de Col\u00f3n, 2, E-03501 Benidorm (Alicante, Spanien)<br \/>\nTelefon: <a href=\"tel:+34965855425\">+34 965 85 54 25<\/a><br \/>\nE-Mail: <a href=\"mailto:info@cnbenidorm.com\">info@cnbenidorm.com<\/a><\/p>\n<\/div>\n<div class=\"position\">\n<h3 id=\"altea\">Alt\u00e9a<\/h3>\n<p><a title=\"Link zum Club N\u00e1utico de Alt\u00e9a\" href=\"https:\/\/www.cnaltea.com\" target=\"_blank\" rel=\"nofollow noopener noreferrer\">Club N\u00e1utico de Alt\u00e9a<\/a><br \/>\nAv. del Puerto, s\/n, E-03590 Alt\u00e9a (Alicante, Spanien)<br \/>\nTelefon: <a href=\"tel:+34965842185\">+34 965 84 21 85<\/a><br \/>\nE-Mail: <a href=\"mailto:cnaltea@cnaltea.com\">cnaltea@cnaltea.com<\/a><\/p>\n<p><a title=\"Link zum Club N\u00e1utico de Campomanes\/Marina Greenwichs\" href=\"https:\/\/www.cncampomanes.com\" target=\"_blank\" rel=\"nofollow noopener noreferrer\">Club N\u00e1utico de Campomanes\/Marina Greenwich (Alt\u00e9a)<\/a><br \/>\nPuerto Deportivo Luis Campomanes, s\/n, E-03599 Campomanes (Alicante, Spanien)<br \/>\nTelefon: <a href=\"tel:+34965845552\">+34 965 84 55 52<\/a><br \/>\nE-Mail: <a href=\"mailto:info@cncampomanes.com\">info@cncampomanes.com<\/a><\/p>\n<\/div>\n<div class=\"position\">\n<h3 id=\"calpe\">Calpe<\/h3>\n<p><a title=\"Link zum Real Club N\u00e1utico de Calpe\" href=\"https:\/\/rcnc.es\" target=\"_blank\" rel=\"nofollow noopener noreferrer\">Real Club N\u00e1utico de Calpe<\/a><br \/>\nAvenida Puerto Pesquero, E-03710 Calpe (Alicante, Spanien)<br \/>\nTelefon: <a href=\"tel:+34965831809\">+34 965 83 18 09<\/a><br \/>\nE-Mail: <a href=\"mailto:info@rcnc.es\">info@rcnc.es<\/a><\/p>\n<\/div>\n<div class=\"position\">\n<h3 id=\"benissa\">Benissa<\/h3>\n<p><a title=\"Link zum Club N\u00e1utico Les Bassetes\" href=\"https:\/\/cnlesbasetes.com\" target=\"_blank\" rel=\"nofollow noopener noreferrer\">Club N\u00e1utico Les Bassetes<\/a><br \/>\nCarretera Moraira-Calpe, Km 2, E-03710 Benissa (Alicante, Spanien)<br \/>\nTelefon: <a href=\"tel:+34965836980\">+34 965 83 69 80<\/a><br \/>\nE-Mail: <a href=\"mailto:info@cnlesbasetes.com\">info@cnlesbasetes.com<\/a><\/p>\n<\/div>\n<div class=\"position\">\n<h3 id=\"moraira\">Moraira<\/h3>\n<p><a title=\"Link zum Club N\u00e1utico de Moraira\" href=\"http:\/\/cnmoraira.com\" target=\"_blank\" rel=\"nofollow noopener noreferrer\">Club N\u00e1utico de Moraira<\/a><br \/>\nPuerto de Moraira, E-03724 Moraira (Alicante, Spanien)<br \/>\nTelefon: <a href=\"tel:+34965744461\">+34 965 74 44 61<\/a><br \/>\nE-Mail: <a href=\"mailto:info@cnmoraira.com\">info@cnmoraira.com<\/a><\/p>\n<\/div>\n<div class=\"position\">\n<h3 id=\"javea\">J\u00e1vea (X\u00e0bia)<\/h3>\n<p><a title=\"Link zum Club N\u00e1utico de J\u00e1vea\" href=\"https:\/\/cnjavea.net\" target=\"_blank\" rel=\"nofollow noopener noreferrer\">Club N\u00e1utico de J\u00e1vea<\/a><br \/>\nPuerto de J\u00e1vea, 5, E-03730 J\u00e1vea\/X\u00e0bia (Alicante, Spanien)<br \/>\nTelefon: <a href=\"tel:+34965796008 \">+34 965 796 008<\/a><br \/>\nE-Mail: <a href=\"mailto:info@cnjavea.net\">info@cnjavea.net<\/a><\/p>\n<p><a title=\"Link zur Marina Nou Fontana J\u00e1vea\" href=\"https:\/\/marinanoufontana.es\/\" target=\"_blank\" rel=\"nofollow noopener noreferrer\">Marina Nou Fontana<\/a><br \/>\nCalle Burdeos, 2, E-03730 J\u00e1vea\/X\u00e0bia (Alicante, Spanien)<br \/>\nTelefon: <a href=\"tel:+34965881141\">+34 965 88 11 41<\/a><br \/>\nE-Mail: <a href=\"mailto:informacion@marinanoufontana.com\">informacion@marinanoufontana.com<\/a><\/p>\n<\/div>\n<div class=\"position\">\n<h3 id=\"denia\">D\u00e9nia<\/h3>\n<p><a title=\"Link zum Real Club N\u00e1utico de D\u00e9nia\" href=\"https:\/\/cndenia.es\" target=\"_blank\" rel=\"nofollow noopener noreferrer\">Real Club N\u00e1utico de D\u00e9nia<\/a><br \/>\nPuerto de D\u00e9nia \/ Ctra. D\u00e9nia-J\u00e1vea, E-03700 D\u00e9nia (Alicante, Spanien)<br \/>\nTelefon: <a href=\"tel:+34965780989\">+34 965 78 09 89<\/a><br \/>\nE-Mail: <a href=\"mailto:info@cndenia.es\">info@cndenia.es<\/a><\/p>\n<p><a title=\"Link zur Marina El Portet de D\u00e9nia\" href=\"https:\/\/www.marinaelportetdedenia.es\/\" target=\"_blank\" rel=\"nofollow noopener noreferrer\">Marina El Portet de D\u00e9nia<\/a><br \/>\nMoll de la Pansa, s\/n, E-03700 D\u00e9nia (Alicante, Spanien)<br \/>\nTelefon: <a href=\"tel:+34966426675\">+34 966 42 66 75<\/a><br \/>\nE-Mail: <a href=\"mailto:iinfo@marinaelportetdedenia.es\">info@marinaelportetdedenia.es<\/a><\/p>\n<\/div>\n<div class=\"position\">\n<h3 id=\"valencia\">Val\u00e8ncia<\/h3>\n<p><a title=\"Link zum Real Club N\u00e1utico de Val\u00e8ncia\" href=\"http:\/\/www.rcnv.es\" target=\"_blank\" rel=\"nofollow noopener noreferrer\">Real Club N\u00e1utico de Val\u00e8ncia<\/a><br \/>\nCamino de Canal, 91, E-46024 Val\u00e8ncia (Spanien)<br \/>\nTelefon: <a href=\"tel:+34963679011\">+34 963 67 90 11<\/a><br \/>\nE-Mail: <a href=\"mailto:rcnv@rcnv.es\">rcnv@rcnv.es<\/a><\/p>\n<p><a title=\"Link zur La Marina de Val\u00e8ncia\" href=\"http:\/\/www.lamarinadevalencia.com\" target=\"_blank\" rel=\"nofollow noopener noreferrer\">La Marina de Val\u00e8ncia<\/a><br \/>\nMarina Norte, s\/n, E-46024 Val\u00e8ncia (Spanien)<br \/>\nTelefon: <a href=\"tel:+34963812009\">+34 963 812 009<\/a><br \/>\nE-Mail: <a href=\"mailto:marina@marinavalencia.com\">marina@marinavalencia.com<\/a><\/p>\n<\/div>\n<\/div>\n<\/div>\n<div class=\"links\">\n<h2>Weitere Links:<\/h2>\n<div class=\"arrow-list\">\n<ul>\n<li><a title=\"Golf Clubs &amp; Golfpl\u00e4tze an der n\u00f6rdlichen Costa Blanca\" href=\"https:\/\/bulkpartner.net\/de\/besten-golfplaetze-golfclubs-noerdliche-costa-blanca\/\" target=\"_self\" rel=\"noopener noreferrer\">Golfpl\u00e4tze an der n\u00f6rdlichen Costa Blanca<\/a><\/li>\n<li><a title=\"Hotels an der n\u00f6rdlichen Costa Blanca\" href=\"https:\/\/bulkpartner.net\/de\/besten-hotels-noerdliche-costa-blanca\/\" target=\"_self\" rel=\"noopener noreferrer\">Hotels an der n\u00f6rdlichen Costa Blanca<\/a><\/li>\n<li><a title=\"Restaurants \/ Bars \/ Caf\u00e9s an der n\u00f6rdlichen Costa Blanca\" href=\"https:\/\/bulkpartner.net\/de\/besten-restaurants-bars-cafes-noerdliche-costa-blanca\/\" target=\"_self\" rel=\"noopener noreferrer\">Restaurants \/ Bars \/ Caf\u00e9s an der n\u00f6rdlichen Costa Blanca<\/a><\/li>\n<li><a title=\"Internationale Schulen an der n\u00f6rdlichen Costa Blanca\" href=\"https:\/\/bulkpartner.net\/de\/besten-internationalen-schulen-noerdliche-costa-blanca\/\" target=\"_self\" rel=\"noopener noreferrer\">Internationale Schulen an der n\u00f6rdlichen Costa Blanca<\/a><\/li>\n<\/ul>\n<\/div>\n<\/div>\n<div class=\"content-footer\">Immobilien sind unsere Leidenschaft \u2026<\/div>\n<div class=\"shariff-pages\"><div class=\"shariff shariff-align-flex-start shariff-widget-align-flex-start shariff-buttonstretch\" data-services=\"facebook%7Cvk%7Cpinterest\" data-url=\"https%3A%2F%2Fbulkpartner.net%2Fde%2Fbesten-yachthaefen-yachtclubs-noerdliche-costa-blanca%2F\" data-timestamp=\"1739486944\" data-hidezero=\"1\" data-backendurl=\"https:\/\/bulkpartner.net\/de\/wp-json\/shariff\/v1\/share_counts?\"><ul class=\"shariff-buttons theme-grey orientation-horizontal buttonsize-small\"><li class=\"shariff-button facebook\" style=\"background-color:#d3d0d0\"><a href=\"https:\/\/www.facebook.com\/sharer\/sharer.php?u=https%3A%2F%2Fbulkpartner.net%2Fde%2Fbesten-yachthaefen-yachtclubs-noerdliche-costa-blanca%2F\" title=\"Bei Facebook teilen\" aria-label=\"Bei Facebook teilen\" role=\"button\" rel=\"nofollow\" class=\"shariff-link\" style=\"; background-color:#dbdbdb; color:#fff\" target=\"_blank\"><span class=\"shariff-icon\" style=\"\"><svg width=\"32px\" height=\"20px\" xmlns=\"http:\/\/www.w3.org\/2000\/svg\" viewBox=\"0 0 18 32\"><path fill=\"#3b5998\" d=\"M17.1 0.2v4.7h-2.8q-1.5 0-2.1 0.6t-0.5 1.9v3.4h5.2l-0.7 5.3h-4.5v13.6h-5.5v-13.6h-4.5v-5.3h4.5v-3.9q0-3.3 1.9-5.2t5-1.8q2.6 0 4.1 0.2z\"\/><\/svg><\/span><span class=\"shariff-text\">teilen<\/span>&nbsp;<span data-service=\"facebook\" style=\"color:#fff\" class=\"shariff-count shariff-hidezero\"><\/span>&nbsp;<\/a><\/li><li class=\"shariff-button vk\" style=\"background-color:#d3d0d0\"><a href=\"https:\/\/vk.com\/share.php?url=https%3A%2F%2Fbulkpartner.net%2Fde%2Fbesten-yachthaefen-yachtclubs-noerdliche-costa-blanca%2F\" title=\"Bei VK teilen\" aria-label=\"Bei VK teilen\" role=\"button\" rel=\"noopener nofollow\" class=\"shariff-link\" style=\"; background-color:#dbdbdb; color:#fff\" target=\"_blank\"><span class=\"shariff-icon\" style=\"\"><svg width=\"32px\" height=\"20px\" xmlns=\"http:\/\/www.w3.org\/2000\/svg\" viewBox=\"0 0 34 32\"><path fill=\"#527498\" d=\"M34.2 9.3q0.4 1.1-2.7 5.3-0.4 0.6-1.2 1.5-1.4 1.8-1.6 2.3-0.3 0.7 0.3 1.4 0.3 0.4 1.4 1.5h0l0.1 0.1q2.5 2.3 3.4 3.9 0.1 0.1 0.1 0.2t0.1 0.5 0 0.6-0.4 0.5-1.1 0.2l-4.6 0.1q-0.4 0.1-1-0.1t-0.9-0.4l-0.4-0.2q-0.5-0.4-1.2-1.1t-1.2-1.4-1.1-1-1-0.3q-0.1 0-0.1 0.1t-0.3 0.3-0.4 0.5-0.3 0.9-0.1 1.4q0 0.3-0.1 0.5t-0.1 0.3l-0.1 0.1q-0.3 0.3-0.9 0.4h-2.1q-1.3 0.1-2.6-0.3t-2.3-0.9-1.8-1.2-1.3-1l-0.4-0.4q-0.2-0.2-0.5-0.5t-1.3-1.6-1.9-2.7-2.2-3.8-2.3-4.9q-0.1-0.3-0.1-0.5t0.1-0.3l0.1-0.1q0.3-0.3 1-0.3l4.9 0q0.2 0 0.4 0.1t0.3 0.2l0.1 0.1q0.3 0.2 0.4 0.6 0.4 0.9 0.8 1.8t0.7 1.5l0.3 0.5q0.5 1.1 1 1.9t0.9 1.2 0.7 0.7 0.6 0.3 0.5-0.1q0 0 0.1-0.1t0.2-0.4 0.2-0.8 0.2-1.4 0-2.2q0-0.7-0.2-1.3t-0.2-0.8l-0.1-0.2q-0.4-0.6-1.5-0.8-0.2 0 0.1-0.4 0.3-0.3 0.7-0.5 0.9-0.5 4.3-0.4 1.5 0 2.4 0.2 0.4 0.1 0.6 0.2t0.4 0.4 0.2 0.6 0.1 0.8 0 1 0 1.3 0 1.5q0 0.2 0 0.8t0 0.9 0.1 0.7 0.2 0.7 0.4 0.4q0.1 0 0.3 0.1t0.5-0.2 0.7-0.6 0.9-1.2 1.2-1.9q1.1-1.9 1.9-4 0.1-0.2 0.2-0.3t0.2-0.2l0.1-0.1 0.1 0t0.2-0.1 0.4 0l5.1 0q0.7-0.1 1.1 0t0.6 0.3z\"\/><\/svg><\/span><span class=\"shariff-text\">teilen<\/span>&nbsp;<span data-service=\"vk\" style=\"color:#fff\" class=\"shariff-count shariff-hidezero\"><\/span>&nbsp;<\/a><\/li><li class=\"shariff-button twitter\" style=\"background-color:#d3d0d0\"><a href=\"https:\/\/twitter.com\/share?url=https%3A%2F%2Fbulkpartner.net%2Fde%2Fbesten-yachthaefen-yachtclubs-noerdliche-costa-blanca%2F&text=Die%20besten%20Yachth%C3%A4fen%20und%20Yachtclubs%20an%20der%20n%C3%B6rdlichen%20Costa%20Blanca&via=bulkpartner\" title=\"Bei X teilen\" aria-label=\"Bei X teilen\" role=\"button\" rel=\"noopener nofollow\" class=\"shariff-link\" style=\"; background-color:#dbdbdb; color:#fff\" target=\"_blank\"><span class=\"shariff-icon\" style=\"\"><svg width=\"32px\" height=\"20px\" xmlns=\"http:\/\/www.w3.org\/2000\/svg\" viewBox=\"0 0 24 24\"><path fill=\"#000\" d=\"M14.258 10.152L23.176 0h-2.113l-7.747 8.813L7.133 0H0l9.352 13.328L0 23.973h2.113l8.176-9.309 6.531 9.309h7.133zm-2.895 3.293l-.949-1.328L2.875 1.56h3.246l6.086 8.523.945 1.328 7.91 11.078h-3.246zm0 0\"\/><\/svg><\/span><span class=\"shariff-text\">teilen<\/span>&nbsp;<\/a><\/li><li class=\"shariff-button linkedin\" style=\"background-color:#d3d0d0\"><a href=\"https:\/\/www.linkedin.com\/sharing\/share-offsite\/?url=https%3A%2F%2Fbulkpartner.net%2Fde%2Fbesten-yachthaefen-yachtclubs-noerdliche-costa-blanca%2F\" title=\"Bei LinkedIn teilen\" aria-label=\"Bei LinkedIn teilen\" role=\"button\" rel=\"noopener nofollow\" class=\"shariff-link\" style=\"; background-color:#dbdbdb; color:#fff\" target=\"_blank\"><span class=\"shariff-icon\" style=\"\"><svg width=\"32px\" height=\"20px\" xmlns=\"http:\/\/www.w3.org\/2000\/svg\" viewBox=\"0 0 27 32\"><path fill=\"#0077b5\" d=\"M6.2 11.2v17.7h-5.9v-17.7h5.9zM6.6 5.7q0 1.3-0.9 2.2t-2.4 0.9h0q-1.5 0-2.4-0.9t-0.9-2.2 0.9-2.2 2.4-0.9 2.4 0.9 0.9 2.2zM27.4 18.7v10.1h-5.9v-9.5q0-1.9-0.7-2.9t-2.3-1.1q-1.1 0-1.9 0.6t-1.2 1.5q-0.2 0.5-0.2 1.4v9.9h-5.9q0-7.1 0-11.6t0-5.3l0-0.9h5.9v2.6h0q0.4-0.6 0.7-1t1-0.9 1.6-0.8 2-0.3q3 0 4.9 2t1.9 6z\"\/><\/svg><\/span><span class=\"shariff-text\">teilen<\/span>&nbsp;<\/a><\/li><li class=\"shariff-button pinterest\" style=\"background-color:#d3d0d0\"><a href=\"https:\/\/www.pinterest.com\/pin\/create\/link\/?url=https%3A%2F%2Fbulkpartner.net%2Fde%2Fbesten-yachthaefen-yachtclubs-noerdliche-costa-blanca%2F&media=https%3A%2F%2Fbulkpartner.net%2Fwp-content%2Fuploads%2F2017%2F12%2Fmarinas-costa-blanca-north.jpg&description=Die%20besten%20Yachth%C3%A4fen%20und%20Yachtclubs%20an%20der%20n%C3%B6rdlichen%20Costa%20Blanca\" title=\"Bei Pinterest pinnen\" aria-label=\"Bei Pinterest pinnen\" role=\"button\" rel=\"noopener nofollow\" class=\"shariff-link\" style=\"; background-color:#dbdbdb; color:#fff\" target=\"_blank\"><span class=\"shariff-icon\" style=\"\"><svg width=\"32px\" height=\"20px\" xmlns=\"http:\/\/www.w3.org\/2000\/svg\" viewBox=\"0 0 27 32\"><path fill=\"#cb2027\" d=\"M27.4 16q0 3.7-1.8 6.9t-5 5-6.9 1.9q-2 0-3.9-0.6 1.1-1.7 1.4-2.9 0.2-0.6 1-3.8 0.4 0.7 1.3 1.2t2 0.5q2.1 0 3.8-1.2t2.7-3.4 0.9-4.8q0-2-1.1-3.8t-3.1-2.9-4.5-1.2q-1.9 0-3.5 0.5t-2.8 1.4-2 2-1.2 2.3-0.4 2.4q0 1.9 0.7 3.3t2.1 2q0.5 0.2 0.7-0.4 0-0.1 0.1-0.5t0.2-0.5q0.1-0.4-0.2-0.8-0.9-1.1-0.9-2.7 0-2.7 1.9-4.6t4.9-2q2.7 0 4.2 1.5t1.5 3.8q0 3-1.2 5.2t-3.1 2.1q-1.1 0-1.7-0.8t-0.4-1.9q0.1-0.6 0.5-1.7t0.5-1.8 0.2-1.4q0-0.9-0.5-1.5t-1.4-0.6q-1.1 0-1.9 1t-0.8 2.6q0 1.3 0.4 2.2l-1.8 7.5q-0.3 1.2-0.2 3.2-3.7-1.6-6-5t-2.3-7.6q0-3.7 1.9-6.9t5-5 6.9-1.9 6.9 1.9 5 5 1.8 6.9z\"\/><\/svg><\/span><span class=\"shariff-text\">merken<\/span>&nbsp;<span data-service=\"pinterest\" style=\"color:#fff\" class=\"shariff-count shariff-hidezero\"><\/span>&nbsp;<\/a><\/li><li class=\"shariff-button whatsapp shariff-mobile\" style=\"background-color:#d3d0d0\"><a href=\"https:\/\/api.whatsapp.com\/send?text=https%3A%2F%2Fbulkpartner.net%2Fde%2Fbesten-yachthaefen-yachtclubs-noerdliche-costa-blanca%2F%20Die%20besten%20Yachth%C3%A4fen%20und%20Yachtclubs%20an%20der%20n%C3%B6rdlichen%20Costa%20Blanca\" title=\"Bei Whatsapp teilen\" aria-label=\"Bei Whatsapp teilen\" role=\"button\" rel=\"noopener nofollow\" class=\"shariff-link\" style=\"; background-color:#dbdbdb; color:#fff\" target=\"_blank\"><span class=\"shariff-icon\" style=\"\"><svg width=\"32px\" height=\"20px\" xmlns=\"http:\/\/www.w3.org\/2000\/svg\" viewBox=\"0 0 32 32\"><path fill=\"#34af23\" d=\"M17.6 17.4q0.2 0 1.7 0.8t1.6 0.9q0 0.1 0 0.3 0 0.6-0.3 1.4-0.3 0.7-1.3 1.2t-1.8 0.5q-1 0-3.4-1.1-1.7-0.8-3-2.1t-2.6-3.3q-1.3-1.9-1.3-3.5v-0.1q0.1-1.6 1.3-2.8 0.4-0.4 0.9-0.4 0.1 0 0.3 0t0.3 0q0.3 0 0.5 0.1t0.3 0.5q0.1 0.4 0.6 1.6t0.4 1.3q0 0.4-0.6 1t-0.6 0.8q0 0.1 0.1 0.3 0.6 1.3 1.8 2.4 1 0.9 2.7 1.8 0.2 0.1 0.4 0.1 0.3 0 1-0.9t0.9-0.9zM14 26.9q2.3 0 4.3-0.9t3.6-2.4 2.4-3.6 0.9-4.3-0.9-4.3-2.4-3.6-3.6-2.4-4.3-0.9-4.3 0.9-3.6 2.4-2.4 3.6-0.9 4.3q0 3.6 2.1 6.6l-1.4 4.2 4.3-1.4q2.8 1.9 6.2 1.9zM14 2.2q2.7 0 5.2 1.1t4.3 2.9 2.9 4.3 1.1 5.2-1.1 5.2-2.9 4.3-4.3 2.9-5.2 1.1q-3.5 0-6.5-1.7l-7.4 2.4 2.4-7.2q-1.9-3.2-1.9-6.9 0-2.7 1.1-5.2t2.9-4.3 4.3-2.9 5.2-1.1z\"\/><\/svg><\/span><span class=\"shariff-text\">teilen<\/span>&nbsp;<\/a><\/li><li class=\"shariff-button telegram\" style=\"background-color:#d3d0d0\"><a href=\"https:\/\/telegram.me\/share\/url?url=https%3A%2F%2Fbulkpartner.net%2Fde%2Fbesten-yachthaefen-yachtclubs-noerdliche-costa-blanca%2F&text=Die%20besten%20Yachth%C3%A4fen%20und%20Yachtclubs%20an%20der%20n%C3%B6rdlichen%20Costa%20Blanca\" title=\"Bei Telegram teilen\" aria-label=\"Bei Telegram teilen\" role=\"button\" rel=\"noopener nofollow\" class=\"shariff-link\" style=\"; background-color:#dbdbdb; color:#fff\" target=\"_blank\"><span class=\"shariff-icon\" style=\"\"><svg width=\"32px\" height=\"20px\" xmlns=\"http:\/\/www.w3.org\/2000\/svg\" viewBox=\"0 0 32 32\"><path fill=\"#0088cc\" d=\"M30.8 6.5l-4.5 21.4c-.3 1.5-1.2 1.9-2.5 1.2L16.9 24l-3.3 3.2c-.4.4-.7.7-1.4.7l.5-7L25.5 9.2c.6-.5-.1-.8-.9-.3l-15.8 10L2 16.7c-1.5-.5-1.5-1.5.3-2.2L28.9 4.3c1.3-.5 2.3.3 1.9 2.2z\"\/><\/svg><\/span><span class=\"shariff-text\">teilen<\/span>&nbsp;<\/a><\/li><li class=\"shariff-button mailto\" style=\"background-color:#d3d0d0\"><a href=\"mailto:?body=https%3A%2F%2Fbulkpartner.net%2Fde%2Fbesten-yachthaefen-yachtclubs-noerdliche-costa-blanca%2F&subject=Die%20besten%20Yachth%C3%A4fen%20und%20Yachtclubs%20an%20der%20n%C3%B6rdlichen%20Costa%20Blanca\" title=\"Per E-Mail versenden\" aria-label=\"Per E-Mail versenden\" role=\"button\" rel=\"noopener nofollow\" class=\"shariff-link\" style=\"; background-color:#dbdbdb; color:#fff\"><span class=\"shariff-icon\" style=\"\"><svg width=\"32px\" height=\"20px\" xmlns=\"http:\/\/www.w3.org\/2000\/svg\" viewBox=\"0 0 32 32\"><path fill=\"#999\" d=\"M32 12.7v14.2q0 1.2-0.8 2t-2 0.9h-26.3q-1.2 0-2-0.9t-0.8-2v-14.2q0.8 0.9 1.8 1.6 6.5 4.4 8.9 6.1 1 0.8 1.6 1.2t1.7 0.9 2 0.4h0.1q0.9 0 2-0.4t1.7-0.9 1.6-1.2q3-2.2 8.9-6.1 1-0.7 1.8-1.6zM32 7.4q0 1.4-0.9 2.7t-2.2 2.2q-6.7 4.7-8.4 5.8-0.2 0.1-0.7 0.5t-1 0.7-0.9 0.6-1.1 0.5-0.9 0.2h-0.1q-0.4 0-0.9-0.2t-1.1-0.5-0.9-0.6-1-0.7-0.7-0.5q-1.6-1.1-4.7-3.2t-3.6-2.6q-1.1-0.7-2.1-2t-1-2.5q0-1.4 0.7-2.3t2.1-0.9h26.3q1.2 0 2 0.8t0.9 2z\"\/><\/svg><\/span><span class=\"shariff-text\">E-Mail<\/span>&nbsp;<\/a><\/li><\/ul><\/div><\/div>\n","protected":false},"excerpt":{"rendered":"<p>Wir empfehlen Ihnen die besten Yachth\u00e4fen und Yachtclubs an der n\u00f6rdlichen Costa Blanca Die n\u00f6rdliche Costa Blanca bietet dem Besucher mit ihrer 125 km langen K\u00fcste zahlreiche Yachtclubs, Yachth\u00e4fen und Segelclubs. An der n\u00f6rdlichen Costa Blanca gibt es mehrere Yachth\u00e4fen und Yachtclubs, die sich an Bootsliebhaber richten und hervorragende Einrichtungen f\u00fcr Segel- und Yachtfreunde bieten&#8230;.<\/p>\n","protected":false},"author":1,"featured_media":11670,"parent":0,"menu_order":0,"comment_status":"closed","ping_status":"closed","template":"","meta":{"footnotes":""},"class_list":["post-11873","page","type-page","status-publish","has-post-thumbnail","hentry"],"_links":{"self":[{"href":"https:\/\/bulkpartner.net\/de\/wp-json\/wp\/v2\/pages\/11873","targetHints":{"allow":["GET"]}}],"collection":[{"href":"https:\/\/bulkpartner.net\/de\/wp-json\/wp\/v2\/pages"}],"about":[{"href":"https:\/\/bulkpartner.net\/de\/wp-json\/wp\/v2\/types\/page"}],"author":[{"embeddable":true,"href":"https:\/\/bulkpartner.net\/de\/wp-json\/wp\/v2\/users\/1"}],"replies":[{"embeddable":true,"href":"https:\/\/bulkpartner.net\/de\/wp-json\/wp\/v2\/comments?post=11873"}],"version-history":[{"count":0,"href":"https:\/\/bulkpartner.net\/de\/wp-json\/wp\/v2\/pages\/11873\/revisions"}],"wp:featuredmedia":[{"embeddable":true,"href":"https:\/\/bulkpartner.net\/de\/wp-json\/wp\/v2\/media\/11670"}],"wp:attachment":[{"href":"https:\/\/bulkpartner.net\/de\/wp-json\/wp\/v2\/media?parent=11873"}],"curies":[{"name":"wp","href":"https:\/\/api.w.org\/{rel}","templated":true}]}}