{"id":11935,"date":"2017-12-25T19:07:09","date_gmt":"2017-12-25T18:07:09","guid":{"rendered":"https:\/\/bulkpartner.net\/?page_id=11935"},"modified":"2025-02-13T22:49:15","modified_gmt":"2025-02-13T21:49:15","slug":"besten-internationalen-schulen-noerdliche-costa-blanca","status":"publish","type":"page","link":"https:\/\/bulkpartner.net\/de\/besten-internationalen-schulen-noerdliche-costa-blanca\/","title":{"rendered":"Die besten internationalen Schulen an der n\u00f6rdlichen Costa Blanca"},"content":{"rendered":"<h2>Wir empfehlen Ihnen die besten internationalen Schulen an der n\u00f6rdlichen Costa Blanca<\/h2>\n<p>Wenn Sie sich mit schulpflichtigen Kindern an der n\u00f6rdlichen Costa Blanca niederlassen wollen, stellt sich die Frage, welche Schule Sie w\u00e4hlen sollen.<\/p>\n<p>Die Entscheidung h\u00e4ngt in erster Linie von der Lebensplanung der Eltern ab: Soll der Umzug an die K\u00fcste dauerhaft sein oder nur f\u00fcr einen k\u00fcrzeren Zeitraum?<\/p>\n<p>Entsprechen die angebotenen Abschl\u00fcsse den Anforderungen und Voraussetzungen der internationalen Universit\u00e4ten und Hochschulen?<\/p>\n<p>Er\u00f6ffnen die Bildungsangebote den Kindern vielf\u00e4ltige Wahlm\u00f6glichkeiten f\u00fcr die sp\u00e4tere Weiterbildung und ein gutes Berufsleben?<\/p>\n<p>Unsere nachstehenden Empfehlungen reichen vom Kindergarten, der Vorschule und der Grundschule bis zur Sekundarstufe.<\/p>\n<div class=\"links\">\n<div class=\"arrow-list\">\n<h2>Die besten internationalen Schulen<\/h2>\n<ul>\n<li><a title=\"Die besten internationalen Schulen in Alicante\" href=\"#alicante\">in Alicante<\/a><\/li>\n<li><a title=\"Die besten internationalen Schulen in El Campello\" href=\"#el-campello\">in El Campello<\/a><\/li>\n<li><a title=\"Die besten internationalen Schulen in Benidorm\" href=\"#benidorm\">in Benidorm<\/a><\/li>\n<li><a title=\"Die besten internationalen Schulen in Alf\u00e0s del Pi\" href=\"#alfas-del-pi\">in Alf\u00e0s del Pi<\/a><\/li>\n<li><a title=\"Die besten internationalen Schulen in La Nucia\" href=\"#la-nucia\">in La Nucia<\/a><\/li>\n<li><a title=\"Die besten internationalen Schulen in Callosa d\u2019en Sarri\u00e0\" href=\"#callosa\">in Callosa d\u2019en Sarri\u00e0<\/a><\/li>\n<li><a title=\"Die besten internationalen Schulen in Benitachell\" href=\"#benitachell\">in Benitachell<\/a><\/li>\n<li><a title=\"Die besten internationalen Schulen in Ll\u00edber\" href=\"#lliber\">in Ll\u00edber<\/a><\/li>\n<li><a title=\"Die besten internationalen Schulen in J\u00e1vea (X\u00e0bia)\" href=\"#javea\">in J\u00e1vea (X\u00e0bia)<\/a><\/li>\n<li><a title=\"Die besten internationalen Schulen in Jes\u00fas Pobre\/D\u00e9nia\" href=\"#jesus-pobre-denia\">in Jes\u00fas Pobre\/D\u00e9nia<\/a><\/li>\n<\/ul>\n<div class=\"position-1\">\n<h3 id=\"alicante\">Alicante<\/h3>\n<p><a title=\"Link zum King&#039;s College\" href=\"https:\/\/alicante.kingscollegeschools.org\" target=\"_blank\" rel=\"nofollow noopener noreferrer\">King&#8217;s College &#8211; The British School of Alicante<\/a><br \/>\nGlorieta del Reino Unido, 5, E-03008 Alicante (Spanien)<br \/>\nTelefon: <a href=\"tel:+34965106351\">+34 965 10 63 51<\/a><br \/>\nE-Mail: <a href=\"mailto:info.kca@kingsgroup.org\">info.kca@kingsgroup.org<\/a><\/p>\n<p><a title=\"Link zum King&#039;s College\" href=\"https:\/\/escuelaeuropea.org\/en\/\" target=\"_blank\" rel=\"nofollow noopener noreferrer\">European School of Alicante<\/a><br \/>\nLocutor Vicente Hip\u00f3lito St., s\/n, E-03540 Alicante (Spanien)<br \/>\nTelefon: <a href=\"tel:+34965269595\">+34 965 26 95 95<\/a><\/p>\n<\/div>\n<div class=\"position\">\n<h3 id=\"el-campello\">El Campello<\/h3>\n<p><a title=\"Link zu Lyc\u00e9e Fran\u00e7ais Alicante\" href=\"http:\/\/www.lfalicante.org\/fr\/\" target=\"_blank\" rel=\"nofollow noopener noreferrer\">Lyc\u00e9e Fran\u00e7ais Alicante<\/a><br \/>\nCamino de Marco, 21, E-03560 El Campello (Alicante, Spanien)<br \/>\nTelefon: <a href=\"tel:+34965262508\">+34 965 26 25 08<\/a><br \/>\nE-Mail: <a href=\"mailto:lf.alicante@mlfmonde.org\">lf.alicante@mlfmonde.org<\/a><\/p>\n<\/div>\n<div class=\"position\">\n<h3 id=\"benidorm\">Benidorm<\/h3>\n<p><a title=\"Link zum Colegio Internacional Lope de Vega\" href=\"https:\/\/www.lopedevega.es\/\" target=\"_blank\" rel=\"nofollow noopener noreferrer\">Colegio Internacional Lope de Vega<\/a><br \/>\nAvda. Doctor Severo Ochoa, 9, E-03503 Benidorm (Alicante, Spanien)<br \/>\nTelefon: <a href=\"tel:+34965854150\">+34 965 85 41 50<\/a><br \/>\nE-Mail: <a href=\"mailto:contacto@lopedevega.es\">contacto@lopedevega.es<\/a><\/p>\n<p><a title=\"Link zum Costa Blanca International College\" href=\"http:\/\/www.costablancacollege.com\" target=\"_blank\" rel=\"nofollow noopener noreferrer\">Costa Blanca International College<\/a><br \/>\nAvenida del Albir, 16, E-03503 Benidorm (Alicante, Spanien)<br \/>\nTelefon: <a href=\"tel:+34966803411\">+34 966 80 34 11<\/a><br \/>\nE-Mail: <a href=\"mailto:info@costablancacollege.com\">info@costablancacollege.com<\/a><\/p>\n<\/div>\n<div class=\"position\">\n<h3 id=\"alfas-del-pi\">Alf\u00e0s del Pi<\/h3>\n<p><a title=\"Link zu Den Norske Skole Costa Blanca\" href=\"https:\/\/www.costablancaskole.com\" target=\"_blank\" rel=\"nofollow noopener noreferrer\">Den Norske Skole Costa Blanca<\/a><br \/>\nRiu Guadiana, 14 \/ Urb. El Oasis, E-03580 Alf\u00e0s del Pi (Alicante, Spanien)<br \/>\nTelefon: <a href=\"tel:+34965887767\">+34 965 88 77 67<\/a><br \/>\nE-Mail: <a href=\"mailto:costablancaskole@costablancaskole.com\">costablancaskole@costablancaskole.com<\/a><\/p>\n<p><a title=\"Link zur Sierra Bernia School\" href=\"https:\/\/sierraberniaschool.es\/en\/\" target=\"_blank\" rel=\"nofollow noopener noreferrer\">Sierra Bernia School<\/a><br \/>\nSant Rafel, 8, E-03580 Alf\u00e0s del Pi (Alicante, Spanien)<br \/>\nTelefon: <a href=\"tel:+34966875149\">+34 966 87 51 49<\/a><br \/>\nE-Mail: <a href=\"mailto:info@sierraberniaschool.es\">info@sierraberniaschool.es<\/a><\/p>\n<\/div>\n<div class=\"position\">\n<h3 id=\"la-nucia\">La Nucia<\/h3>\n<p><a title=\"Link zur AIS - Alt\u00e9a International School\" href=\"https:\/\/altea-international-school.es\/ais\/\" target=\"_blank\" rel=\"nofollow noopener noreferrer\">AIS &#8211; Alt\u00e9a International School<\/a><br \/>\nPartida Captivador, 18, E-03530 La Nucia (Alicante, Spanien)<br \/>\nTelefon: <a href=\"tel:+34625295634\">+34 625 29 56 34<\/a><br \/>\nE-Mail: <a href=\"mailto:info@altea-international-school.es\">info@altea-international-school.es<\/a><\/p>\n<p><a title=\"Link zur Elian&#039;s British School\" href=\"https:\/\/www.ialeschool.com\/en\/\" target=\"_blank\" rel=\"nofollow noopener noreferrer\">Elian&#8217;s British School<\/a><br \/>\nAv. El Copet, 5, E-03530 La Nuc\u00eda (Alicante, Spanien)<br \/>\nTelefon: <a href=\"tel:+34966877055\">+34 966 87 70 55<\/a><br \/>\nE-Mail: <a href=\"mailto:info.kca@kingsgroup.org\">info.kca@kingsgroup.org<\/a><\/p>\n<\/div>\n<div class=\"position\">\n<h3 id=\"callosa\">Callosa d\u2019en Sarri\u00e0<\/h3>\n<p><a title=\"Link zum Centro Privado de Ense\u00f1anza Almedia\" href=\"https:\/\/www.almedia.org\" target=\"_blank\" rel=\"nofollow noopener noreferrer\">Centro Privado de Ense\u00f1anza Almedia<\/a><br \/>\nPartida Colomina, s\/n, E03510 Callosa d&#8217;en Sarri\u00e0 (Alicante, Spanien)<br \/>\nTelefon: <a href=\"tel:+34965881141\">+34 965 88 11 41<\/a><br \/>\nE-Mail: <a href=\"mailto:info@almedia.org\">info@almedia.org<\/a><\/p>\n<\/div>\n<div class=\"position\">\n<h3 id=\"benitachell\">Benitachell<\/h3>\n<p><a title=\"Link zur LAUDE The Lady Elizabeth Junior School\" href=\"https:\/\/en.laudeladyelizabeth.com\" target=\"_blank\" rel=\"nofollow noopener noreferrer\">LAUDE The Lady Elizabeth Junior School<\/a><br \/>\nEntrada Norte de la Cumbre del Sol, E-03726 Benitachell (Alicante, Spanien)<br \/>\nTelefon: <a href=\"tel:+34965790252\">+34 965 790 252<\/a><br \/>\nE-Mail: <a href=\"mailto:junior@laudeladyelizabeth.com\">junior@laudeladyelizabeth.com<\/a><\/p>\n<\/div>\n<div class=\"position\">\n<h3 id=\"liber\">Ll\u00edber<\/h3>\n<p><a title=\"Link zur LAUDE The Lady Elizabeth Senior School\" href=\"https:\/\/en.laudeladyelizabeth.com\" target=\"_blank\" rel=\"nofollow noopener noreferrer\">LAUDE The Lady Elizabeth Senior School<\/a><br \/>\nCarretera Benissa-Jal\u00f3n, s\/n, E-03729 Ll\u00edber (Alicante, Spanien)<br \/>\nTelefon: <a href=\"tel:+34965790252\">+34 965 790 252<\/a><br \/>\nE-Mail: <a href=\"mailto:info@laudeladyelizabeth.com\">info@laudeladyelizabeth.com<\/a><\/p>\n<\/div>\n<div class=\"position\">\n<h3 id=\"javea\">J\u00e1vea (X\u00e0bia)<\/h3>\n<p><a title=\"Link zum J\u00e1vea International College Primary School\" href=\"http:\/\/www.xabiainternationalcollege.com\" target=\"_blank\" rel=\"nofollow noopener noreferrer\">J\u00e1vea International College Primary School<\/a><br \/>\nCarretera Portitxol, 139 \/ Carrer Illa, E-03730 J\u00e1vea\/X\u00e0bia (Alicante, Spanien)<br \/>\nTelefon: <a href=\"tel:+34966473110\">+34 966 47 31 10<\/a><br \/>\nE-Mail: <a href=\"mailto:primary@xabiainternationalcollege.com\">primary@xabiainternationalcollege.com<\/a><\/p>\n<p><a title=\"Link zum J\u00e1vea International College Primary School\" href=\"http:\/\/www.xabiainternationalcollege.com\" target=\"_blank\" rel=\"nofollow noopener noreferrer\">J\u00e1vea International College Secondary School<\/a><br \/>\nCarretera Cabo la Nao, 21 \/ Calle Tr\u00edpoli, E-03730 J\u00e1vea\/X\u00e0bia (Alicante, Spanien)<br \/>\nTelefon: <a href=\"tel:+34966473110\">+34 966 47 31 10<\/a><br \/>\nE-Mail: <a href=\"mailto:secondary@xabiainternationalcollege.com\">secondary@xabiainternationalcollege.com<\/a><\/p>\n<p><a title=\"Link to J\u00e1vea International College Primary School\" href=\"http:\/\/www.waldorfelmontgo.com\" target=\"_blank\" rel=\"nofollow noopener noreferrer\">Waldorf El Montg\u00f3<\/a><br \/>\nCalle del Boix, 1 \/ Trencall, \u00a0E-03730 J\u00e1vea\/X\u00e0bia (Alicante, Spanien)<br \/>\nTelefon: <a href=\"tel:+34690952710\">+34 690 95 27 10<\/a><br \/>\nE-Mail: <a href=\"mailto:info@waldorfelmontgo.com\">info@waldorfelmontgo.com<\/a><\/p>\n<\/div>\n<div class=\"position\">\n<h3 id=\"jesus-pobre-denia\">Jes\u00fas Pobre\/D\u00e9nia<\/h3>\n<p><a title=\"Link zur Steve Jobs School J\u00e1vea\" href=\"https:\/\/www.stevejobsschooljavea.es\" target=\"_blank\" rel=\"nofollow noopener noreferrer\">Steve Jobs School J\u00e1vea \/ SJSJ International School<\/a><br \/>\nAlqueria de Ferrando, s\/n, E-03749 Jes\u00fas Pobre\/D\u00e9nia (Alicante, Spanien)<br \/>\nTelefon: <a href=\"tel:+34627121670\">+34 627 12 16 70<\/a><br \/>\nE-Mail: <a href=\"mailto:info@stevejobsschooljavea.es\">info@stevejobsschooljavea.es<\/a><\/p>\n<\/div>\n<\/div>\n<\/div>\n<div class=\"links\">\n<h2>Weitere Links:<\/h2>\n<div class=\"arrow-list\">\n<ul>\n<li><a title=\"Yachth\u00e4fen an der n\u00f6rdlichen Costa Blanca\" href=\"https:\/\/bulkpartner.net\/de\/besten-yachthaefen-yachtclubs-noerdliche-costa-blanca\/\" target=\"_self\" rel=\"noopener noreferrer\">Yachth\u00e4fen an der n\u00f6rdlichen Costa Blanca<\/a><\/li>\n<li><a title=\"Golf Clubs &amp; Golfpl\u00e4tze an der n\u00f6rdlichen Costa Blanca\" href=\"https:\/\/bulkpartner.net\/de\/besten-golfplaetze-golfclubs-noerdliche-costa-blanca\/\" target=\"_self\" rel=\"noopener noreferrer\">Golfpl\u00e4tze an der n\u00f6rdlichen Costa Blanca<\/a><\/li>\n<li><a title=\"Hotels an der n\u00f6rdlichen Costa Blanca\" href=\"https:\/\/bulkpartner.net\/de\/besten-hotels-noerdliche-costa-blanca\/\" target=\"_self\" rel=\"noopener noreferrer\">Hotels an der n\u00f6rdlichen Costa Blanca<\/a><\/li>\n<li><a title=\"Restaurants \/ Bars \/ Caf\u00e9s an der n\u00f6rdlichen Costa Blanca\" href=\"https:\/\/bulkpartner.net\/de\/besten-restaurants-bars-cafes-noerdliche-costa-blanca\/\" target=\"_self\" rel=\"noopener noreferrer\">Restaurants \/ Bars \/ Caf\u00e9s an der n\u00f6rdlichen Costa Blanca<\/a><\/li>\n<\/ul>\n<\/div>\n<\/div>\n<div class=\"content-footer\">Immobilien sind unsere Leidenschaft \u2026<\/div>\n<div class=\"shariff-pages\"><div class=\"shariff shariff-align-flex-start shariff-widget-align-flex-start shariff-buttonstretch\" data-services=\"facebook%7Cvk%7Cpinterest\" data-url=\"https%3A%2F%2Fbulkpartner.net%2Fde%2Fbesten-internationalen-schulen-noerdliche-costa-blanca%2F\" data-timestamp=\"1739486955\" data-hidezero=\"1\" data-backendurl=\"https:\/\/bulkpartner.net\/de\/wp-json\/shariff\/v1\/share_counts?\"><ul class=\"shariff-buttons theme-grey orientation-horizontal buttonsize-small\"><li class=\"shariff-button facebook\" style=\"background-color:#d3d0d0\"><a href=\"https:\/\/www.facebook.com\/sharer\/sharer.php?u=https%3A%2F%2Fbulkpartner.net%2Fde%2Fbesten-internationalen-schulen-noerdliche-costa-blanca%2F\" title=\"Bei Facebook teilen\" aria-label=\"Bei Facebook teilen\" role=\"button\" rel=\"nofollow\" class=\"shariff-link\" style=\"; background-color:#dbdbdb; color:#fff\" target=\"_blank\"><span class=\"shariff-icon\" style=\"\"><svg width=\"32px\" height=\"20px\" xmlns=\"http:\/\/www.w3.org\/2000\/svg\" viewBox=\"0 0 18 32\"><path fill=\"#3b5998\" d=\"M17.1 0.2v4.7h-2.8q-1.5 0-2.1 0.6t-0.5 1.9v3.4h5.2l-0.7 5.3h-4.5v13.6h-5.5v-13.6h-4.5v-5.3h4.5v-3.9q0-3.3 1.9-5.2t5-1.8q2.6 0 4.1 0.2z\"\/><\/svg><\/span><span class=\"shariff-text\">teilen<\/span>&nbsp;<span data-service=\"facebook\" style=\"color:#fff\" class=\"shariff-count shariff-hidezero\"><\/span>&nbsp;<\/a><\/li><li class=\"shariff-button vk\" style=\"background-color:#d3d0d0\"><a href=\"https:\/\/vk.com\/share.php?url=https%3A%2F%2Fbulkpartner.net%2Fde%2Fbesten-internationalen-schulen-noerdliche-costa-blanca%2F\" title=\"Bei VK teilen\" aria-label=\"Bei VK teilen\" role=\"button\" rel=\"noopener nofollow\" class=\"shariff-link\" style=\"; background-color:#dbdbdb; color:#fff\" target=\"_blank\"><span class=\"shariff-icon\" style=\"\"><svg width=\"32px\" height=\"20px\" xmlns=\"http:\/\/www.w3.org\/2000\/svg\" viewBox=\"0 0 34 32\"><path fill=\"#527498\" d=\"M34.2 9.3q0.4 1.1-2.7 5.3-0.4 0.6-1.2 1.5-1.4 1.8-1.6 2.3-0.3 0.7 0.3 1.4 0.3 0.4 1.4 1.5h0l0.1 0.1q2.5 2.3 3.4 3.9 0.1 0.1 0.1 0.2t0.1 0.5 0 0.6-0.4 0.5-1.1 0.2l-4.6 0.1q-0.4 0.1-1-0.1t-0.9-0.4l-0.4-0.2q-0.5-0.4-1.2-1.1t-1.2-1.4-1.1-1-1-0.3q-0.1 0-0.1 0.1t-0.3 0.3-0.4 0.5-0.3 0.9-0.1 1.4q0 0.3-0.1 0.5t-0.1 0.3l-0.1 0.1q-0.3 0.3-0.9 0.4h-2.1q-1.3 0.1-2.6-0.3t-2.3-0.9-1.8-1.2-1.3-1l-0.4-0.4q-0.2-0.2-0.5-0.5t-1.3-1.6-1.9-2.7-2.2-3.8-2.3-4.9q-0.1-0.3-0.1-0.5t0.1-0.3l0.1-0.1q0.3-0.3 1-0.3l4.9 0q0.2 0 0.4 0.1t0.3 0.2l0.1 0.1q0.3 0.2 0.4 0.6 0.4 0.9 0.8 1.8t0.7 1.5l0.3 0.5q0.5 1.1 1 1.9t0.9 1.2 0.7 0.7 0.6 0.3 0.5-0.1q0 0 0.1-0.1t0.2-0.4 0.2-0.8 0.2-1.4 0-2.2q0-0.7-0.2-1.3t-0.2-0.8l-0.1-0.2q-0.4-0.6-1.5-0.8-0.2 0 0.1-0.4 0.3-0.3 0.7-0.5 0.9-0.5 4.3-0.4 1.5 0 2.4 0.2 0.4 0.1 0.6 0.2t0.4 0.4 0.2 0.6 0.1 0.8 0 1 0 1.3 0 1.5q0 0.2 0 0.8t0 0.9 0.1 0.7 0.2 0.7 0.4 0.4q0.1 0 0.3 0.1t0.5-0.2 0.7-0.6 0.9-1.2 1.2-1.9q1.1-1.9 1.9-4 0.1-0.2 0.2-0.3t0.2-0.2l0.1-0.1 0.1 0t0.2-0.1 0.4 0l5.1 0q0.7-0.1 1.1 0t0.6 0.3z\"\/><\/svg><\/span><span class=\"shariff-text\">teilen<\/span>&nbsp;<span data-service=\"vk\" style=\"color:#fff\" class=\"shariff-count shariff-hidezero\"><\/span>&nbsp;<\/a><\/li><li class=\"shariff-button twitter\" style=\"background-color:#d3d0d0\"><a href=\"https:\/\/twitter.com\/share?url=https%3A%2F%2Fbulkpartner.net%2Fde%2Fbesten-internationalen-schulen-noerdliche-costa-blanca%2F&text=Die%20besten%20internationalen%20Schulen%20an%20der%20n%C3%B6rdlichen%20Costa%20Blanca&via=bulkpartner\" title=\"Bei X teilen\" aria-label=\"Bei X teilen\" role=\"button\" rel=\"noopener nofollow\" class=\"shariff-link\" style=\"; background-color:#dbdbdb; color:#fff\" target=\"_blank\"><span class=\"shariff-icon\" style=\"\"><svg width=\"32px\" height=\"20px\" xmlns=\"http:\/\/www.w3.org\/2000\/svg\" viewBox=\"0 0 24 24\"><path fill=\"#000\" d=\"M14.258 10.152L23.176 0h-2.113l-7.747 8.813L7.133 0H0l9.352 13.328L0 23.973h2.113l8.176-9.309 6.531 9.309h7.133zm-2.895 3.293l-.949-1.328L2.875 1.56h3.246l6.086 8.523.945 1.328 7.91 11.078h-3.246zm0 0\"\/><\/svg><\/span><span class=\"shariff-text\">teilen<\/span>&nbsp;<\/a><\/li><li class=\"shariff-button linkedin\" style=\"background-color:#d3d0d0\"><a href=\"https:\/\/www.linkedin.com\/sharing\/share-offsite\/?url=https%3A%2F%2Fbulkpartner.net%2Fde%2Fbesten-internationalen-schulen-noerdliche-costa-blanca%2F\" title=\"Bei LinkedIn teilen\" aria-label=\"Bei LinkedIn teilen\" role=\"button\" rel=\"noopener nofollow\" class=\"shariff-link\" style=\"; background-color:#dbdbdb; color:#fff\" target=\"_blank\"><span class=\"shariff-icon\" style=\"\"><svg width=\"32px\" height=\"20px\" xmlns=\"http:\/\/www.w3.org\/2000\/svg\" viewBox=\"0 0 27 32\"><path fill=\"#0077b5\" d=\"M6.2 11.2v17.7h-5.9v-17.7h5.9zM6.6 5.7q0 1.3-0.9 2.2t-2.4 0.9h0q-1.5 0-2.4-0.9t-0.9-2.2 0.9-2.2 2.4-0.9 2.4 0.9 0.9 2.2zM27.4 18.7v10.1h-5.9v-9.5q0-1.9-0.7-2.9t-2.3-1.1q-1.1 0-1.9 0.6t-1.2 1.5q-0.2 0.5-0.2 1.4v9.9h-5.9q0-7.1 0-11.6t0-5.3l0-0.9h5.9v2.6h0q0.4-0.6 0.7-1t1-0.9 1.6-0.8 2-0.3q3 0 4.9 2t1.9 6z\"\/><\/svg><\/span><span class=\"shariff-text\">teilen<\/span>&nbsp;<\/a><\/li><li class=\"shariff-button pinterest\" style=\"background-color:#d3d0d0\"><a href=\"https:\/\/www.pinterest.com\/pin\/create\/link\/?url=https%3A%2F%2Fbulkpartner.net%2Fde%2Fbesten-internationalen-schulen-noerdliche-costa-blanca%2F&media=https%3A%2F%2Fbulkpartner.net%2Fwp-content%2Fuploads%2F2017%2F12%2Fprivate-schools-costa-blanca-north.jpg&description=Die%20besten%20internationalen%20Schulen%20an%20der%20n%C3%B6rdlichen%20Costa%20Blanca\" title=\"Bei Pinterest pinnen\" aria-label=\"Bei Pinterest pinnen\" role=\"button\" rel=\"noopener nofollow\" class=\"shariff-link\" style=\"; background-color:#dbdbdb; color:#fff\" target=\"_blank\"><span class=\"shariff-icon\" style=\"\"><svg width=\"32px\" height=\"20px\" xmlns=\"http:\/\/www.w3.org\/2000\/svg\" viewBox=\"0 0 27 32\"><path fill=\"#cb2027\" d=\"M27.4 16q0 3.7-1.8 6.9t-5 5-6.9 1.9q-2 0-3.9-0.6 1.1-1.7 1.4-2.9 0.2-0.6 1-3.8 0.4 0.7 1.3 1.2t2 0.5q2.1 0 3.8-1.2t2.7-3.4 0.9-4.8q0-2-1.1-3.8t-3.1-2.9-4.5-1.2q-1.9 0-3.5 0.5t-2.8 1.4-2 2-1.2 2.3-0.4 2.4q0 1.9 0.7 3.3t2.1 2q0.5 0.2 0.7-0.4 0-0.1 0.1-0.5t0.2-0.5q0.1-0.4-0.2-0.8-0.9-1.1-0.9-2.7 0-2.7 1.9-4.6t4.9-2q2.7 0 4.2 1.5t1.5 3.8q0 3-1.2 5.2t-3.1 2.1q-1.1 0-1.7-0.8t-0.4-1.9q0.1-0.6 0.5-1.7t0.5-1.8 0.2-1.4q0-0.9-0.5-1.5t-1.4-0.6q-1.1 0-1.9 1t-0.8 2.6q0 1.3 0.4 2.2l-1.8 7.5q-0.3 1.2-0.2 3.2-3.7-1.6-6-5t-2.3-7.6q0-3.7 1.9-6.9t5-5 6.9-1.9 6.9 1.9 5 5 1.8 6.9z\"\/><\/svg><\/span><span class=\"shariff-text\">merken<\/span>&nbsp;<span data-service=\"pinterest\" style=\"color:#fff\" class=\"shariff-count shariff-hidezero\"><\/span>&nbsp;<\/a><\/li><li class=\"shariff-button whatsapp shariff-mobile\" style=\"background-color:#d3d0d0\"><a href=\"https:\/\/api.whatsapp.com\/send?text=https%3A%2F%2Fbulkpartner.net%2Fde%2Fbesten-internationalen-schulen-noerdliche-costa-blanca%2F%20Die%20besten%20internationalen%20Schulen%20an%20der%20n%C3%B6rdlichen%20Costa%20Blanca\" title=\"Bei Whatsapp teilen\" aria-label=\"Bei Whatsapp teilen\" role=\"button\" rel=\"noopener nofollow\" class=\"shariff-link\" style=\"; background-color:#dbdbdb; color:#fff\" target=\"_blank\"><span class=\"shariff-icon\" style=\"\"><svg width=\"32px\" height=\"20px\" xmlns=\"http:\/\/www.w3.org\/2000\/svg\" viewBox=\"0 0 32 32\"><path fill=\"#34af23\" d=\"M17.6 17.4q0.2 0 1.7 0.8t1.6 0.9q0 0.1 0 0.3 0 0.6-0.3 1.4-0.3 0.7-1.3 1.2t-1.8 0.5q-1 0-3.4-1.1-1.7-0.8-3-2.1t-2.6-3.3q-1.3-1.9-1.3-3.5v-0.1q0.1-1.6 1.3-2.8 0.4-0.4 0.9-0.4 0.1 0 0.3 0t0.3 0q0.3 0 0.5 0.1t0.3 0.5q0.1 0.4 0.6 1.6t0.4 1.3q0 0.4-0.6 1t-0.6 0.8q0 0.1 0.1 0.3 0.6 1.3 1.8 2.4 1 0.9 2.7 1.8 0.2 0.1 0.4 0.1 0.3 0 1-0.9t0.9-0.9zM14 26.9q2.3 0 4.3-0.9t3.6-2.4 2.4-3.6 0.9-4.3-0.9-4.3-2.4-3.6-3.6-2.4-4.3-0.9-4.3 0.9-3.6 2.4-2.4 3.6-0.9 4.3q0 3.6 2.1 6.6l-1.4 4.2 4.3-1.4q2.8 1.9 6.2 1.9zM14 2.2q2.7 0 5.2 1.1t4.3 2.9 2.9 4.3 1.1 5.2-1.1 5.2-2.9 4.3-4.3 2.9-5.2 1.1q-3.5 0-6.5-1.7l-7.4 2.4 2.4-7.2q-1.9-3.2-1.9-6.9 0-2.7 1.1-5.2t2.9-4.3 4.3-2.9 5.2-1.1z\"\/><\/svg><\/span><span class=\"shariff-text\">teilen<\/span>&nbsp;<\/a><\/li><li class=\"shariff-button telegram\" style=\"background-color:#d3d0d0\"><a href=\"https:\/\/telegram.me\/share\/url?url=https%3A%2F%2Fbulkpartner.net%2Fde%2Fbesten-internationalen-schulen-noerdliche-costa-blanca%2F&text=Die%20besten%20internationalen%20Schulen%20an%20der%20n%C3%B6rdlichen%20Costa%20Blanca\" title=\"Bei Telegram teilen\" aria-label=\"Bei Telegram teilen\" role=\"button\" rel=\"noopener nofollow\" class=\"shariff-link\" style=\"; background-color:#dbdbdb; color:#fff\" target=\"_blank\"><span class=\"shariff-icon\" style=\"\"><svg width=\"32px\" height=\"20px\" xmlns=\"http:\/\/www.w3.org\/2000\/svg\" viewBox=\"0 0 32 32\"><path fill=\"#0088cc\" d=\"M30.8 6.5l-4.5 21.4c-.3 1.5-1.2 1.9-2.5 1.2L16.9 24l-3.3 3.2c-.4.4-.7.7-1.4.7l.5-7L25.5 9.2c.6-.5-.1-.8-.9-.3l-15.8 10L2 16.7c-1.5-.5-1.5-1.5.3-2.2L28.9 4.3c1.3-.5 2.3.3 1.9 2.2z\"\/><\/svg><\/span><span class=\"shariff-text\">teilen<\/span>&nbsp;<\/a><\/li><li class=\"shariff-button mailto\" style=\"background-color:#d3d0d0\"><a href=\"mailto:?body=https%3A%2F%2Fbulkpartner.net%2Fde%2Fbesten-internationalen-schulen-noerdliche-costa-blanca%2F&subject=Die%20besten%20internationalen%20Schulen%20an%20der%20n%C3%B6rdlichen%20Costa%20Blanca\" title=\"Per E-Mail versenden\" aria-label=\"Per E-Mail versenden\" role=\"button\" rel=\"noopener nofollow\" class=\"shariff-link\" style=\"; background-color:#dbdbdb; color:#fff\"><span class=\"shariff-icon\" style=\"\"><svg width=\"32px\" height=\"20px\" xmlns=\"http:\/\/www.w3.org\/2000\/svg\" viewBox=\"0 0 32 32\"><path fill=\"#999\" d=\"M32 12.7v14.2q0 1.2-0.8 2t-2 0.9h-26.3q-1.2 0-2-0.9t-0.8-2v-14.2q0.8 0.9 1.8 1.6 6.5 4.4 8.9 6.1 1 0.8 1.6 1.2t1.7 0.9 2 0.4h0.1q0.9 0 2-0.4t1.7-0.9 1.6-1.2q3-2.2 8.9-6.1 1-0.7 1.8-1.6zM32 7.4q0 1.4-0.9 2.7t-2.2 2.2q-6.7 4.7-8.4 5.8-0.2 0.1-0.7 0.5t-1 0.7-0.9 0.6-1.1 0.5-0.9 0.2h-0.1q-0.4 0-0.9-0.2t-1.1-0.5-0.9-0.6-1-0.7-0.7-0.5q-1.6-1.1-4.7-3.2t-3.6-2.6q-1.1-0.7-2.1-2t-1-2.5q0-1.4 0.7-2.3t2.1-0.9h26.3q1.2 0 2 0.8t0.9 2z\"\/><\/svg><\/span><span class=\"shariff-text\">E-Mail<\/span>&nbsp;<\/a><\/li><\/ul><\/div><\/div>\n","protected":false},"excerpt":{"rendered":"<p>Wir empfehlen Ihnen die besten internationalen Schulen an der n\u00f6rdlichen Costa Blanca Wenn Sie sich mit schulpflichtigen Kindern an der n\u00f6rdlichen Costa Blanca niederlassen wollen, stellt sich die Frage, welche Schule Sie w\u00e4hlen sollen. Die Entscheidung h\u00e4ngt in erster Linie von der Lebensplanung der Eltern ab: Soll der Umzug an die K\u00fcste dauerhaft sein oder&#8230;<\/p>\n","protected":false},"author":1,"featured_media":11676,"parent":0,"menu_order":0,"comment_status":"closed","ping_status":"closed","template":"","meta":{"footnotes":""},"class_list":["post-11935","page","type-page","status-publish","has-post-thumbnail","hentry"],"_links":{"self":[{"href":"https:\/\/bulkpartner.net\/de\/wp-json\/wp\/v2\/pages\/11935","targetHints":{"allow":["GET"]}}],"collection":[{"href":"https:\/\/bulkpartner.net\/de\/wp-json\/wp\/v2\/pages"}],"about":[{"href":"https:\/\/bulkpartner.net\/de\/wp-json\/wp\/v2\/types\/page"}],"author":[{"embeddable":true,"href":"https:\/\/bulkpartner.net\/de\/wp-json\/wp\/v2\/users\/1"}],"replies":[{"embeddable":true,"href":"https:\/\/bulkpartner.net\/de\/wp-json\/wp\/v2\/comments?post=11935"}],"version-history":[{"count":0,"href":"https:\/\/bulkpartner.net\/de\/wp-json\/wp\/v2\/pages\/11935\/revisions"}],"wp:featuredmedia":[{"embeddable":true,"href":"https:\/\/bulkpartner.net\/de\/wp-json\/wp\/v2\/media\/11676"}],"wp:attachment":[{"href":"https:\/\/bulkpartner.net\/de\/wp-json\/wp\/v2\/media?parent=11935"}],"curies":[{"name":"wp","href":"https:\/\/api.w.org\/{rel}","templated":true}]}}