{"id":13603,"date":"2018-02-07T12:48:17","date_gmt":"2018-02-07T11:48:17","guid":{"rendered":"https:\/\/bulkpartner.net\/?page_id=13603"},"modified":"2023-04-01T17:31:33","modified_gmt":"2023-04-01T15:31:33","slug":"seitenuebersicht","status":"publish","type":"page","link":"https:\/\/bulkpartner.net\/de\/seitenuebersicht\/","title":{"rendered":"Seiten\u00fcbersicht"},"content":{"rendered":"<div class=\"sitemap\">\n<p>Unsere Seiten\u00fcbersicht gibt Ihnen einen \u00dcberblick \u00fcber unsere Inhalte auf unserer Website (Seiten, Blog Beitr\u00e4ge und nat\u00fcrlich unsere Immobilien).<\/p>\n<div class=\"arrow-list\">\n<div class=\"wsp-container\"><h2 class=\"wsp-pages-title\">Seiten<\/h2>\n<ul class=\"wsp-pages-list\">\n<li class=\"page_item page-item-2649\"><a href=\"https:\/\/bulkpartner.net\/de\/costa-blanca-immobilien-suchen\/\">Costa Blanca Immobilien<\/a><\/li>\n<li class=\"page_item page-item-2692\"><a href=\"https:\/\/bulkpartner.net\/de\/besten-immobilien-noerdliche-costa-blanca\/\">Die besten Immobilien an der n\u00f6rdlichen Costa Blanca<\/a><\/li>\n<li class=\"page_item page-item-2722\"><a href=\"https:\/\/bulkpartner.net\/de\/unternehmen\/\">Unser Unternehmen<\/a><\/li>\n<li class=\"page_item page-item-2737\"><a href=\"https:\/\/bulkpartner.net\/de\/kontaktieren\/\">Nehmen Sie Kontakt mit uns auf<\/a><\/li>\n<li class=\"page_item page-item-3437\"><a href=\"https:\/\/bulkpartner.net\/de\/\">Immobilienmakler an der n\u00f6rdlichen Costa Blanca<\/a><\/li>\n<li class=\"page_item page-item-6922\"><a href=\"https:\/\/bulkpartner.net\/de\/immobilie-kaufen-costa-blanca\/\">Eine Immobilie kaufen an der Costa Blanca<\/a><\/li>\n<li class=\"page_item page-item-6936\"><a href=\"https:\/\/bulkpartner.net\/de\/verkaufen-immobilien-costa-blanca\/\">Verkaufen Sie Ihre Immobilie an der Costa Blanca<\/a><\/li>\n<li class=\"page_item page-item-7020\"><a href=\"https:\/\/bulkpartner.net\/de\/vip-service\/\">Unser professioneller VIP-Service<\/a><\/li>\n<li class=\"page_item page-item-11807\"><a href=\"https:\/\/bulkpartner.net\/de\/leben-noerdlichen-costa-blanca\/\">Leben an der n\u00f6rdlichen Costa Blanca<\/a><\/li>\n<li class=\"page_item page-item-11873\"><a href=\"https:\/\/bulkpartner.net\/de\/besten-yachthaefen-yachtclubs-noerdliche-costa-blanca\/\">Die besten Yachth\u00e4fen und Yachtclubs an der n\u00f6rdlichen Costa Blanca<\/a><\/li>\n<li class=\"page_item page-item-11926\"><a href=\"https:\/\/bulkpartner.net\/de\/besten-golfplaetze-golfclubs-noerdliche-costa-blanca\/\">Die besten Golfpl\u00e4tze und Golfclubs an der n\u00f6rdlichen Costa Blanca<\/a><\/li>\n<li class=\"page_item page-item-11935\"><a href=\"https:\/\/bulkpartner.net\/de\/besten-internationalen-schulen-noerdliche-costa-blanca\/\">Die besten internationalen Schulen an der n\u00f6rdlichen Costa Blanca<\/a><\/li>\n<li class=\"page_item page-item-12860 current_page_parent\"><a href=\"https:\/\/bulkpartner.net\/de\/costa-blanca-immobilien-magazin\/\">Costa Blanca Immobilien Magazin<\/a><\/li>\n<li class=\"page_item page-item-12552\"><a href=\"https:\/\/bulkpartner.net\/de\/besten-restaurants-bars-cafes-noerdliche-costa-blanca\/\">Die besten Restaurants, Bars, Caf\u00e9s an der n\u00f6rdlichen Costa Blanca<\/a><\/li>\n<li class=\"page_item page-item-12389\"><a href=\"https:\/\/bulkpartner.net\/de\/besten-hotels-noerdliche-costa-blanca\/\">Die besten Hotels an der n\u00f6rdlichen Costa Blanca<\/a><\/li>\n<\/ul>\n<\/div><br \/>\n<div class=\"wsp-container\"><h2 class=\"wsp-posts-title\">Beitr\u00e4ge nach Kategorie<\/h2>\n<ul class=\"wsp-posts-list\">\n\t<li><strong class=\"wsp-category-title\">Kategorie: <a href=\"https:\/\/bulkpartner.net\/de\/kategorie\/allgemeine-informationen\/\">Allgemein<\/a><\/strong>\n<ul class=\"wsp-posts-list\">\t\t<li class=\"wsp-post\"><a href=\"https:\/\/bulkpartner.net\/de\/was-beim-kauf-einer-immobilie-spanien-beachten\/\">Was ist beim Kauf einer Immobilie in Spanien zu beachten?<\/a><\/li>\n<\/ul><\/li>\n\t<li><strong class=\"wsp-category-title\">Kategorie: <a href=\"https:\/\/bulkpartner.net\/de\/kategorie\/noerdliche-costa-blanca\/\">N\u00f6rdliche Costa Blanca<\/a><\/strong>\n<ul class=\"wsp-posts-list\">\t\t<li class=\"wsp-post\"><a href=\"https:\/\/bulkpartner.net\/de\/moraira-perle-noerdlichen-costa-blanca\/\">Moraira ist die Perle der n\u00f6rdlichen Costa Blanca<\/a><\/li>\n<\/ul><\/li>\n<\/ul>\n<\/div><br \/>\n<div class=\"wsp-container\"><h2 class=\"wsp-propertys-title\">Immobilien<\/h2>\n<ul class=\"wsp-propertys-list\">\n<li><a href=\"https:\/\/bulkpartner.net\/de\/immobilie\/moderne-ibiza-style-villa-moraira-5500002\/\">Moderne Ibiza-Style Villa in Moraira El Portet<\/a><\/li>\n<li><a href=\"https:\/\/bulkpartner.net\/de\/immobilie\/aussergewoehnliche-ibiza-style-villa-moraira-5500001\/\">Aussergew\u00f6hnliche Ibiza-Style Villa in Moraira El Portet<\/a><\/li>\n<li><a href=\"https:\/\/bulkpartner.net\/de\/immobilie\/fantastische-ibiza-style-villa-zweiter-meereslinie-moraira-5500706\/\">Fantastische Ibiza-Style Villa in zweiter Meereslinie in Moraira El Portet<\/a><\/li>\n<li><a href=\"https:\/\/bulkpartner.net\/de\/immobilie\/einzigartige-villa-biza-style-meerblick-moraira-5500705\/\">Einzigartige Villa im Ibiza-Style mit Meerblick in Moraira Portichol\/Club N\u00e1utico<\/a><\/li>\n<li><a href=\"https:\/\/bulkpartner.net\/de\/immobilie\/projekt-ibiza-style-villa-meerblick-moraira-55007004\/\">Projekt f\u00fcr eine Ibiza-Style Villa in Bestlage mit Meerblick in Moraira<\/a><\/li>\n<li><a href=\"https:\/\/bulkpartner.net\/de\/immobilie\/baugrundstueck-herrlichem-meerblick-moraira-5500703\/\">Baugrundst\u00fcck mit herrlichem Meerblick in Moraira El Portet<\/a><\/li>\n<li><a href=\"https:\/\/bulkpartner.net\/de\/immobilie\/design-luxusvilla-meerblick-moraira-5500702\/\">Design-Luxusvilla mit Meerblick in Moraira El Portet<\/a><\/li>\n<li><a href=\"https:\/\/bulkpartner.net\/de\/immobilie\/grosse-luxusvilla-blick-bucht-javea-5500701\/\">Gro\u00dfe Luxusvilla mit Blick auf die Bucht in J\u00e1vea Granadella<\/a><\/li>\n<li><a href=\"https:\/\/bulkpartner.net\/de\/immobilie\/ibiza-style-luxusvilla-moraira-5500700\/\">Ibiza Style Luxusvilla in Moraira El Portet<\/a><\/li>\n<li><a href=\"https:\/\/bulkpartner.net\/de\/immobilie\/moderne-villa-unschlagbarem-meerblick-altea-5500666\/\">Moderne Villa mit unschlagbarem Meerblick in Alt\u00e9a Hills<\/a><\/li>\n<li><a href=\"https:\/\/bulkpartner.net\/de\/immobilie\/exklusive-design-villa-altea-5500699\/\">Exklusive Design Villa in Alt\u00e9a la Vella<\/a><\/li>\n<li><a href=\"https:\/\/bulkpartner.net\/de\/immobilie\/luxurioese-neubau-villa-javea-5500698\/\">Luxuri\u00f6se Neubau Villa in J\u00e1vea Balcon al Mar<\/a><\/li>\n<li><a href=\"https:\/\/bulkpartner.net\/de\/immobilie\/luxusvilla-unglaublichem-meerblick-moraira-5500697\/\">Luxusvilla mit unglaublichem Meerblick in Moraira Benimeit<\/a><\/li>\n<li><a href=\"https:\/\/bulkpartner.net\/de\/immobilie\/moderne-luxusvilla-fantastischem-meerblick-moraira-5500696\/\">Moderne Luxusvilla mit fantastischem Meerblick in Moraira El Portet<\/a><\/li>\n<li><a href=\"https:\/\/bulkpartner.net\/de\/immobilie\/villa-erster-linie-benissa-5500695\/\">Villa in erster Linie in Benissa Les Bassetes<\/a><\/li>\n<li><a href=\"https:\/\/bulkpartner.net\/de\/immobilie\/luxusvilla-erster-meereslinie-privatem-strandzugang-moraira-5500694\/\">Luxusvilla in erster Meereslinie mit privatem Strandzugang in Moraira Cap Blanc<\/a><\/li>\n<li><a href=\"https:\/\/bulkpartner.net\/de\/immobilie\/erste-meereslinie-luxusvilla-javea-5500693\/\">Erste Meereslinie Luxusvilla in J\u00e1vea Granadella<\/a><\/li>\n<li><a href=\"https:\/\/bulkpartner.net\/de\/immobilie\/ibizenkische-luxusvilla-toplage-moraira-5500691\/\">Ibizenkische Luxusvilla in Toplage in Moraira Portichol\/Club N\u00e1utico<\/a><\/li>\n<li><a href=\"https:\/\/bulkpartner.net\/de\/immobilie\/luxusvilla-ibiza-style-hafen-meerblick-moraira-5500690\/\">Luxusvilla im Ibiza-Style mit Hafen\/Meerblick in Moraira Portichol\/Club N\u00e1utico<\/a><\/li>\n<li><a href=\"https:\/\/bulkpartner.net\/de\/immobilie\/hervorragende-luxusvilla-bester-lage-moraira-5500689\/\">Hervorragende Luxusvilla in bester Lage in Moraira El Portet\/Cap d'Or<\/a><\/li>\n<li><a href=\"https:\/\/bulkpartner.net\/de\/immobilie\/ibizenkische-luxusvilla-hafen-meer-blick-moraira-5500688\/\">Ibizenkische Luxusvilla mit Hafen\/Meerblick in Moraira Portichol\/Club N\u00e1utico<\/a><\/li>\n<li><a href=\"https:\/\/bulkpartner.net\/de\/immobilie\/aussergewoehnliche-luxusvilla-ibiza-style-moraira-5500687\/\">Au\u00dfergew\u00f6hnliche Luxusvilla im Ibiza-Style in Moraira El Portet<\/a><\/li>\n<li><a href=\"https:\/\/bulkpartner.net\/de\/immobilie\/exklusives-finca-anwesen-privatsphaere-javea-5500679\/\">Exklusives Finca Anwesen mit Privatsph\u00e4re in J\u00e1vea Cuesta San Antonio\/La Plana<\/a><\/li>\n<li><a href=\"https:\/\/bulkpartner.net\/de\/immobilie\/luxuswohnung-traumhaftem-meerblick-altea-5500686\/\">Luxuswohnung mit traumhaftem Meerblick in Alt\u00e9a la Sierra<\/a><\/li>\n<li><a href=\"https:\/\/bulkpartner.net\/de\/immobilie\/moderne-luxusvilla-moraira-5500684\/\">Moderne Luxusvilla in Moraira Moravit<\/a><\/li>\n<li><a href=\"https:\/\/bulkpartner.net\/de\/immobilie\/moderne-erste-meereslinie-luxusvilla-moraira-5500673\/\">Moderne erste Meereslinie Luxusvilla in Moraira Cala l\u2019Andrag\u00f3<\/a><\/li>\n<li><a href=\"https:\/\/bulkpartner.net\/de\/immobilie\/luxus-immobilie-erster-meeresline-javea-5500672\/\">Luxus Immobilie in erster Meeresline in J\u00e1vea Ambolo<\/a><\/li>\n<li><a href=\"https:\/\/bulkpartner.net\/de\/immobilie\/luxusvilla-schoenem-meerblick-moraira-5500671\/\">Luxusvilla mit sch\u00f6nem Meerblick in Moraira Benimeit<\/a><\/li>\n<li><a href=\"https:\/\/bulkpartner.net\/de\/immobilie\/luxusvilla-perfektem-meerblick-moraira-5500670\/\">Luxusvilla mit perfektem Meerblick in Moraira Benimeit<\/a><\/li>\n<li><a href=\"https:\/\/bulkpartner.net\/de\/immobilie\/luxusvilla-perfektem-meerblick-altea-5500669\/\">Luxusvilla mit perfektem Meerblick in Alt\u00e9a Hills<\/a><\/li>\n<li><a href=\"https:\/\/bulkpartner.net\/de\/immobilie\/neue-luxusvilla-bester-wohnlage-moraira-5500665\/\">Neue Luxusvilla in bester Wohnlage in Moraira Cap Blanc<\/a><\/li>\n<li><a href=\"https:\/\/bulkpartner.net\/de\/immobilie\/neue-minimalistische-villa-meerblick-moraira-5500663\/\">Neue minimalistische Villa mit Meerblick in Moraira El Portet<\/a><\/li>\n<li><a href=\"https:\/\/bulkpartner.net\/de\/immobilie\/wunderbare-villa-aussergewoehnlichem-meerblick-javea-5500662\/\">Wunderbare Villa mit au\u00dfergew\u00f6hnlichem Meerblick in J\u00e1vea Portichol<\/a><\/li>\n<li><a href=\"https:\/\/bulkpartner.net\/de\/immobilie\/luxusvilla-bester-lage-atemberaubendem-meerblick-moraira-5500661\/\">Luxusvilla in bester Lage mit atemberaubendem Meerblick in Moraira Coma de los Frailes<\/a><\/li>\n<li><a href=\"https:\/\/bulkpartner.net\/de\/immobilie\/traumhaftes-anwesen-exponierter-lage-moraira-5500660\/\">Traumhaftes Anwesen in exponierter Lage in Moraira Paichi<\/a><\/li>\n<li><a href=\"https:\/\/bulkpartner.net\/de\/immobilie\/exklusive-luxusvilla-erster-meereslinie-altea-5500659\/\">Exklusive Luxusvilla in erster Meereslinie in Alt\u00e9a Campomanes<\/a><\/li>\n<li><a href=\"https:\/\/bulkpartner.net\/de\/immobilie\/moderne-luxusvilla-moraira-5500658\/\">Moderne Luxusvilla in Moraira El Portet<\/a><\/li>\n<li><a href=\"https:\/\/bulkpartner.net\/de\/immobilie\/neubau-ibiza-style-luxusvilla-moraira-5500011\/\">Neubau Ibiza-Style Luxusvilla in Moraira El Portet<\/a><\/li>\n<li><a href=\"https:\/\/bulkpartner.net\/de\/immobilie\/neubau-luxusvilla-direkt-meer-moraira-5500657\/\">Neubau Luxusvilla direkt am Meer in Moraira El Portet<\/a><\/li>\n<li><a href=\"https:\/\/bulkpartner.net\/de\/immobilie\/neubau-luxusvilla-meerblick-moraira-5500656\/\">Neubau Luxusvilla mit Meerblick in Moraira Portichol\/Club N\u00e1utico<\/a><\/li>\n<li><a href=\"https:\/\/bulkpartner.net\/de\/immobilie\/moderne-design-luxusvilla-benidorm-5500052\/\">Moderne Design Luxusvilla in Benidorm Sierra Dorada<\/a><\/li>\n<li><a href=\"https:\/\/bulkpartner.net\/de\/immobilie\/mediterrane-villa-moraira-5500024\/\">Mediterrane Villa in Moraira Coma de los Frailes<\/a><\/li>\n<li><a href=\"https:\/\/bulkpartner.net\/de\/immobilie\/minimalistische-luxusvilla-erster-line-javea-5500655\/\">Minimalistische Luxusvilla in erster Meeresline in J\u00e1vea Ambolo<\/a><\/li>\n<li><a href=\"https:\/\/bulkpartner.net\/de\/immobilie\/ibiza-style-villa-meerblick-moraira-5500022\/\">Ibiza-Style Villa mit Meerblick in Moraira El Portet<\/a><\/li>\n<li><a href=\"https:\/\/bulkpartner.net\/de\/immobilie\/moderne-villa-meeblick-benissa-5500012\/\">Moderne Villa mit Meerblick in Benissa Fanadix<\/a><\/li>\n<li><a href=\"https:\/\/bulkpartner.net\/de\/immobilie\/steinfinca-garten-meerblick-benissa-5500007\/\">Steinfinca mit Garten und Meerblick in Benissa Canor<\/a><\/li>\n<li><a href=\"https:\/\/bulkpartner.net\/de\/immobilie\/einzigartige-steinfinca-moraira-5500006\/\">Einzigartige Steinfinca in Moraira Sabatera<\/a><\/li>\n<li><a href=\"https:\/\/bulkpartner.net\/de\/immobilie\/elegante-luxusvilla-erster-meeresline-moraira-5500003\/\">Elegante Luxusvilla in erster Meeresline in Moraira Cap Blanc<\/a><\/li>\n<li><a href=\"https:\/\/bulkpartner.net\/de\/immobilie\/luxusvilla-erster-meereslinie-moraira-5500054\/\">Luxusvilla in erster Meereslinie in Moraira Cap Blanc<\/a><\/li>\n<\/ul>\n<\/div><br \/>\n<div class=\"wsp-container\"><h2 class=\"wsp-property-types-title\">Immobilientypen<\/h2>\n<ul class=\"wsp-property-types-list\">\n<li><a href=\"https:\/\/bulkpartner.net\/de\/art\/erste-meereslinie\/\">Erste Meereslinie<\/a><\/li>\n<li><a href=\"https:\/\/bulkpartner.net\/de\/art\/finca-de\/\">Finca<\/a><\/li>\n<li><a href=\"https:\/\/bulkpartner.net\/de\/art\/grundstueck\/\">Grundst\u00fcck<\/a><\/li>\n<li><a href=\"https:\/\/bulkpartner.net\/de\/art\/ibiza-style-de\/\">Ibiza-Style<\/a><\/li>\n<li><a href=\"https:\/\/bulkpartner.net\/de\/art\/luxus\/\">Luxus<\/a><\/li>\n<li><a href=\"https:\/\/bulkpartner.net\/de\/art\/neubau\/\">Neubau<\/a><\/li>\n<li><a href=\"https:\/\/bulkpartner.net\/de\/art\/villa-de\/\">Villa<\/a><\/li>\n<li><a href=\"https:\/\/bulkpartner.net\/de\/art\/wohnung\/\">Wohnung<\/a><\/li>\n<\/ul>\n<\/div><br \/>\n<div class=\"wsp-container\"><h2 class=\"wsp-property-citys-title\">Immobilien Standorte<\/h2>\n<ul class=\"wsp-property-citys-list\">\n<li><a href=\"https:\/\/bulkpartner.net\/de\/ort\/altea-de\/\">Alt\u00e9a<\/a><\/li>\n<li><a href=\"https:\/\/bulkpartner.net\/de\/ort\/altea-hills-de\/\">Alt\u00e9a Hills<\/a><\/li>\n<li><a href=\"https:\/\/bulkpartner.net\/de\/ort\/altea-la-vella-de\/\">Alt\u00e9a la Vella<\/a><\/li>\n<li><a href=\"https:\/\/bulkpartner.net\/de\/ort\/javea-ambolo-de\/\">Ambolo<\/a><\/li>\n<li><a href=\"https:\/\/bulkpartner.net\/de\/ort\/javea-balcon-al-mar-de\/\">Balc\u00f3n al Mar<\/a><\/li>\n<li><a href=\"https:\/\/bulkpartner.net\/de\/ort\/benidorm-de\/\">Benidorm<\/a><\/li>\n<li><a href=\"https:\/\/bulkpartner.net\/de\/ort\/moraira-benimeit-de\/\">Benimeit<\/a><\/li>\n<li><a href=\"https:\/\/bulkpartner.net\/de\/ort\/benissa-de\/\">Benissa<\/a><\/li>\n<li><a href=\"https:\/\/bulkpartner.net\/de\/ort\/moraira-cala-andrago-de\/\">Cala Andrag\u00f3<\/a><\/li>\n<li><a href=\"https:\/\/bulkpartner.net\/de\/ort\/altea-campomanes-de\/\">Campomanes<\/a><\/li>\n<li><a href=\"https:\/\/bulkpartner.net\/de\/ort\/benissa-canor-de\/\">Canor<\/a><\/li>\n<li><a href=\"https:\/\/bulkpartner.net\/de\/ort\/moraira-cap-blanc-de\/\">Cap Blanc<\/a><\/li>\n<li><a href=\"https:\/\/bulkpartner.net\/de\/ort\/moraira-coma-de-los-frailes-de\/\">Coma de los Frailes<\/a><\/li>\n<li><a href=\"https:\/\/bulkpartner.net\/de\/ort\/costa-blanca-de\/\">Costa Blanca<\/a><\/li>\n<li><a href=\"https:\/\/bulkpartner.net\/de\/ort\/javea-cuesta-san-antonio-de\/\">Cuesta San Antonio<\/a><\/li>\n<li><a href=\"https:\/\/bulkpartner.net\/de\/ort\/moraira-el-portet-de\/\">El Portet<\/a><\/li>\n<li><a href=\"https:\/\/bulkpartner.net\/de\/ort\/benissa-fanadix-de\/\">Fanadix<\/a><\/li>\n<li><a href=\"https:\/\/bulkpartner.net\/de\/ort\/javea-granadella-de\/\">Granadella<\/a><\/li>\n<li><a href=\"https:\/\/bulkpartner.net\/de\/ort\/javea-de\/\">J\u00e1vea\/X\u00e0bia<\/a><\/li>\n<li><a href=\"https:\/\/bulkpartner.net\/de\/ort\/moraira-la-sabatera-de\/\">La Sabatera<\/a><\/li>\n<li><a href=\"https:\/\/bulkpartner.net\/de\/ort\/benissa-les-bassetes-de\/\">Les Bassetes<\/a><\/li>\n<li><a href=\"https:\/\/bulkpartner.net\/de\/ort\/moraira-de\/\">Moraira<\/a><\/li>\n<li><a href=\"https:\/\/bulkpartner.net\/de\/ort\/moraira-moravit-de\/\">Moravit<\/a><\/li>\n<li><a href=\"https:\/\/bulkpartner.net\/de\/ort\/moraira-paichi-de\/\">Paichi<\/a><\/li>\n<li><a href=\"https:\/\/bulkpartner.net\/de\/ort\/javea-portichol-de\/\">Portichol (Portixol)<\/a><\/li>\n<li><a href=\"https:\/\/bulkpartner.net\/de\/ort\/moraira-portichol-club-nautico-de\/\">Portichol\/Club N\u00e1utico<\/a><\/li>\n<li><a href=\"https:\/\/bulkpartner.net\/de\/ort\/sierra-de-altea-de\/\">Sierra de Alt\u00e9a<\/a><\/li>\n<li><a href=\"https:\/\/bulkpartner.net\/de\/ort\/benidorm-sierra-dorada-de\/\">Sierra Dorada<\/a><\/li>\n<\/ul>\n<\/div>\n<\/div>\n<\/div>\n","protected":false},"excerpt":{"rendered":"<p>Unsere Seiten\u00fcbersicht gibt Ihnen einen \u00dcberblick \u00fcber unsere Inhalte auf unserer Website (Seiten, Blog Beitr\u00e4ge und nat\u00fcrlich unsere Immobilien).<\/p>\n","protected":false},"author":1,"featured_media":0,"parent":0,"menu_order":0,"comment_status":"closed","ping_status":"closed","template":"","meta":{"footnotes":""},"class_list":["post-13603","page","type-page","status-publish","hentry"],"_links":{"self":[{"href":"https:\/\/bulkpartner.net\/de\/wp-json\/wp\/v2\/pages\/13603","targetHints":{"allow":["GET"]}}],"collection":[{"href":"https:\/\/bulkpartner.net\/de\/wp-json\/wp\/v2\/pages"}],"about":[{"href":"https:\/\/bulkpartner.net\/de\/wp-json\/wp\/v2\/types\/page"}],"author":[{"embeddable":true,"href":"https:\/\/bulkpartner.net\/de\/wp-json\/wp\/v2\/users\/1"}],"replies":[{"embeddable":true,"href":"https:\/\/bulkpartner.net\/de\/wp-json\/wp\/v2\/comments?post=13603"}],"version-history":[{"count":0,"href":"https:\/\/bulkpartner.net\/de\/wp-json\/wp\/v2\/pages\/13603\/revisions"}],"wp:attachment":[{"href":"https:\/\/bulkpartner.net\/de\/wp-json\/wp\/v2\/media?parent=13603"}],"curies":[{"name":"wp","href":"https:\/\/api.w.org\/{rel}","templated":true}]}}