{"id":2722,"date":"2017-04-08T19:29:20","date_gmt":"2017-04-08T17:29:20","guid":{"rendered":"\/?page_id=2722\/"},"modified":"2026-04-23T22:17:35","modified_gmt":"2026-04-23T20:17:35","slug":"immobilienmakler-costa-blanca-nord","status":"publish","type":"page","link":"https:\/\/bulkpartner.net\/de\/immobilienmakler-costa-blanca-nord\/","title":{"rendered":"Immobilienmakler Costa Blanca Nord"},"content":{"rendered":"<h2>Wir verfolgen eine einfache, menschliche und transparente Unternehmensphilosophie<\/h2>\n<p>Bulk &amp; Partner ist ein Immobilienmakler Costa Blanca Nord mit mehr als 25 Jahren Erfahrung im Immobiliensektor und einem kompetenten, mehrsprachigen Team aus Vertriebs- und Rechtsberatern.<\/p>\n<p>Wir begleiten Sie von der ersten Beratung \u00fcber den gesamten Kauf- oder Verkaufsprozess bis hin zum After-Sales-Service.<\/p>\n<p>Wir behandeln Ihre Immobilien, Ihre Ziele und Ihre W\u00fcnsche mit demselben Respekt, als w\u00e4ren es unsere eigenen.<\/p>\n<h2>Vertrauen, Ehrlichkeit und pers\u00f6nliche Betreuung<\/h2>\n<p>Wir nehmen uns Zeit f\u00fcr Sie und h\u00f6ren genau zu, bis wir Ihre Vorstellungen vollst\u00e4ndig verstanden haben. Nur wenn wir wirklich auf einer Linie sind, gehen wir gemeinsam den n\u00e4chsten Schritt.<\/p>\n<p>Unsere Arbeit basiert auf Offenheit, Ehrlichkeit und langfristigen, vertrauensvollen Gesch\u00e4ftsbeziehungen.<\/p>\n<p>Bei so wichtigen Entscheidungen wie dem Kauf oder Verkauf einer Immobilie ist Vertrauen der entscheidende Schl\u00fcssel.<\/p>\n<h2>Unsere Werte<\/h2>\n<p>Wir stehen f\u00fcr Klarheit, Erfahrung und einen menschlichen Ansatz. Offenheit und Ehrlichkeit sind f\u00fcr uns keine Floskeln, sondern die Grundlage unserer t\u00e4glichen Arbeit.<\/p>\n<p>Wir verbinden Herz, Verstand, Mut und Kreativit\u00e4t in allem, was wir tun.<\/p>\n<p>Ihr Vertrauen und Ihre Zufriedenheit sind unser gr\u00f6\u00dftes Kompliment.<\/p>\n<div class=\"languages\">\n  <span class=\"speak-icon\"><\/span><br \/>\n  <span class=\"languages-text\"><br \/>\n    Wir sprechen: Spanisch \/ Englisch \/ Polnisch \/ Deutsch<br \/>\n  <\/span>\n<\/div>\n<div class=\"experience\">\n  <span class=\"experience-icon\"><\/span><br \/>\n  <span class=\"experience-text\"><br \/>\n    Erfahrung: Wohnimmobilien, Anlageimmobilien, Luxusimmobilien, Villen<br \/>\n  <\/span>\n<\/div>\n<div class=\"regions\">\n  <span class=\"regions-icon\"><\/span><br \/>\n  <span class=\"regions-text\"><br \/>\n    Regionen: Moriara: El Portet, Pla del Mar, La Sabatera, Pinar del Advocat, Paichi, Benimeit, Coma de los Frailes, San Jaime, Platgetes, Portichol\/Club N\u00e1utico, L\u00b4Andrag\u00f3, Punta Estrella, Cap Blanc, San Jaime, Pino Verde, Casco Antiguo (Pueblo) \/ Alt\u00e9a: Mascarat, Marina Greenwich, Porto Senso, Galera de las Palmeras, Alt\u00e9a la Vella, Alt\u00e9a Hills, Sierra de Alt\u00e9a, Santa Clara, Partida Rotes, Campomanes, Casco Antiguo (Pueblo) \/ Benissa: Baladrar, Cala Advocat, Canor, Les Bassetes, La Fustera, Fanadix, Pedramala, Rac\u00f3 de Galeno, Montemar, Benimarco, Casco Antiguo (Pueblo) \/ Calpe: Carri\u00f3, La Calalga, Casanova, Ortenbach, Marisol Park, Pla de la Mar, Cometa, Empedrola, Gran Sol, Oltamar, Benicolada, Cuxarret, Tosal, Los Pinos, Enchinent, Urlisa, Canuta Baja, Canuta Alta, Canuta de Ifach, La Vallesa, La Caleta, Maryvilla, Costeres, Ricarlos, Pla Roig, Los Almendros, La Manzanera, Colina del Sol, Carri\u00f3 Alto, Carri\u00f3 Park, Olt\u00e1, Mascarat, Toix, Borumbot, Cosentari, Pinamar, Les Cucarres, La Estaci\u00f3n, Garduix, Gargasindi, Buenavista, Montesol, Playa de la Fossa, Playa Arenal-Bol, Calpe, Casco Antiguo (Pueblo) \/ Benitachell \/ J\u00e1vea\/X\u00e1bia: Cuesta de San Antonio, La Plana, La Corona, Puerto, Aduanas del Mar, El Arenal, Primer Monta\u00f1ar, Segundo Monta\u00f1ar, Cala Blanca, Cala Sardinera, Cala Barraca (Portichol), Cala Ambolo, Cala Granadella, La Granadella, Portichol, Cap Prim, Cap Mart\u00ed, Tosalet, Tosalet III, Tosalet Vell, Costa Nova, Costa Nova Panorama, Balc\u00f3n al Mar, Rafalet, Piver, Adsubia, Pinomar, Villes del Vent, La Lluca, Tarraula, Montg\u00f3, Montg\u00f3 Toscamar, La Plana, Jesus Pobre, Cansalades, Mar Azul, Pueblo Alcasar, Puerta Fenicia, El Garroferal, Partida Benimadrocs, Partida Lluca, Partida Tarraula, Partida Portichol, Casco Antiguo (Pueblo)<br \/>\n  <\/span>\n<\/div>\n<div class=\"links\">\n<h2>Unsere Dienstleistungen:<\/h2>\n<div class=\"arrow-list\">\n<ul>\n<li><a title=\"Immobilien kaufen\" href=\"https:\/\/bulkpartner.net\/de\/immobilie-kaufen-costa-blanca-nord\/\" target=\"_self\" rel=\"noopener noreferrer\">Immobilien kaufen<\/a><\/li>\n<li><a title=\"Immobilien verkaufen\" href=\"https:\/\/bulkpartner.net\/de\/immobilie-verkaufen-costa-blanca-nord\/\" target=\"_self\" rel=\"noopener noreferrer\">Immobilien verkaufen<\/a><\/li>\n<li><a title=\"VIP-Service\" href=\"https:\/\/bulkpartner.net\/de\/vip-immobilienservice-costa-blanca-nord\/\" target=\"_self\" rel=\"noopener noreferrer\">VIP-Service<\/a><\/li>\n<\/ul>\n<\/div>\n<\/div>\n<div class=\"content-footer\">Immobilien sind unsere Leidenschaft.<\/div>\n<div class=\"shariff-pages\"><div class=\"shariff shariff-align-left shariff-widget-align-left shariff-buttonstretch\" data-services=\"facebook%7Cvk%7Cpinterest\" data-url=\"https:\/\/bulkpartner.net\/de\/immobilienmakler-costa-blanca-nord\/\" data-timestamp=\"1776982655\" data-hidezero=\"1\" data-backendurl=\"https:\/\/bulkpartner.net\/de\/wp-json\/shariff\/v1\/share_counts?\"><ul class=\"shariff-buttons theme-grey orientation-horizontal buttonsize-small\"><li class=\"shariff-button facebook\" style=\"background-color:#d3d0d0\"><a href=\"https:\/\/www.facebook.com\/sharer\/sharer.php?u=https%3A%2F%2Fbulkpartner.net%2Fde%2Fimmobilienmakler-costa-blanca-nord%2F\" title=\"Bei Facebook teilen\" aria-label=\"Bei Facebook teilen\" role=\"button\" rel=\"nofollow\" class=\"shariff-link\" style=\"; background-color:#dbdbdb; color:#fff\" target=\"_blank\"><span class=\"shariff-icon\" style=\"\"><svg width=\"32px\" height=\"20px\" xmlns=\"http:\/\/www.w3.org\/2000\/svg\" viewBox=\"0 0 18 32\"><path fill=\"#3b5998\" d=\"M17.1 0.2v4.7h-2.8q-1.5 0-2.1 0.6t-0.5 1.9v3.4h5.2l-0.7 5.3h-4.5v13.6h-5.5v-13.6h-4.5v-5.3h4.5v-3.9q0-3.3 1.9-5.2t5-1.8q2.6 0 4.1 0.2z\"\/><\/svg><\/span><span class=\"shariff-text\">teilen<\/span>&nbsp;<span data-service=\"facebook\" style=\"color:#fff\" class=\"shariff-count shariff-hidezero\"><\/span>&nbsp;<\/a><\/li><li class=\"shariff-button vk\" style=\"background-color:#d3d0d0\"><a href=\"https:\/\/vk.com\/share.php?url=https%3A%2F%2Fbulkpartner.net%2Fde%2Fimmobilienmakler-costa-blanca-nord%2F\" title=\"Bei VK teilen\" aria-label=\"Bei VK teilen\" role=\"button\" rel=\"noopener nofollow\" class=\"shariff-link\" style=\"; background-color:#dbdbdb; color:#fff\" target=\"_blank\"><span class=\"shariff-icon\" style=\"\"><svg width=\"32px\" height=\"20px\" xmlns=\"http:\/\/www.w3.org\/2000\/svg\" viewBox=\"0 0 34 32\"><path fill=\"#527498\" d=\"M34.2 9.3q0.4 1.1-2.7 5.3-0.4 0.6-1.2 1.5-1.4 1.8-1.6 2.3-0.3 0.7 0.3 1.4 0.3 0.4 1.4 1.5h0l0.1 0.1q2.5 2.3 3.4 3.9 0.1 0.1 0.1 0.2t0.1 0.5 0 0.6-0.4 0.5-1.1 0.2l-4.6 0.1q-0.4 0.1-1-0.1t-0.9-0.4l-0.4-0.2q-0.5-0.4-1.2-1.1t-1.2-1.4-1.1-1-1-0.3q-0.1 0-0.1 0.1t-0.3 0.3-0.4 0.5-0.3 0.9-0.1 1.4q0 0.3-0.1 0.5t-0.1 0.3l-0.1 0.1q-0.3 0.3-0.9 0.4h-2.1q-1.3 0.1-2.6-0.3t-2.3-0.9-1.8-1.2-1.3-1l-0.4-0.4q-0.2-0.2-0.5-0.5t-1.3-1.6-1.9-2.7-2.2-3.8-2.3-4.9q-0.1-0.3-0.1-0.5t0.1-0.3l0.1-0.1q0.3-0.3 1-0.3l4.9 0q0.2 0 0.4 0.1t0.3 0.2l0.1 0.1q0.3 0.2 0.4 0.6 0.4 0.9 0.8 1.8t0.7 1.5l0.3 0.5q0.5 1.1 1 1.9t0.9 1.2 0.7 0.7 0.6 0.3 0.5-0.1q0 0 0.1-0.1t0.2-0.4 0.2-0.8 0.2-1.4 0-2.2q0-0.7-0.2-1.3t-0.2-0.8l-0.1-0.2q-0.4-0.6-1.5-0.8-0.2 0 0.1-0.4 0.3-0.3 0.7-0.5 0.9-0.5 4.3-0.4 1.5 0 2.4 0.2 0.4 0.1 0.6 0.2t0.4 0.4 0.2 0.6 0.1 0.8 0 1 0 1.3 0 1.5q0 0.2 0 0.8t0 0.9 0.1 0.7 0.2 0.7 0.4 0.4q0.1 0 0.3 0.1t0.5-0.2 0.7-0.6 0.9-1.2 1.2-1.9q1.1-1.9 1.9-4 0.1-0.2 0.2-0.3t0.2-0.2l0.1-0.1 0.1 0t0.2-0.1 0.4 0l5.1 0q0.7-0.1 1.1 0t0.6 0.3z\"\/><\/svg><\/span><span class=\"shariff-text\">teilen<\/span>&nbsp;<span data-service=\"vk\" style=\"color:#fff\" class=\"shariff-count shariff-hidezero\"><\/span>&nbsp;<\/a><\/li><li class=\"shariff-button twitter\" style=\"background-color:#d3d0d0\"><a href=\"https:\/\/twitter.com\/share?url=https%3A%2F%2Fbulkpartner.net%2Fde%2Fimmobilienmakler-costa-blanca-nord%2F&text=Immobilienmakler%20Costa%20Blanca%20Nord&via=bulkpartner\" title=\"Bei X teilen\" aria-label=\"Bei X teilen\" role=\"button\" rel=\"noopener nofollow\" class=\"shariff-link\" style=\"; background-color:#dbdbdb; color:#fff\" target=\"_blank\"><span class=\"shariff-icon\" style=\"\"><svg width=\"32px\" height=\"20px\" xmlns=\"http:\/\/www.w3.org\/2000\/svg\" viewBox=\"0 0 24 24\"><path fill=\"#000\" d=\"M14.258 10.152L23.176 0h-2.113l-7.747 8.813L7.133 0H0l9.352 13.328L0 23.973h2.113l8.176-9.309 6.531 9.309h7.133zm-2.895 3.293l-.949-1.328L2.875 1.56h3.246l6.086 8.523.945 1.328 7.91 11.078h-3.246zm0 0\"\/><\/svg><\/span><span class=\"shariff-text\">teilen<\/span>&nbsp;<\/a><\/li><li class=\"shariff-button linkedin\" style=\"background-color:#d3d0d0\"><a href=\"https:\/\/www.linkedin.com\/sharing\/share-offsite\/?url=https%3A%2F%2Fbulkpartner.net%2Fde%2Fimmobilienmakler-costa-blanca-nord%2F\" title=\"Bei LinkedIn teilen\" aria-label=\"Bei LinkedIn teilen\" role=\"button\" rel=\"noopener nofollow\" class=\"shariff-link\" style=\"; background-color:#dbdbdb; color:#fff\" target=\"_blank\"><span class=\"shariff-icon\" style=\"\"><svg width=\"32px\" height=\"20px\" xmlns=\"http:\/\/www.w3.org\/2000\/svg\" viewBox=\"0 0 27 32\"><path fill=\"#0077b5\" d=\"M6.2 11.2v17.7h-5.9v-17.7h5.9zM6.6 5.7q0 1.3-0.9 2.2t-2.4 0.9h0q-1.5 0-2.4-0.9t-0.9-2.2 0.9-2.2 2.4-0.9 2.4 0.9 0.9 2.2zM27.4 18.7v10.1h-5.9v-9.5q0-1.9-0.7-2.9t-2.3-1.1q-1.1 0-1.9 0.6t-1.2 1.5q-0.2 0.5-0.2 1.4v9.9h-5.9q0-7.1 0-11.6t0-5.3l0-0.9h5.9v2.6h0q0.4-0.6 0.7-1t1-0.9 1.6-0.8 2-0.3q3 0 4.9 2t1.9 6z\"\/><\/svg><\/span><span class=\"shariff-text\">teilen<\/span>&nbsp;<\/a><\/li><li class=\"shariff-button pinterest\" style=\"background-color:#d3d0d0\"><a href=\"https:\/\/www.pinterest.com\/pin\/create\/link\/?url=https%3A%2F%2Fbulkpartner.net%2Fde%2Fimmobilienmakler-costa-blanca-nord%2F&media=https%3A%2F%2Fbulkpartner.net%2Fwp-content%2Fuploads%2F2017%2F07%2Foffice-bulk-partner-finest-properties-4.jpg&description=Immobilienmakler%20Costa%20Blanca%20Nord\" title=\"Bei Pinterest pinnen\" aria-label=\"Bei Pinterest pinnen\" role=\"button\" rel=\"noopener nofollow\" class=\"shariff-link\" style=\"; background-color:#dbdbdb; color:#fff\" target=\"_blank\"><span class=\"shariff-icon\" style=\"\"><svg width=\"32px\" height=\"20px\" xmlns=\"http:\/\/www.w3.org\/2000\/svg\" viewBox=\"0 0 27 32\"><path fill=\"#cb2027\" d=\"M27.4 16q0 3.7-1.8 6.9t-5 5-6.9 1.9q-2 0-3.9-0.6 1.1-1.7 1.4-2.9 0.2-0.6 1-3.8 0.4 0.7 1.3 1.2t2 0.5q2.1 0 3.8-1.2t2.7-3.4 0.9-4.8q0-2-1.1-3.8t-3.1-2.9-4.5-1.2q-1.9 0-3.5 0.5t-2.8 1.4-2 2-1.2 2.3-0.4 2.4q0 1.9 0.7 3.3t2.1 2q0.5 0.2 0.7-0.4 0-0.1 0.1-0.5t0.2-0.5q0.1-0.4-0.2-0.8-0.9-1.1-0.9-2.7 0-2.7 1.9-4.6t4.9-2q2.7 0 4.2 1.5t1.5 3.8q0 3-1.2 5.2t-3.1 2.1q-1.1 0-1.7-0.8t-0.4-1.9q0.1-0.6 0.5-1.7t0.5-1.8 0.2-1.4q0-0.9-0.5-1.5t-1.4-0.6q-1.1 0-1.9 1t-0.8 2.6q0 1.3 0.4 2.2l-1.8 7.5q-0.3 1.2-0.2 3.2-3.7-1.6-6-5t-2.3-7.6q0-3.7 1.9-6.9t5-5 6.9-1.9 6.9 1.9 5 5 1.8 6.9z\"\/><\/svg><\/span><span class=\"shariff-text\">merken<\/span>&nbsp;<span data-service=\"pinterest\" style=\"color:#fff\" class=\"shariff-count shariff-hidezero\"><\/span>&nbsp;<\/a><\/li><li class=\"shariff-button whatsapp shariff-mobile\" style=\"background-color:#d3d0d0\"><a href=\"https:\/\/api.whatsapp.com\/send?text=https%3A%2F%2Fbulkpartner.net%2Fde%2Fimmobilienmakler-costa-blanca-nord%2F%20Immobilienmakler%20Costa%20Blanca%20Nord\" title=\"Bei Whatsapp teilen\" aria-label=\"Bei Whatsapp teilen\" role=\"button\" rel=\"noopener nofollow\" class=\"shariff-link\" style=\"; background-color:#dbdbdb; color:#fff\" target=\"_blank\"><span class=\"shariff-icon\" style=\"\"><svg width=\"32px\" height=\"20px\" xmlns=\"http:\/\/www.w3.org\/2000\/svg\" viewBox=\"0 0 32 32\"><path fill=\"#34af23\" d=\"M17.6 17.4q0.2 0 1.7 0.8t1.6 0.9q0 0.1 0 0.3 0 0.6-0.3 1.4-0.3 0.7-1.3 1.2t-1.8 0.5q-1 0-3.4-1.1-1.7-0.8-3-2.1t-2.6-3.3q-1.3-1.9-1.3-3.5v-0.1q0.1-1.6 1.3-2.8 0.4-0.4 0.9-0.4 0.1 0 0.3 0t0.3 0q0.3 0 0.5 0.1t0.3 0.5q0.1 0.4 0.6 1.6t0.4 1.3q0 0.4-0.6 1t-0.6 0.8q0 0.1 0.1 0.3 0.6 1.3 1.8 2.4 1 0.9 2.7 1.8 0.2 0.1 0.4 0.1 0.3 0 1-0.9t0.9-0.9zM14 26.9q2.3 0 4.3-0.9t3.6-2.4 2.4-3.6 0.9-4.3-0.9-4.3-2.4-3.6-3.6-2.4-4.3-0.9-4.3 0.9-3.6 2.4-2.4 3.6-0.9 4.3q0 3.6 2.1 6.6l-1.4 4.2 4.3-1.4q2.8 1.9 6.2 1.9zM14 2.2q2.7 0 5.2 1.1t4.3 2.9 2.9 4.3 1.1 5.2-1.1 5.2-2.9 4.3-4.3 2.9-5.2 1.1q-3.5 0-6.5-1.7l-7.4 2.4 2.4-7.2q-1.9-3.2-1.9-6.9 0-2.7 1.1-5.2t2.9-4.3 4.3-2.9 5.2-1.1z\"\/><\/svg><\/span><span class=\"shariff-text\">teilen<\/span>&nbsp;<\/a><\/li><li class=\"shariff-button telegram\" style=\"background-color:#d3d0d0\"><a href=\"https:\/\/telegram.me\/share\/url?url=https%3A%2F%2Fbulkpartner.net%2Fde%2Fimmobilienmakler-costa-blanca-nord%2F&text=Immobilienmakler%20Costa%20Blanca%20Nord\" title=\"Bei Telegram teilen\" aria-label=\"Bei Telegram teilen\" role=\"button\" rel=\"noopener nofollow\" class=\"shariff-link\" style=\"; background-color:#dbdbdb; color:#fff\" target=\"_blank\"><span class=\"shariff-icon\" style=\"\"><svg width=\"32px\" height=\"20px\" xmlns=\"http:\/\/www.w3.org\/2000\/svg\" viewBox=\"0 0 32 32\"><path fill=\"#0088cc\" d=\"M30.8 6.5l-4.5 21.4c-.3 1.5-1.2 1.9-2.5 1.2L16.9 24l-3.3 3.2c-.4.4-.7.7-1.4.7l.5-7L25.5 9.2c.6-.5-.1-.8-.9-.3l-15.8 10L2 16.7c-1.5-.5-1.5-1.5.3-2.2L28.9 4.3c1.3-.5 2.3.3 1.9 2.2z\"\/><\/svg><\/span><span class=\"shariff-text\">teilen<\/span>&nbsp;<\/a><\/li><li class=\"shariff-button mailto\" style=\"background-color:#d3d0d0\"><a href=\"mailto:?body=https%3A%2F%2Fbulkpartner.net%2Fde%2Fimmobilienmakler-costa-blanca-nord%2F&subject=Immobilienmakler%20Costa%20Blanca%20Nord\" title=\"Per E-Mail versenden\" aria-label=\"Per E-Mail versenden\" role=\"button\" rel=\"noopener nofollow\" class=\"shariff-link\" style=\"; background-color:#dbdbdb; color:#fff\"><span class=\"shariff-icon\" style=\"\"><svg width=\"32px\" height=\"20px\" xmlns=\"http:\/\/www.w3.org\/2000\/svg\" viewBox=\"0 0 32 32\"><path fill=\"#999\" d=\"M32 12.7v14.2q0 1.2-0.8 2t-2 0.9h-26.3q-1.2 0-2-0.9t-0.8-2v-14.2q0.8 0.9 1.8 1.6 6.5 4.4 8.9 6.1 1 0.8 1.6 1.2t1.7 0.9 2 0.4h0.1q0.9 0 2-0.4t1.7-0.9 1.6-1.2q3-2.2 8.9-6.1 1-0.7 1.8-1.6zM32 7.4q0 1.4-0.9 2.7t-2.2 2.2q-6.7 4.7-8.4 5.8-0.2 0.1-0.7 0.5t-1 0.7-0.9 0.6-1.1 0.5-0.9 0.2h-0.1q-0.4 0-0.9-0.2t-1.1-0.5-0.9-0.6-1-0.7-0.7-0.5q-1.6-1.1-4.7-3.2t-3.6-2.6q-1.1-0.7-2.1-2t-1-2.5q0-1.4 0.7-2.3t2.1-0.9h26.3q1.2 0 2 0.8t0.9 2z\"\/><\/svg><\/span><span class=\"shariff-text\">E-Mail<\/span>&nbsp;<\/a><\/li><\/ul><\/div><\/div>\n","protected":false},"excerpt":{"rendered":"<p>Wir verfolgen eine einfache, menschliche und transparente Unternehmensphilosophie Bulk &amp; Partner ist ein Immobilienmakler Costa Blanca Nord mit mehr als 25 Jahren Erfahrung im Immobiliensektor und einem kompetenten, mehrsprachigen Team aus Vertriebs- und Rechtsberatern. Wir begleiten Sie von der ersten Beratung \u00fcber den gesamten Kauf- oder Verkaufsprozess bis hin zum After-Sales-Service. Wir behandeln Ihre Immobilien,&#8230;<\/p>\n","protected":false},"author":1,"featured_media":9314,"parent":0,"menu_order":0,"comment_status":"closed","ping_status":"closed","template":"","meta":{"_acf_changed":false,"footnotes":""},"class_list":["post-2722","page","type-page","status-publish","has-post-thumbnail","hentry"],"acf":[],"_links":{"self":[{"href":"https:\/\/bulkpartner.net\/de\/wp-json\/wp\/v2\/pages\/2722","targetHints":{"allow":["GET"]}}],"collection":[{"href":"https:\/\/bulkpartner.net\/de\/wp-json\/wp\/v2\/pages"}],"about":[{"href":"https:\/\/bulkpartner.net\/de\/wp-json\/wp\/v2\/types\/page"}],"author":[{"embeddable":true,"href":"https:\/\/bulkpartner.net\/de\/wp-json\/wp\/v2\/users\/1"}],"replies":[{"embeddable":true,"href":"https:\/\/bulkpartner.net\/de\/wp-json\/wp\/v2\/comments?post=2722"}],"version-history":[{"count":0,"href":"https:\/\/bulkpartner.net\/de\/wp-json\/wp\/v2\/pages\/2722\/revisions"}],"wp:featuredmedia":[{"embeddable":true,"href":"https:\/\/bulkpartner.net\/de\/wp-json\/wp\/v2\/media\/9314"}],"wp:attachment":[{"href":"https:\/\/bulkpartner.net\/de\/wp-json\/wp\/v2\/media?parent=2722"}],"curies":[{"name":"wp","href":"https:\/\/api.w.org\/{rel}","templated":true}]}}