{"id":2876,"date":"2017-04-16T21:53:02","date_gmt":"2017-04-16T19:53:02","guid":{"rendered":"\/?page_id=2876\/"},"modified":"2025-11-24T12:33:48","modified_gmt":"2025-11-24T11:33:48","slug":"rechtlicher-hinweis","status":"publish","type":"page","link":"https:\/\/bulkpartner.net\/de\/rechtlicher-hinweis\/","title":{"rendered":"Rechtlicher Hinweis"},"content":{"rendered":"<h2>Nutzungsbedingungen<\/h2>\n<p>Bei Zugriff auf bulkpartner.net (im folgenden als Website bezeichnet) werden Sie als Nutzer angesehen und willigen ab diesem Zugriff und\/oder der Nutzung uneingeschr\u00e4nkt in die aktuellste Fassung des vorliegenden rechtlichen Hinweises und der Datenschutzbedingungen ein. Aus diesem Grund empfehlen wir Ihnen, diese Dokumente durchzulesen, bevor Sie die auf dieser Website angebotenen Funktionen nutzen. Au\u00dferdem sollten Sie diese jedes Mal lesen, wenn Sie auf die Website zugreifen, da wir uns das Recht vorbehalten, jederzeit einen Teil der Bedingungen zu \u00e4ndern, hinzuzuf\u00fcgen oder zu entfernen.<\/p>\n<p>Neben der Adresse des Gesellschaftssitzes stehen den Nutzern folgende Kan\u00e4le zur Verf\u00fcgung, \u00fcber die sie ihre Anfragen, Fragen oder Forderungen an das Unternehmen richten k\u00f6nnen:<\/p>\n<p>Realestates Costablanca &#8211; MMM-Team S.L.U.<br \/>\nCalle Badajoz, 21, E-03724 Moraira (Alicante, Spain)<br \/>\nNIF\/CIF: B53507109<br \/>\nRAICV-Registrierungsnummer 1552<br \/>\nTelefon: +34 606 251 329<br \/>\nE-Mail: <a href=\"mailto:info@bulkpartner.net\">info@bulkpartner.net<\/a><\/p>\n<h3>Verbraucherinformationen zur alternativen Streitschlichtung<\/h3>\n<p>(Art 14 (1) ODR-VO und \u00a7 36 VSBG) Die Internetplattform der Europ\u00e4ischen Union zur Online-Streitbeilegung (sog. \u201eOS-Plattform\u201c) f\u00fcr Verbraucher ist unter dem folgendem Link erreichbar: <a href=\"https:\/\/ec.europa.eu\/consumers\/odr\" rel=\"nofollow noopener\" target=\"_blank\">https:\/\/ec.europa.eu\/consumers\/odr<\/a>.<\/p>\n<p>Wir nehmen nicht an Streitbeilegungsverfahren vor einer Verbraucherschlichtungsstelle teil.<\/p>\n<h3>1. Einf\u00fchrung<\/h3>\n<p>Realestates Costablanca &#8211; MMM-Team bietet auf seiner Website Informationen \u00fcber Immobilien. Wenn Sie auf diese Website zugreifen und diese nutzen, verpflichten Sie sich, die nachstehend aufgef\u00fchrten Nutzungsbedingungen einzuhalten. Aus diesem Grund empfehlen wir Ihnen, diesen Abschnitt sorgf\u00e4ltig durchzulesen, bevor Sie mit der Navigation beginnen.<\/p>\n<p>Der blo\u00dfe Zugriff auf die Website f\u00fchrt auf keinen Fall zum Aufbau einer kommerziellen Beziehung zwischen dem Nutzer und uns.<\/p>\n<h3>2. Pflichten der Nutzer<\/h3>\n<p>Der Nutzer verpflichtet sich, diese Website auf rechtm\u00e4\u00dfige Art und Weise, in \u00dcbereinstimmung mit den vorliegenden Bedingungen und so zu nutzen, dass keine Sch\u00e4den an Rechten oder Interessen von Realestates Costablanca &#8211; MMM-Team oder von Dritten verursacht werden. Der Nutzer verpflichtet sich unter anderem zu Folgendem:<\/p>\n<div class=\"arrow-list\">\n<ul>\n<li>keine Handlungen vorzunehmen, die illegal sind oder gegen die \u00f6ffentliche Ordnung oder Treu und Glauben versto\u00dfen.<\/li>\n<li>auf keine Konten anderer Nutzer zuzugreifen, diese zu \u00e4ndern, zu manipulieren oder zu benutzen.<\/li>\n<li>die auf der Website ver\u00f6ffentlichten Daten nicht zum Versand von unerbetenen Nachrichten (Spam) zu nutzen.<\/li>\n<li>in die Website keine falschen, irref\u00fchrenden, zweideutigen oder ungenauen Informationen oder Inhalte einzubringen oder zu verbreiten, welche die Empf\u00e4nger der Information zu einem Irrtum verleiten, und auch keine rassistischem, fremdenfeindlichen oder pornografischen Inhalte bzw. Inhalte zu verbreiten, die zum Terrorismus auffordern oder gegen die Menschenrechte oder die Rechte Minderj\u00e4hriger versto\u00dfen.<\/li>\n<li>keine Handlungen auszuf\u00fchren, die eine Verletzung der Urheberrechte von Realestates Costablanca &#8211; MMM-Team oder Dritten darstellen bzw. mit sich bringen.<\/li>\n<li>keine Sch\u00e4den an den physischen oder logischen Systemen von Realestates Costablanca &#8211; MMM-Team seinen Lieferanten oder Dritten zu verursachen.<\/li>\n<li>keine Computerviren in das Internet einzuf\u00fchren oder zu verbreiten oder sonstige physische oder logische Systeme zu verwenden, welche die zuvor genannten Sch\u00e4den verursachen k\u00f6nnten.<\/li>\n<li>keine Schutzvorrichtungen oder Sicherheitssysteme, die auf dieser Website installiert sind, zu entfernen, zu ver\u00e4ndern, zu umgehen oder zu manipulieren.<\/li>\n<\/ul>\n<\/div>\n<h3>3. Haftungsausschluss<\/h3>\n<p>Diese Website wird in ihrem jeweiligen Zustand zur Verf\u00fcgung gestellt, und ihre Nutzung durch die Nutzer erfolgt in deren eigener Verantwortung. Daher haften weder Realestates Costablanca &#8211; MMM-Team noch ihre Verwalter, Mitarbeiter, Lieferanten oder Partner f\u00fcr direkte oder indirekte Sch\u00e4den jeglicher Art, die sich aus der Nutzung der Website ergeben. Realestates Costablanca &#8211; MMM-Team schlie\u00dft ausdr\u00fccklich, sofern dies gesetzlich zul\u00e4ssig ist, jegliche ausdr\u00fcckliche oder stillschweigende Haftung aus.<\/p>\n<p>Realestates Costablanca &#8211; MMM-Team garantiert nicht, dass die Website verf\u00fcgbar und zug\u00e4nglich ist, nimmt jedoch alle in dieser Hinsicht angemessenen Anstrengungen vor. Zeitweilig kann es zu Unterbrechungen kommen, die so lange andauern, wie es f\u00fcr die Ausf\u00fchrung der entsprechenden Wartungsarbeiten erforderlich ist.<\/p>\n<p>Realestates Costablanca &#8211; MMM-Team haftet nicht f\u00fcr eventuelle Sch\u00e4den, die sich aus St\u00f6rungen, Unterbrechungen, Computerviren, Telefonst\u00f6rungen oder Telefonunterbrechungen aus nicht unter der Kontrolle des Unternehmens stehenden Gr\u00fcnden, aus Verz\u00f6gerungen oder Blockierungen dieses elektronischen Systems infolge M\u00e4ngeln oder \u00dcberlastungen im Datenverarbeitungssystem, der Telefonleitungen, im Internetsystem oder anderen elektronischen Systemen sowie aus sonstigen Ver\u00e4nderungen der Software oder Hardware der Nutzer ergeben. Ebenso wenig garantiert das Unternehmen, dass keine Viren, Malware, Trojaner oder sonstigen Elemente vorliegen, die zu Ver\u00e4nderungen im Computersystem oder den Dokumenten oder Dateien des Nutzers f\u00fchren, und schlie\u00dft jegliche Haftung f\u00fcr Sch\u00e4den jeglicher Art, die beim Nutzer aus diesem Grund verursacht werden, aus. Realestates Costablanca &#8211; MMM-Team haftet nicht f\u00fcr Sch\u00e4den, die Dritten durch unberechtigte Zugriffe entstehen, die au\u00dferhalb ihres Einflussbereiches liegen.<\/p>\n<p>Au\u00dferdem wird die Haftung ausgeschlossen f\u00fcr Sch\u00e4den, die infolge der Nutzung oder des Missbrauchs von Inhalten dieser Website entstehen, sowie f\u00fcr die Folgen, die sich aus Fehlern, M\u00e4ngeln oder Unterlassungen in den Inhalten ergeben, welche auf dieser Website erscheinen und von den Nutzern oder Dritten zur Verf\u00fcgung gestellt wurden. Obwohl die Anzeigen und sonstigen Elemente, die in dieser Website ver\u00f6ffentlicht werden, auf Informationen beruhen, die wir f\u00fcr vertrauensw\u00fcrdig halten, garantieren wir nicht die Richtigkeit, Aktualit\u00e4t oder Vollst\u00e4ndigkeit der Website. Daher haftet Realestates Costablanca &#8211; MMM-Team auch nicht f\u00fcr die Unrichtigkeit, die Unvollst\u00e4ndigkeit, eine mangelnde Aktualisierung und\/oder eine Ungenauigkeit der Eigenschaften, des Preises oder sonstiger wichtiger Angaben \u00fcber die auf der Website angebotenen Immobilien.<\/p>\n<p>Realestates Costablanca &#8211; MMM-Team haftet nicht f\u00fcr Leistungen, die nicht direkt von ihr erbracht werden.<\/p>\n<h3>4. Externe Links<\/h3>\n<p>Realestates Costablanca &#8211; MMM-Team haftet auf keinen Fall f\u00fcr die Inhalte von zu einer fremden Website geh\u00f6renden Links und sichert auch nicht die technische Verf\u00fcgbarkeit, Qualit\u00e4t, Zuverl\u00e4ssigkeit, Genauigkeit, Vollst\u00e4ndigkeit, Richtigkeit, G\u00fcltigkeit und Rechtm\u00e4\u00dfigkeit der Materialien oder Informationen zu, die auf diesen Links oder anderen Internetseiten enthalten sind. Die Aufnahme dieser externen Links bedeutet nicht die Verbindung, Fusion mit oder Teilhaberschaft an den verbundenen Unternehmen.<\/p>\n<h3>5. Passw\u00f6rter<\/h3>\n<p>Die Passw\u00f6rter f\u00fcr den Zugriff auf die Konten der registrierten Nutzer sind pers\u00f6nlich, vertraulich und un\u00fcbertragbar. Die registrierten Nutzer sind allein verantwortlich daf\u00fcr, dass ihre Zugriffsdaten vertraulich gehalten werden, und haften allein f\u00fcr alle Folgen der \u00fcber das Konto ausgef\u00fchrten Aktivit\u00e4ten. Die Nutzer verpflichten sich, Realestates Costablanca &#8211; MMM-Team umgehend \u00fcber jeden Angriff auf die Sicherheit ihres Kontos zu informieren.<\/p>\n<h3>6. Zugriffsverweigerung und L\u00f6schung von Konten<\/h3>\n<p>Realestates Costablanca &#8211; MMM-Team beh\u00e4lt sich das Recht vor, den Zugang zur Website zu verweigern oder Konten zu blockieren bzw. zu l\u00f6schen, falls die Nutzer gegen die vorliegenden Nutzungsbedingungen versto\u00dfen, falls unvorhergesehene technische oder sicherheitsrelevante Probleme auftreten, falls das Konto f\u00fcr einen l\u00e4ngeren Zeitraum inaktiv bleibt oder zur Erf\u00fcllung einer polizeilichen, gerichtlichen oder verwaltungsrechtlichen Anforderung und\/oder Anweisung.<\/p>\n<p>Diese L\u00f6schung oder Aussetzung erfolgt im ausschlie\u00dflichen Ermessen von Realestates Costablanca &#8211; MMM-Team und gibt keinen Anspruch auf Entsch\u00e4digung.<\/p>\n<h3>7. Verarbeitung der personenbezogenen Daten<\/h3>\n<p>Die Nutzer willigen in die Verarbeitung ihrer personenbezogenen Daten in dem Umfang und zu den Bedingungen ein, die in unseren Datenschutzrichtlinien angegeben werden und auf der Homepage unserer Website eingesehen werden k\u00f6nnen. Die Datenschutzrichtlinien werden au\u00dferdem durch Bezugnahme in diese Nutzungsbedingungen aufgenommen. In den Datenschutzrichtlinien finden die Nutzer Informationen \u00fcber die M\u00f6glichkeiten zur Aus\u00fcbung ihrer Rechte auf Zugriff, L\u00f6schung und Richtigstellung ihrer personenbezogenen Daten sowie auf Widerspruch gegen die Verarbeitung.<\/p>\n<h3>8. Geistiges Eigentum und Urheberrecht<\/h3>\n<p>Unbeschadet der Inhalte, deren Urheberrechte Dritten zustehen, stehen das geistige Eigentum an der Website, der Domain-Name, der Quellcode, das Design und die Navigationsstruktur sowie die in ihr enthaltenen Elemente (wie u.a. Bilder, Ton, Audio, Video, Software oder Texte, Farbkombinationen, Struktur und Design etc.) im Eigentum von Realestates Costablanca &#8211; MMM-Team. Nur Realestates Costablanca &#8211; MMM-Team verf\u00fcgt \u00fcber die Nutzungsrechte jeglicher Art und insbesondere \u00fcber die Rechte der Vervielf\u00e4ltigung, Verbreitung, \u00f6ffentlichen Kommunikation und Umwandlung in \u00dcbereinstimmung mit dem g\u00fcltigen Urheberrechtsgesetz (Ley de Propiedad Intelectual). Die Vervielf\u00e4ltigung, Verbreitung, \u00f6ffentliche Mitteilung und \u00dcberlassung s\u00e4mtlicher oder eines Teil der Inhalte dieser Website auf jeglichem Datentr\u00e4ger oder mit jeglichem technischen Medium sind ausdr\u00fccklich untersagt, sofern nicht die Genehmigung von Realestates Costablanca &#8211; MMM-Team oder gegebenenfalls der Dritten vorliegt, welche die Urheberrechte oder geistigen Eigentumsrechte an den betroffenen Inhalten besitzen. Dessen ungeachtet kann der Nutzer der Website die Elemente dieser Website anzeigen und sogar drucken, kopieren und auf der Festplatte seines Computers oder auf jedem sonstigen physischen Datentr\u00e4ger speichern, sofern dies allein zum pers\u00f6nlichen und privaten Gebrauch geschieht. Einrichtungen oder Personen, die mit der entsprechenden Zustimmung des Inhabers dieser Website einen Link zu der Website erstellen m\u00f6chten, m\u00fcssen sicherstellen, dass dies nur den Zugriff auf die Website oder ihren Service erm\u00f6glicht, nicht jedoch eine Wiedergabe ihrer Inhalte oder Serviceleistungen darstellt.<\/p>\n<h3>9. Nichtigkeit der Klauseln<\/h3>\n<p>Sollte eine Klausel aus den vorliegenden Bedingungen f\u00fcr nichtig erkl\u00e4rt werden, so betrifft dies nur die entsprechende Klausel bzw. den Teil, der f\u00fcr nichtig erkl\u00e4rt wurde. Die sonstigen Bedingungen bleiben weiterhin in Kraft, und die betroffene Klausel oder ihr Teil werden als nicht existent angesehen.<\/p>\n<h3>10. Zustimmung<\/h3>\n<p>Mit dem Zugriff auf die Website und ihrer Nutzung stimmen Sie ausdr\u00fccklich den vorliegenden Nutzungsbedingungen zu.<\/p>\n<h3>11. Gerichtsstand und anwendbare Gesetzgebung<\/h3>\n<p>Die vorliegende Website richtet sich nach den spanischen Gesetzen und das Kollisionsrecht ist ausdr\u00fccklich ausgeschlossen. Unbeschadet der Rechte, die den Verbrauchern in Bezug auf die richterliche Zust\u00e4ndigkeit durch die Verordnung 1\/2007 vom 16. November zuerkannt werden, gilt f\u00fcr jeden Streitfall, der sich aus der Nutzung der Website oder den damit zusammenh\u00e4ngenden Dienstleistungen ergibt, der Gerichtsstand des Gesellschaftssitzes von Realestates Costablanca &#8211; MMM-Team. Die Nutzer verzichten hiermit ausdr\u00fccklich auf einen ihnen eventuell zustehenden eigenen Gerichtsstand.<\/p>\n","protected":false},"excerpt":{"rendered":"<p>Nutzungsbedingungen Bei Zugriff auf bulkpartner.net (im folgenden als Website bezeichnet) werden Sie als Nutzer angesehen und willigen ab diesem Zugriff und\/oder der Nutzung uneingeschr\u00e4nkt in die aktuellste Fassung des vorliegenden rechtlichen Hinweises und der Datenschutzbedingungen ein. Aus diesem Grund empfehlen wir Ihnen, diese Dokumente durchzulesen, bevor Sie die auf dieser Website angebotenen Funktionen nutzen. Au\u00dferdem&#8230;<\/p>\n","protected":false},"author":1,"featured_media":0,"parent":0,"menu_order":0,"comment_status":"closed","ping_status":"closed","template":"","meta":{"footnotes":""},"class_list":["post-2876","page","type-page","status-publish","hentry"],"_links":{"self":[{"href":"https:\/\/bulkpartner.net\/de\/wp-json\/wp\/v2\/pages\/2876","targetHints":{"allow":["GET"]}}],"collection":[{"href":"https:\/\/bulkpartner.net\/de\/wp-json\/wp\/v2\/pages"}],"about":[{"href":"https:\/\/bulkpartner.net\/de\/wp-json\/wp\/v2\/types\/page"}],"author":[{"embeddable":true,"href":"https:\/\/bulkpartner.net\/de\/wp-json\/wp\/v2\/users\/1"}],"replies":[{"embeddable":true,"href":"https:\/\/bulkpartner.net\/de\/wp-json\/wp\/v2\/comments?post=2876"}],"version-history":[{"count":0,"href":"https:\/\/bulkpartner.net\/de\/wp-json\/wp\/v2\/pages\/2876\/revisions"}],"wp:attachment":[{"href":"https:\/\/bulkpartner.net\/de\/wp-json\/wp\/v2\/media?parent=2876"}],"curies":[{"name":"wp","href":"https:\/\/api.w.org\/{rel}","templated":true}]}}