{"id":11929,"date":"2017-12-25T19:01:37","date_gmt":"2017-12-25T18:01:37","guid":{"rendered":"https:\/\/bulkpartner.net\/?page_id=11929"},"modified":"2025-02-13T22:50:08","modified_gmt":"2025-02-13T21:50:08","slug":"mejores-campos-golf-clubs-costa-blanca-norte","status":"publish","type":"page","link":"https:\/\/bulkpartner.net\/es\/mejores-campos-golf-clubs-costa-blanca-norte\/","title":{"rendered":"Los mejores campos de golf y clubs de golf en la Costa Blanca Norte"},"content":{"rendered":"<h2>Le presentamos los mejores campos de golf y clubs de golf en la Costa Blanca Norte<\/h2>\n<p>La Costa Blanca Norte es una hermosa regi\u00f3n con 11 campos y clubes de golf que ofrecen impresionantes vistas y desafiantes recorridos.<\/p>\n<p>Si est\u00e1 interesado en jugar al golf en esta zona, tiene varias opciones a su disposici\u00f3n. <\/p>\n<p>Aqu\u00ed est\u00e1n los mejores campos de golf de la Costa Blanca Norte.<\/p>\n<div class=\"links\">\n<div class=\"arrow-list\">\n<h2>Los mejores campos de golf y clubs de golf<\/h2>\n<ul>\n<li><a href=\"#alicante\" title=\"Los mejores campos de golf y clubs de golf en Alicante\">en Alicante<\/a><\/li>\n<li><a href=\"#benidorm\" title=\"Los mejores campos de golf y clubs de golf en Benidorm\">en Benidorm<\/a><\/li>\n<li><a href=\"#altea\" title=\"Los mejores campos de golf y clubs de golf en Alt\u00e9a\">en Alt\u00e9a <\/a><\/li>\n<li><a href=\"#benissa-moraira\" title=\"Los mejores campos de golf y clubs de golf en Benissa\/Moraira\">en Benissa\/Moraira<\/a><\/li>\n<li><a href=\"#javea\" title=\"Los mejores campos de golf y clubs de golf en J\u00e1vea (X\u00e0bia)\">en J\u00e1vea (X\u00e0bia)<\/a><\/li>\n<li><a href=\"#jesus-pobre-denia\" title=\"Los mejores campos de golf y clubs de golf en Jes\u00fas Pobre\/D\u00e9nia\">en Jes\u00fas Pobre\/D\u00e9nia<\/a><\/li>\n<li><a href=\"#oliva\" title=\"Los mejores campos de golf y clubs de golf en Oliva\">en Oliva<\/a><\/li>\n<li><a href=\"#valencia\" title=\"Los mejores campos de golf y clubs de golf en Val\u00e8ncia\">en Val\u00e8ncia<\/a><\/li>\n<\/ul>\n<div class=\"position-1\">\n<h3 id=\"alicante\">Alicante<\/h3>\n<p><a title=\"Enlace a Alicante Golf\" href=\"http:\/\/www.alicantegolf.com\" target=\"_blank\" rel=\"nofollow noopener noreferrer\">Alicante Golf (18 hoyos)<\/a><br \/>\nAv. Locutor Vicente Hip\u00f3lito, 37, E-03540 Alicante (Espa\u00f1a)<br \/>\nTel\u00e9fono: <a href=\"tel:+34965152043\">+34 965 15 20 43<\/a><br \/>\nCorreo: <a href=\"mailto:golfclub@alicantegolf.com\">golfclub@alicantegolf.com<\/a><\/p>\n<p><a title=\"Enlace a Golf Resort Bonalba\" href=\"https:\/\/golf.golfbonalba.com\" target=\"_blank\" rel=\"nofollow noopener noreferrer\">Golf Resort Bonalba (18 hoyos)<\/a><br \/>\nPartida de Bonalba, s\/n, E-03110 Mutxamel (Alicante, Espa\u00f1a)<br \/>\nTel\u00e9fono: <a href=\"tel:+34965955955\">+34 965 95 59 55<\/a><br \/>\nCorreo: <a href=\"mailto:golfbonalba@golfbonalba.com\">golfbonalba@golfbonalba.com<\/a><\/p>\n<\/div>\n<div class=\"position\">\n<h3 id=\"benidorm\">Benidorm<\/h3>\n<p><a title=\"Enlace a Puig Campana Golf Finestrat\" href=\"http:\/\/puigcampanagolf.es\" target=\"_blank\" rel=\"nofollow noopener noreferrer\">Puig Campana Golf (9 hoyos)<\/a><br \/>\nCalle Morella, 14, E-03509 Finestrat (Alicante, Espa\u00f1a)<br \/>\nTel\u00e9fono: <a href=\"tel:+34637445048\">+34 637 44 50 48<\/a><br \/>\nCorreo: <a href=\"mailto:golf@puigcampanagolf.es\">golf@puigcampanagolf.es<\/a><\/p>\n<p><a title=\"Enlace a Las Rejas Benidorm\" href=\"http:\/\/benidorm.lasrejasopenclub.com\" target=\"_blank\" rel=\"nofollow noopener noreferrer\">Las Rejas Benidorm (9 hoyos)<\/a><br \/>\nPP6\/01 Xixo (Junto a la Avenida Vicente Perez Devesa), E-03502 Benidorm (Alicante, Espa\u00f1a)<br \/>\nTel\u00e9fono: <a href=\"tel:+34966889775\">+34 966 88 97 75<\/a><br \/>\nCorreo: <a href=\"mailto:reservasbenidorm@lasrejasgolf.com\">reservasbenidorm@lasrejasgolf.com<\/a><\/p>\n<p><a title=\"Enlace a Meli\u00e1 Villaitana Golf Club\" href=\"https:\/\/www.meliavillaitanagolf.com\/en\/\" target=\"_blank\" rel=\"nofollow noopener noreferrer\">Meli\u00e1 Villaitana Golf Club &#8211; Poniente Course (18 hoyos)<\/a><br \/>\nAvda. Alcalde Eduardo Zaplana, 7, E-03502 Benidorm (Alicante, Espa\u00f1a)<br \/>\nTel\u00e9fono: <a href=\"tel:+34966813013\">+34 966 81 30 13<\/a><br \/>\nCorreo: <a href=\"mailto:caddymaster@melia.com\">caddymaster@melia.com<\/a><\/p>\n<p><a title=\"Enlace a Meli\u00e1 Villaitana Golf Club\" href=\"https:\/\/www.meliavillaitanagolf.com\/en\/\" target=\"_blank\" rel=\"nofollow noopener noreferrer\">Meli\u00e1 Villaitana Golf Club &#8211; Levante Course (18 hoyos)<\/a><br \/>\nAvda. Alcalde Eduardo Zaplana, 7, E-03502 Benidorm (Alicante, Espa\u00f1a)<br \/>\nTel\u00e9fono: <a href=\"tel:+34966813013\">+34 966 81 30 13<\/a><br \/>\nCorreo: <a href=\"mailto:caddymaster@melia.com\">caddymaster@melia.com<\/a><\/p>\n<\/div>\n<div class=\"position\">\n<h3 id=\"altea\">Alt\u00e9a<\/h3>\n<p><a title=\"Enlace a Club de Golf Don Cayo\" href=\"https:\/\/alteagolfclub.com\" target=\"_blank\" rel=\"nofollow noopener noreferrer\">Alt\u00e9a Golf &#8211; Club de Golf Don Cayo (9 hoyos)<\/a><br \/>\nUrb. Sierra de Alt\u00e9a Golf, s\/n, E-03590 Alt\u00e9a la Vieja (Alicante, Espa\u00f1a)<br \/>\nTel\u00e9fono: <a href=\"tel:+34965848046\">+34 965 848 046<\/a><br \/>\nCorreo: <a href=\"mailto:info@alteagolfclub.com\">info@alteagolfclub.com<\/a><\/p>\n<\/div>\n<div class=\"position\">\n<h3 id=\"benissa-moraira\">Benissa\/Moraira<\/h3>\n<p><a title=\"Enlace a Club de Golf Ifach\" href=\"https:\/\/golfifach.com\" target=\"_blank\" rel=\"nofollow noopener noreferrer\">Benissa\/Moraira Golf &#8211; Club de Golf Ifach (9 hoyos)<\/a><br \/>\nCalle Micheta, 5, Ctra. Moraira-Calpe, Km 3 \/ Urb. San Jaime, E-03720 Benissa (Alicante, Espa\u00f1a)<br \/>\nTel\u00e9fono: <a href=\"tel:+34966497114\">+34 966 497 114<\/a><br \/>\nCorreo: <a href=\"mailto:info@golfifach.com\">info@golfifach.com<\/a><\/p>\n<\/div>\n<div class=\"position\">\n<h3 id=\"javea\">J\u00e1vea (X\u00e0bia)<\/h3>\n<p><a title=\"Enlace a Club de Golf Don Cayo\" href=\"https:\/\/www.clubdegolfjavea.com\" target=\"_blank\" rel=\"nofollow noopener noreferrer\">Club de Golf J\u00e1vea (18 hoyos)<\/a><br \/>\nCarretera Benitachell, 4, E-03739 J\u00e1vea\/X\u00e0bia (Alicante, Espa\u00f1a)<br \/>\nTel\u00e9fono: <a href=\"tel:+34965792584\">+34 965 792 584<\/a><br \/>\nCorreo: <a href=\"mailto:administracion@clubdegolfjavea.es\">administracion@clubdegolfjavea.es<\/a><\/p>\n<\/div>\n<div class=\"position\">\n<h3 id=\"jesus-pobre-denia\">Jes\u00fas Pobre\/D\u00e9nia<\/h3>\n<p><a title=\"Enlace a Club de Golf La Sella\" href=\"https:\/\/lasellagolf.com\" target=\"_blank\" rel=\"nofollow noopener noreferrer\">Club de Golf La Sella (27 hoyos)<\/a><br \/>\nD\u00e9nia Alquer\u00eda de Ferrando, s\/n, E-03749 Jes\u00fas Pobre\/D\u00e9nia (Alicante, Espa\u00f1a)<br \/>\nTel\u00e9fono: <a href=\"tel:+34966454252\">+34 966 454 252<\/a><br \/>\nCorreo: <a href=\"mailto:info@lasellagolf.com\">info@lasellagolf.com<\/a><\/p>\n<\/div>\n<div class=\"position\">\n<h3 id=\"oliva\">Oliva<\/h3>\n<p><a title=\"Enlace a Club de Golf Oliva Nova\" href=\"https:\/\/www.olivanova.com\/sports-and-leisure-sports-golf\" target=\"_blank\" rel=\"nofollow noopener noreferrer\">Club de Golf Oliva Nova (18 hoyos)<\/a><br \/>\nUrbanization Oliva Nova Golf, E-46780 Oliva (Alicante, Espa\u00f1a)<br \/>\nTel\u00e9fono: <a href=\"tel:+34962857666\">+34 962 85 76 66<\/a><br \/>\nCorreo: <a href=\"mailto:golf@olivanova.com\">golf@olivanova.com<\/a><\/p>\n<\/div>\n<div class=\"position\">\n<h3 id=\"valencia\">Val\u00e8ncia<\/h3>\n<p><a title=\"Enlace a Campo de Golf Parador El Saler (Val\u00e8ncia)\" href=\"http:\/\/www.golfenparadores.es\/en\/paradores\/parador-de-el-saler\/golf-course\" target=\"_blank\" rel=\"nofollow noopener noreferrer\">Campo de Golf Parador El Saler (18 hoyos)<\/a><br \/>\nAvda. de los Pinares, 151, E-46012 El Saler (Val\u00e8ncia, Espa\u00f1a)<br \/>\nTel\u00e9fono: <a href=\"tel:34961610384\">+34 961 61 03 84<\/a><br \/>\nCorreo: <a href=\"mailto:saler.golf@parador.es\">saler.golf@parador.es<\/a><\/p>\n<\/div>\n<\/div>\n<\/div>\n<div class=\"links\">\n<h2>Otros enlaces:<\/h2>\n<div class=\"arrow-list\">\n<ul>\n<li><a title=\"Puertos deportivos en la Costa Blanca Norte\" href=\"https:\/\/bulkpartner.net\/es\/mejores-puertos-deportivos-costa-blanca-norte\/\" target=\"_self\" rel=\"noopener noreferrer\">Puertos deportivos Costa Blanca Norte<\/a><\/li>\n<li><a title=\"Hoteles en la Costa Blanca Norte\" href=\"https:\/\/bulkpartner.net\/es\/mejores-hoteles-costa-blanca-norte\/\" target=\"_self\" rel=\"noopener noreferrer\">Hoteles Costa Blanca Norte<\/a><\/li>\n<li><a title=\"Restaurantes \/ Bares \/ Caf\u00e9s en la Costa Blanca Norte\" href=\"https:\/\/bulkpartner.net\/es\/mejores-restaurantes-bares-cafes-costa-blanca-norte\/\" target=\"_self\" rel=\"noopener noreferrer\">Restaurantes \/ Bares \/ Caf\u00e9s Costa Blanca Norte<\/a><\/li>\n<li><a title=\"Escuelas y Colegios internacionales Costa en la Blanca Norte\" href=\"https:\/\/bulkpartner.net\/es\/mejores-escuelas-internacionales-costa-blanca-norte\/\" target=\"_self\" rel=\"noopener noreferrer\">Escuelas y Colegios internacionales Costa Blanca Norte<\/a><\/li>\n<\/ul>\n<\/div>\n<\/div>\n<div class=\"content-footer\">Nuestra pasi\u00f3n son inmuebles &#8230;<\/div>\n<div class=\"shariff-pages\"><div class=\"shariff shariff-align-flex-start shariff-widget-align-flex-start shariff-buttonstretch\" data-services=\"facebook%7Cvk%7Cpinterest\" data-url=\"https%3A%2F%2Fbulkpartner.net%2Fes%2Fmejores-campos-golf-clubs-costa-blanca-norte%2F\" data-timestamp=\"1739487008\" data-hidezero=\"1\" data-backendurl=\"https:\/\/bulkpartner.net\/es\/wp-json\/shariff\/v1\/share_counts?\"><ul class=\"shariff-buttons theme-grey orientation-horizontal buttonsize-small\"><li class=\"shariff-button facebook\" style=\"background-color:#d3d0d0\"><a href=\"https:\/\/www.facebook.com\/sharer\/sharer.php?u=https%3A%2F%2Fbulkpartner.net%2Fes%2Fmejores-campos-golf-clubs-costa-blanca-norte%2F\" title=\"Compartir en Facebook\" aria-label=\"Compartir en Facebook\" role=\"button\" rel=\"nofollow\" class=\"shariff-link\" style=\"; background-color:#dbdbdb; color:#fff\" target=\"_blank\"><span class=\"shariff-icon\" style=\"\"><svg width=\"32px\" height=\"20px\" xmlns=\"http:\/\/www.w3.org\/2000\/svg\" viewBox=\"0 0 18 32\"><path fill=\"#3b5998\" d=\"M17.1 0.2v4.7h-2.8q-1.5 0-2.1 0.6t-0.5 1.9v3.4h5.2l-0.7 5.3h-4.5v13.6h-5.5v-13.6h-4.5v-5.3h4.5v-3.9q0-3.3 1.9-5.2t5-1.8q2.6 0 4.1 0.2z\"\/><\/svg><\/span><span class=\"shariff-text\">compartir<\/span>&nbsp;<span data-service=\"facebook\" style=\"color:#fff\" class=\"shariff-count shariff-hidezero\"><\/span>&nbsp;<\/a><\/li><li class=\"shariff-button vk\" style=\"background-color:#d3d0d0\"><a href=\"https:\/\/vk.com\/share.php?url=https%3A%2F%2Fbulkpartner.net%2Fes%2Fmejores-campos-golf-clubs-costa-blanca-norte%2F\" title=\"Compartir en VK\" aria-label=\"Compartir en VK\" role=\"button\" rel=\"noopener nofollow\" class=\"shariff-link\" style=\"; background-color:#dbdbdb; color:#fff\" target=\"_blank\"><span class=\"shariff-icon\" style=\"\"><svg width=\"32px\" height=\"20px\" xmlns=\"http:\/\/www.w3.org\/2000\/svg\" viewBox=\"0 0 34 32\"><path fill=\"#527498\" d=\"M34.2 9.3q0.4 1.1-2.7 5.3-0.4 0.6-1.2 1.5-1.4 1.8-1.6 2.3-0.3 0.7 0.3 1.4 0.3 0.4 1.4 1.5h0l0.1 0.1q2.5 2.3 3.4 3.9 0.1 0.1 0.1 0.2t0.1 0.5 0 0.6-0.4 0.5-1.1 0.2l-4.6 0.1q-0.4 0.1-1-0.1t-0.9-0.4l-0.4-0.2q-0.5-0.4-1.2-1.1t-1.2-1.4-1.1-1-1-0.3q-0.1 0-0.1 0.1t-0.3 0.3-0.4 0.5-0.3 0.9-0.1 1.4q0 0.3-0.1 0.5t-0.1 0.3l-0.1 0.1q-0.3 0.3-0.9 0.4h-2.1q-1.3 0.1-2.6-0.3t-2.3-0.9-1.8-1.2-1.3-1l-0.4-0.4q-0.2-0.2-0.5-0.5t-1.3-1.6-1.9-2.7-2.2-3.8-2.3-4.9q-0.1-0.3-0.1-0.5t0.1-0.3l0.1-0.1q0.3-0.3 1-0.3l4.9 0q0.2 0 0.4 0.1t0.3 0.2l0.1 0.1q0.3 0.2 0.4 0.6 0.4 0.9 0.8 1.8t0.7 1.5l0.3 0.5q0.5 1.1 1 1.9t0.9 1.2 0.7 0.7 0.6 0.3 0.5-0.1q0 0 0.1-0.1t0.2-0.4 0.2-0.8 0.2-1.4 0-2.2q0-0.7-0.2-1.3t-0.2-0.8l-0.1-0.2q-0.4-0.6-1.5-0.8-0.2 0 0.1-0.4 0.3-0.3 0.7-0.5 0.9-0.5 4.3-0.4 1.5 0 2.4 0.2 0.4 0.1 0.6 0.2t0.4 0.4 0.2 0.6 0.1 0.8 0 1 0 1.3 0 1.5q0 0.2 0 0.8t0 0.9 0.1 0.7 0.2 0.7 0.4 0.4q0.1 0 0.3 0.1t0.5-0.2 0.7-0.6 0.9-1.2 1.2-1.9q1.1-1.9 1.9-4 0.1-0.2 0.2-0.3t0.2-0.2l0.1-0.1 0.1 0t0.2-0.1 0.4 0l5.1 0q0.7-0.1 1.1 0t0.6 0.3z\"\/><\/svg><\/span><span class=\"shariff-text\">compartir<\/span>&nbsp;<span data-service=\"vk\" style=\"color:#fff\" class=\"shariff-count shariff-hidezero\"><\/span>&nbsp;<\/a><\/li><li class=\"shariff-button twitter\" style=\"background-color:#d3d0d0\"><a href=\"https:\/\/twitter.com\/share?url=https%3A%2F%2Fbulkpartner.net%2Fes%2Fmejores-campos-golf-clubs-costa-blanca-norte%2F&text=Los%20mejores%20campos%20de%20golf%20y%20clubs%20de%20golf%20en%20la%20Costa%20Blanca%20Norte&via=bulkpartner\" title=\"Compartir en X\" aria-label=\"Compartir en X\" role=\"button\" rel=\"noopener nofollow\" class=\"shariff-link\" style=\"; background-color:#dbdbdb; color:#fff\" target=\"_blank\"><span class=\"shariff-icon\" style=\"\"><svg width=\"32px\" height=\"20px\" xmlns=\"http:\/\/www.w3.org\/2000\/svg\" viewBox=\"0 0 24 24\"><path fill=\"#000\" d=\"M14.258 10.152L23.176 0h-2.113l-7.747 8.813L7.133 0H0l9.352 13.328L0 23.973h2.113l8.176-9.309 6.531 9.309h7.133zm-2.895 3.293l-.949-1.328L2.875 1.56h3.246l6.086 8.523.945 1.328 7.91 11.078h-3.246zm0 0\"\/><\/svg><\/span><span class=\"shariff-text\">compartir<\/span>&nbsp;<\/a><\/li><li class=\"shariff-button linkedin\" style=\"background-color:#d3d0d0\"><a href=\"https:\/\/www.linkedin.com\/sharing\/share-offsite\/?url=https%3A%2F%2Fbulkpartner.net%2Fes%2Fmejores-campos-golf-clubs-costa-blanca-norte%2F\" title=\"Compartir en LinkedIn\" aria-label=\"Compartir en LinkedIn\" role=\"button\" rel=\"noopener nofollow\" class=\"shariff-link\" style=\"; background-color:#dbdbdb; color:#fff\" target=\"_blank\"><span class=\"shariff-icon\" style=\"\"><svg width=\"32px\" height=\"20px\" xmlns=\"http:\/\/www.w3.org\/2000\/svg\" viewBox=\"0 0 27 32\"><path fill=\"#0077b5\" d=\"M6.2 11.2v17.7h-5.9v-17.7h5.9zM6.6 5.7q0 1.3-0.9 2.2t-2.4 0.9h0q-1.5 0-2.4-0.9t-0.9-2.2 0.9-2.2 2.4-0.9 2.4 0.9 0.9 2.2zM27.4 18.7v10.1h-5.9v-9.5q0-1.9-0.7-2.9t-2.3-1.1q-1.1 0-1.9 0.6t-1.2 1.5q-0.2 0.5-0.2 1.4v9.9h-5.9q0-7.1 0-11.6t0-5.3l0-0.9h5.9v2.6h0q0.4-0.6 0.7-1t1-0.9 1.6-0.8 2-0.3q3 0 4.9 2t1.9 6z\"\/><\/svg><\/span><span class=\"shariff-text\">compartir<\/span>&nbsp;<\/a><\/li><li class=\"shariff-button pinterest\" style=\"background-color:#d3d0d0\"><a href=\"https:\/\/www.pinterest.com\/pin\/create\/link\/?url=https%3A%2F%2Fbulkpartner.net%2Fes%2Fmejores-campos-golf-clubs-costa-blanca-norte%2F&media=https%3A%2F%2Fbulkpartner.net%2Fwp-content%2Fuploads%2F2017%2F12%2Fgolf-courses-costa-blanca-north.jpg&description=Los%20mejores%20campos%20de%20golf%20y%20clubs%20de%20golf%20en%20la%20Costa%20Blanca%20Norte\" title=\"Ahorrar en Pinterest\" aria-label=\"Ahorrar en Pinterest\" role=\"button\" rel=\"noopener nofollow\" class=\"shariff-link\" style=\"; background-color:#dbdbdb; color:#fff\" target=\"_blank\"><span class=\"shariff-icon\" style=\"\"><svg width=\"32px\" height=\"20px\" xmlns=\"http:\/\/www.w3.org\/2000\/svg\" viewBox=\"0 0 27 32\"><path fill=\"#cb2027\" d=\"M27.4 16q0 3.7-1.8 6.9t-5 5-6.9 1.9q-2 0-3.9-0.6 1.1-1.7 1.4-2.9 0.2-0.6 1-3.8 0.4 0.7 1.3 1.2t2 0.5q2.1 0 3.8-1.2t2.7-3.4 0.9-4.8q0-2-1.1-3.8t-3.1-2.9-4.5-1.2q-1.9 0-3.5 0.5t-2.8 1.4-2 2-1.2 2.3-0.4 2.4q0 1.9 0.7 3.3t2.1 2q0.5 0.2 0.7-0.4 0-0.1 0.1-0.5t0.2-0.5q0.1-0.4-0.2-0.8-0.9-1.1-0.9-2.7 0-2.7 1.9-4.6t4.9-2q2.7 0 4.2 1.5t1.5 3.8q0 3-1.2 5.2t-3.1 2.1q-1.1 0-1.7-0.8t-0.4-1.9q0.1-0.6 0.5-1.7t0.5-1.8 0.2-1.4q0-0.9-0.5-1.5t-1.4-0.6q-1.1 0-1.9 1t-0.8 2.6q0 1.3 0.4 2.2l-1.8 7.5q-0.3 1.2-0.2 3.2-3.7-1.6-6-5t-2.3-7.6q0-3.7 1.9-6.9t5-5 6.9-1.9 6.9 1.9 5 5 1.8 6.9z\"\/><\/svg><\/span><span class=\"shariff-text\">ahorrar<\/span>&nbsp;<span data-service=\"pinterest\" style=\"color:#fff\" class=\"shariff-count shariff-hidezero\"><\/span>&nbsp;<\/a><\/li><li class=\"shariff-button whatsapp shariff-mobile\" style=\"background-color:#d3d0d0\"><a href=\"https:\/\/api.whatsapp.com\/send?text=https%3A%2F%2Fbulkpartner.net%2Fes%2Fmejores-campos-golf-clubs-costa-blanca-norte%2F%20Los%20mejores%20campos%20de%20golf%20y%20clubs%20de%20golf%20en%20la%20Costa%20Blanca%20Norte\" title=\"Compartir en Whatsapp\" aria-label=\"Compartir en Whatsapp\" role=\"button\" rel=\"noopener nofollow\" class=\"shariff-link\" style=\"; background-color:#dbdbdb; color:#fff\" target=\"_blank\"><span class=\"shariff-icon\" style=\"\"><svg width=\"32px\" height=\"20px\" xmlns=\"http:\/\/www.w3.org\/2000\/svg\" viewBox=\"0 0 32 32\"><path fill=\"#34af23\" d=\"M17.6 17.4q0.2 0 1.7 0.8t1.6 0.9q0 0.1 0 0.3 0 0.6-0.3 1.4-0.3 0.7-1.3 1.2t-1.8 0.5q-1 0-3.4-1.1-1.7-0.8-3-2.1t-2.6-3.3q-1.3-1.9-1.3-3.5v-0.1q0.1-1.6 1.3-2.8 0.4-0.4 0.9-0.4 0.1 0 0.3 0t0.3 0q0.3 0 0.5 0.1t0.3 0.5q0.1 0.4 0.6 1.6t0.4 1.3q0 0.4-0.6 1t-0.6 0.8q0 0.1 0.1 0.3 0.6 1.3 1.8 2.4 1 0.9 2.7 1.8 0.2 0.1 0.4 0.1 0.3 0 1-0.9t0.9-0.9zM14 26.9q2.3 0 4.3-0.9t3.6-2.4 2.4-3.6 0.9-4.3-0.9-4.3-2.4-3.6-3.6-2.4-4.3-0.9-4.3 0.9-3.6 2.4-2.4 3.6-0.9 4.3q0 3.6 2.1 6.6l-1.4 4.2 4.3-1.4q2.8 1.9 6.2 1.9zM14 2.2q2.7 0 5.2 1.1t4.3 2.9 2.9 4.3 1.1 5.2-1.1 5.2-2.9 4.3-4.3 2.9-5.2 1.1q-3.5 0-6.5-1.7l-7.4 2.4 2.4-7.2q-1.9-3.2-1.9-6.9 0-2.7 1.1-5.2t2.9-4.3 4.3-2.9 5.2-1.1z\"\/><\/svg><\/span><span class=\"shariff-text\">compartir<\/span>&nbsp;<\/a><\/li><li class=\"shariff-button telegram\" style=\"background-color:#d3d0d0\"><a href=\"https:\/\/telegram.me\/share\/url?url=https%3A%2F%2Fbulkpartner.net%2Fes%2Fmejores-campos-golf-clubs-costa-blanca-norte%2F&text=Los%20mejores%20campos%20de%20golf%20y%20clubs%20de%20golf%20en%20la%20Costa%20Blanca%20Norte\" title=\"Compartir en Telegram\" aria-label=\"Compartir en Telegram\" role=\"button\" rel=\"noopener nofollow\" class=\"shariff-link\" style=\"; background-color:#dbdbdb; color:#fff\" target=\"_blank\"><span class=\"shariff-icon\" style=\"\"><svg width=\"32px\" height=\"20px\" xmlns=\"http:\/\/www.w3.org\/2000\/svg\" viewBox=\"0 0 32 32\"><path fill=\"#0088cc\" d=\"M30.8 6.5l-4.5 21.4c-.3 1.5-1.2 1.9-2.5 1.2L16.9 24l-3.3 3.2c-.4.4-.7.7-1.4.7l.5-7L25.5 9.2c.6-.5-.1-.8-.9-.3l-15.8 10L2 16.7c-1.5-.5-1.5-1.5.3-2.2L28.9 4.3c1.3-.5 2.3.3 1.9 2.2z\"\/><\/svg><\/span><span class=\"shariff-text\">compartir<\/span>&nbsp;<\/a><\/li><li class=\"shariff-button mailto\" style=\"background-color:#d3d0d0\"><a href=\"mailto:?body=https%3A%2F%2Fbulkpartner.net%2Fes%2Fmejores-campos-golf-clubs-costa-blanca-norte%2F&subject=Los%20mejores%20campos%20de%20golf%20y%20clubs%20de%20golf%20en%20la%20Costa%20Blanca%20Norte\" title=\"Enviar por correo electr\u00f3nico\" aria-label=\"Enviar por correo electr\u00f3nico\" role=\"button\" rel=\"noopener nofollow\" class=\"shariff-link\" style=\"; background-color:#dbdbdb; color:#fff\"><span class=\"shariff-icon\" style=\"\"><svg width=\"32px\" height=\"20px\" xmlns=\"http:\/\/www.w3.org\/2000\/svg\" viewBox=\"0 0 32 32\"><path fill=\"#999\" d=\"M32 12.7v14.2q0 1.2-0.8 2t-2 0.9h-26.3q-1.2 0-2-0.9t-0.8-2v-14.2q0.8 0.9 1.8 1.6 6.5 4.4 8.9 6.1 1 0.8 1.6 1.2t1.7 0.9 2 0.4h0.1q0.9 0 2-0.4t1.7-0.9 1.6-1.2q3-2.2 8.9-6.1 1-0.7 1.8-1.6zM32 7.4q0 1.4-0.9 2.7t-2.2 2.2q-6.7 4.7-8.4 5.8-0.2 0.1-0.7 0.5t-1 0.7-0.9 0.6-1.1 0.5-0.9 0.2h-0.1q-0.4 0-0.9-0.2t-1.1-0.5-0.9-0.6-1-0.7-0.7-0.5q-1.6-1.1-4.7-3.2t-3.6-2.6q-1.1-0.7-2.1-2t-1-2.5q0-1.4 0.7-2.3t2.1-0.9h26.3q1.2 0 2 0.8t0.9 2z\"\/><\/svg><\/span><span class=\"shariff-text\">correo<\/span>&nbsp;<\/a><\/li><\/ul><\/div><\/div>\n","protected":false},"excerpt":{"rendered":"<p>Le presentamos los mejores campos de golf y clubs de golf en la Costa Blanca Norte La Costa Blanca Norte es una hermosa regi\u00f3n con 11 campos y clubes de golf que ofrecen impresionantes vistas y desafiantes recorridos. Si est\u00e1 interesado en jugar al golf en esta zona, tiene varias opciones a su disposici\u00f3n. Aqu\u00ed&#8230;<\/p>\n","protected":false},"author":1,"featured_media":11668,"parent":0,"menu_order":0,"comment_status":"closed","ping_status":"closed","template":"","meta":{"footnotes":""},"class_list":["post-11929","page","type-page","status-publish","has-post-thumbnail","hentry"],"_links":{"self":[{"href":"https:\/\/bulkpartner.net\/es\/wp-json\/wp\/v2\/pages\/11929","targetHints":{"allow":["GET"]}}],"collection":[{"href":"https:\/\/bulkpartner.net\/es\/wp-json\/wp\/v2\/pages"}],"about":[{"href":"https:\/\/bulkpartner.net\/es\/wp-json\/wp\/v2\/types\/page"}],"author":[{"embeddable":true,"href":"https:\/\/bulkpartner.net\/es\/wp-json\/wp\/v2\/users\/1"}],"replies":[{"embeddable":true,"href":"https:\/\/bulkpartner.net\/es\/wp-json\/wp\/v2\/comments?post=11929"}],"version-history":[{"count":0,"href":"https:\/\/bulkpartner.net\/es\/wp-json\/wp\/v2\/pages\/11929\/revisions"}],"wp:featuredmedia":[{"embeddable":true,"href":"https:\/\/bulkpartner.net\/es\/wp-json\/wp\/v2\/media\/11668"}],"wp:attachment":[{"href":"https:\/\/bulkpartner.net\/es\/wp-json\/wp\/v2\/media?parent=11929"}],"curies":[{"name":"wp","href":"https:\/\/api.w.org\/{rel}","templated":true}]}}