{"id":13605,"date":"2018-02-07T12:48:17","date_gmt":"2018-02-07T11:48:17","guid":{"rendered":"https:\/\/bulkpartner.net\/?page_id=13605"},"modified":"2023-04-01T17:32:19","modified_gmt":"2023-04-01T15:32:19","slug":"mapa-sitio","status":"publish","type":"page","link":"https:\/\/bulkpartner.net\/es\/mapa-sitio\/","title":{"rendered":"Mapa del sitio"},"content":{"rendered":"<div class=\"sitemap\">\n<p>Nuestro mapa del sitio le da una visi\u00f3n general de los contenidos de nuestro sitio web (p\u00e1ginas, entradas de blog y nuestras propiedades).<\/p>\n<div class=\"arrow-list\">\n<div class=\"wsp-container\"><h2 class=\"wsp-pages-title\">P\u00e1ginas<\/h2>\n<ul class=\"wsp-pages-list\">\n<li class=\"page_item page-item-2651\"><a href=\"https:\/\/bulkpartner.net\/es\/busqueda-propiedades-costa-blanca\/\">Propiedades Costa Blanca<\/a><\/li>\n<li class=\"page_item page-item-2698\"><a href=\"https:\/\/bulkpartner.net\/es\/mejores-propiedades-costa-blanca-norte\/\">Las mejores propiedades en la Costa Blanca Norte<\/a><\/li>\n<li class=\"page_item page-item-2724\"><a href=\"https:\/\/bulkpartner.net\/es\/empresa\/\">Nuestra empresa<\/a><\/li>\n<li class=\"page_item page-item-2743\"><a href=\"https:\/\/bulkpartner.net\/es\/contacto\/\">P\u00f3ngase en contacto con nosotros<\/a><\/li>\n<li class=\"page_item page-item-3442\"><a href=\"https:\/\/bulkpartner.net\/es\/\">Inmobiliarias en la Costa Blanca Norte<\/a><\/li>\n<li class=\"page_item page-item-6928\"><a href=\"https:\/\/bulkpartner.net\/es\/comprar-propiedad-costa-blanca\/\">Comprar una propiedad en la Costa Blanca<\/a><\/li>\n<li class=\"page_item page-item-6945\"><a href=\"https:\/\/bulkpartner.net\/es\/vender-propiedad-costa-blanca\/\">Vender su propiedad en la Costa Blanca Norte<\/a><\/li>\n<li class=\"page_item page-item-7025\"><a href=\"https:\/\/bulkpartner.net\/es\/servicio-vip\/\">Nuestro servicio VIP profesional<\/a><\/li>\n<li class=\"page_item page-item-11817\"><a href=\"https:\/\/bulkpartner.net\/es\/vivir-costa-blanca-norte\/\">Vivir en la Costa Blanca Norte<\/a><\/li>\n<li class=\"page_item page-item-11877\"><a href=\"https:\/\/bulkpartner.net\/es\/mejores-puertos-deportivos-costa-blanca-norte\/\">Los mejores puertos deportivos y clubes n\u00e1uticos en la Costa Blanca Norte<\/a><\/li>\n<li class=\"page_item page-item-11929\"><a href=\"https:\/\/bulkpartner.net\/es\/mejores-campos-golf-clubs-costa-blanca-norte\/\">Los mejores campos de golf y clubs de golf en la Costa Blanca Norte<\/a><\/li>\n<li class=\"page_item page-item-17104\"><a href=\"https:\/\/bulkpartner.net\/es\/mejores-escuelas-internacionales-costa-blanca-norte\/\">Los mejores escuelas internacionales en la Costa Blanca Norte<\/a><\/li>\n<li class=\"page_item page-item-12862 current_page_parent\"><a href=\"https:\/\/bulkpartner.net\/es\/revista-inmobiliaria-costa-blanca\/\">Revista Inmobiliaria Costa Blanca<\/a><\/li>\n<li class=\"page_item page-item-12527\"><a href=\"https:\/\/bulkpartner.net\/es\/mejores-restaurantes-bares-cafes-costa-blanca-norte\/\">Los mejores restaurantes, bares, cafeter\u00edas en la Costa Blanca Norte<\/a><\/li>\n<li class=\"page_item page-item-12391\"><a href=\"https:\/\/bulkpartner.net\/es\/mejores-hoteles-costa-blanca-norte\/\">Los mejores hoteles en la Costa Blanca Norte<\/a><\/li>\n<\/ul>\n<\/div><br \/>\n<div class=\"wsp-container\"><h2 class=\"wsp-posts-title\">Entradas por categor\u00eda<\/h2>\n<ul class=\"wsp-posts-list\">\n\t<li><strong class=\"wsp-category-title\">Categor\u00eda: <a href=\"https:\/\/bulkpartner.net\/es\/categoria\/costa-blanca-norte\/\">Costa Blanca Norte<\/a><\/strong>\n<ul class=\"wsp-posts-list\">\t\t<li class=\"wsp-post\"><a href=\"https:\/\/bulkpartner.net\/es\/moraira-perla-costa-blanca-norte\/\">Moraira es la Perla de la Costa Blanca Norte<\/a><\/li>\n<\/ul><\/li>\n\t<li><strong class=\"wsp-category-title\">Categor\u00eda: <a href=\"https:\/\/bulkpartner.net\/es\/categoria\/informaciones-generales\/\">Generales<\/a><\/strong>\n<ul class=\"wsp-posts-list\">\t\t<li class=\"wsp-post\"><a href=\"https:\/\/bulkpartner.net\/es\/que-tener-cuenta-comprar-una-propiedad-espana\/\">\u00bfQu\u00e9 hay que tener en cuenta al comprar una propiedad en Espa\u00f1a?<\/a><\/li>\n<\/ul><\/li>\n<\/ul>\n<\/div><br \/>\n<div class=\"wsp-container\"><h2 class=\"wsp-propertys-title\">Inmuebles<\/h2>\n<ul class=\"wsp-propertys-list\">\n<li><a href=\"https:\/\/bulkpartner.net\/es\/inmueble\/moderna-villa-estilo-ibicenco-moraira-5500002\/\">Moderna villa estilo ibicenco en Moraira El Portet<\/a><\/li>\n<li><a href=\"https:\/\/bulkpartner.net\/es\/inmueble\/extraordinaria-villa-estilo-ibicenco-moraira-5500001\/\">Extraordinaria villa estilo ibicenco en Moraira El Portet<\/a><\/li>\n<li><a href=\"https:\/\/bulkpartner.net\/es\/inmueble\/fantastica-villa-estilo-ibicenco-segunda-linea-mar-moraira-5500706\/\">Fant\u00e1stica villa de estilo ibicenco en segunda l\u00ednea de mar en Moraira El Portet<\/a><\/li>\n<li><a href=\"https:\/\/bulkpartner.net\/es\/inmueble\/villa-unica-estilo-ibicenco-vistas-mar-moraira-5500705\/\">Villa \u00fanica de estilo ibicenco con vistas al mar en Moraira Portichol\/Club N\u00e1utico<\/a><\/li>\n<li><a href=\"https:\/\/bulkpartner.net\/es\/inmueble\/proyecto-villa-estilo-ibicenco-vistas-mar-moraira-5500704\/\">Proyecto de villa de estilo ibicenco con vistas al mar en Moraira El Portet<\/a><\/li>\n<li><a href=\"https:\/\/bulkpartner.net\/es\/inmueble\/parcela-edificable-vistas-mar-moraira-5500703\/\">Parcela edificable con vistas al mar en Moraira El Portet<\/a><\/li>\n<li><a href=\"https:\/\/bulkpartner.net\/es\/inmueble\/villa-lujo-diseno-vista-mar-moraira-5500702\/\">Villa de lujo de dise\u00f1o con vistas al mar en Moraira El Portet<\/a><\/li>\n<li><a href=\"https:\/\/bulkpartner.net\/es\/inmueble\/gran-villa-lujo-vistas-bahia-javea-5500701\/\">Gran villa de lujo con vistas a la bah\u00eda en J\u00e1vea Granadella<\/a><\/li>\n<li><a href=\"https:\/\/bulkpartner.net\/es\/inmueble\/villa-lujo-estilo-ibicenco-moraira-5500700\/\">Villa de lujo de estilo ibicenco en Moraira El Portet<\/a><\/li>\n<li><a href=\"https:\/\/bulkpartner.net\/es\/inmueble\/moderna-villa-inmejorables-vistas-mar-altea-5500666\/\">Moderna villa con inmejorables vistas al mar en Alt\u00e9a Hills<\/a><\/li>\n<li><a href=\"https:\/\/bulkpartner.net\/es\/inmueble\/villa-diseno-exclusivo-altea-5500699\/\">Villa de dise\u00f1o exclusivo en Alt\u00e9a la Vella<\/a><\/li>\n<li><a href=\"https:\/\/bulkpartner.net\/es\/inmueble\/villa-lujo-nueva-construccion-javea-5500698\/\">Villa de lujo de nueva construcci\u00f3n en J\u00e1vea Balc\u00f3n al Mar<\/a><\/li>\n<li><a href=\"https:\/\/bulkpartner.net\/es\/inmueble\/lujosa-villa-increibles-vistas-moraira-5500697\/\">Lujosa villa con incre\u00edbles vistas al mar en Moraira Benimeit<\/a><\/li>\n<li><a href=\"https:\/\/bulkpartner.net\/es\/inmueble\/moderna-villa-lujo-fantasticas-vistas-mar-moraira-5500696\/\">Moderna villa de lujo con fant\u00e1sticas vistas al mar en Moraira El Portet<\/a><\/li>\n<li><a href=\"https:\/\/bulkpartner.net\/es\/inmueble\/villa-primera-linea-benissa-5500695\/\">Villa en primera l\u00ednea en Benissa Les Bassetes<\/a><\/li>\n<li><a href=\"https:\/\/bulkpartner.net\/es\/inmueble\/villa-lujo-primera-linea-acceso-playa-privada-moraira-5500694\/\">Villa de lujo en primera l\u00ednea con acceso a la playa privada en Moraira Cap Blanc<\/a><\/li>\n<li><a href=\"https:\/\/bulkpartner.net\/es\/inmueble\/villa-lujo-frente-mar-javea-5500693\/\">Villa de lujo en frente al mar en J\u00e1vea Granadella<\/a><\/li>\n<li><a href=\"https:\/\/bulkpartner.net\/es\/inmueble\/villa-lujo-ibicenca-ubicacion-privilegiada-moraira-5500691\/\">Villa de lujo ibicenca en una ubicaci\u00f3n privilegiada en Moraira Portichol\/Club N\u00e1utico<\/a><\/li>\n<li><a href=\"https:\/\/bulkpartner.net\/es\/inmueble\/villa-lujo-estilo-ibicenco-vista-puerto-mar-moraira-5500690\/\">Villa de lujo en estilo ibicenco con vista al puerto\/mar en Moraira Portichol\/Club N\u00e1utico<\/a><\/li>\n<li><a href=\"https:\/\/bulkpartner.net\/es\/inmueble\/magnifica-villa-lujo-mejor-posicion-moraira-5500689\/\">Magn\u00edfica villa de lujo en la mejor posici\u00f3n en Moraira El Portet\/Cap d'Or<\/a><\/li>\n<li><a href=\"https:\/\/bulkpartner.net\/es\/inmueble\/villa-lujo-ibicenca-vista-puerto-mar-moraira-5500688\/\">Villa de lujo ibicenca con vista al puerto\/mar en Moraira Portichol\/Club N\u00e1utico<\/a><\/li>\n<li><a href=\"https:\/\/bulkpartner.net\/es\/inmueble\/excepcional-villa-lujo-estilo-ibicenco-moraira-5500687\/\">Excepcional villa de lujo estilo ibicenco en Moraira El Portet<\/a><\/li>\n<li><a href=\"https:\/\/bulkpartner.net\/es\/inmueble\/exclusiva-finca-privacidad-javea-5500679\/\">Exclusiva finca con privacidad en J\u00e1vea Cuesta San Antonio\/La Plana<\/a><\/li>\n<li><a href=\"https:\/\/bulkpartner.net\/es\/inmueble\/apartamento-lujo-increibles-vistas-mar-altea-5500686\/\">Apartamento de lujo con incre\u00edbles vistas al mar en Alt\u00e9a la Sierra<\/a><\/li>\n<li><a href=\"https:\/\/bulkpartner.net\/es\/inmueble\/villa-lujo-diseno-moderno-moraira-5500684\/\">Villa de lujo de dise\u00f1o moderno en Moraira Moravit<\/a><\/li>\n<li><a href=\"https:\/\/bulkpartner.net\/es\/inmueble\/moderna-villa-lujo-frente-mar-moraira-5500673\/\">Moderna villa de lujo frente al mar en Moraira Cala Andrag\u00f3<\/a><\/li>\n<li><a href=\"https:\/\/bulkpartner.net\/es\/inmueble\/propiedad-lujo-primera-linea-mar-javea-5500672\/\">Propiedad de lujo en primera l\u00ednea de mar en J\u00e1vea Ambolo<\/a><\/li>\n<li><a href=\"https:\/\/bulkpartner.net\/es\/inmueble\/villa-lujo-hermosas-vistas-mar-moraira-6600671\/\">Villa de lujo con hermosas vistas al mar en Moraira Benimeit<\/a><\/li>\n<li><a href=\"https:\/\/bulkpartner.net\/es\/inmueble\/villa-lujo-perfectas-vistas-mar-moraira-5500670\/\">Villa de lujo con perfectas vistas al mar en Moraira Benimeit<\/a><\/li>\n<li><a href=\"https:\/\/bulkpartner.net\/es\/inmueble\/villa-lujo-impresionantes-vistas-mar-altea-5500669\/\">Villa de lujo con impresionantes vistas al mar en Alt\u00e9a Hills<\/a><\/li>\n<li><a href=\"https:\/\/bulkpartner.net\/es\/inmueble\/elegante-villa-nueva-mejor-zona-moraira-5500665\/\">Elegante villa nueva en la mejor zona en Moraira Cap Blanc<\/a><\/li>\n<li><a href=\"https:\/\/bulkpartner.net\/es\/inmueble\/villa-estilo-minimalista-vistas-mar-moraira-5500663\/\">Villa estilo minimalista con vistas al mar en Moraira El Portet<\/a><\/li>\n<li><a href=\"https:\/\/bulkpartner.net\/es\/inmueble\/preciosa-villa-excepcionales-vistas-mar-javea-5500662\/\">Preciosa villa con excepcionales vistas al mar en J\u00e1vea Portichol<\/a><\/li>\n<li><a href=\"https:\/\/bulkpartner.net\/es\/inmueble\/lujosa-villa-increibles-vistas-mar-moraira-5500661\/\">Lujosa villa con incre\u00edbles vistas al mar en Moraira Coma de los Frailes<\/a><\/li>\n<li><a href=\"https:\/\/bulkpartner.net\/es\/inmueble\/villa-lujo-unica-ubicacion-expuesta-moraira-5500660\/\">Villa de lujo \u00fanica en ubicaci\u00f3n expuesta en Moraira Paichi<\/a><\/li>\n<li><a href=\"https:\/\/bulkpartner.net\/es\/inmueble\/exclusiva-villa-lujo-primera-linea-altea-5500659\/\">Exclusiva villa de lujo de primera l\u00ednea en Alt\u00e9a Campomanes<\/a><\/li>\n<li><a href=\"https:\/\/bulkpartner.net\/es\/inmueble\/moderna-propiedad-lujo-moraira-5500658\/\">Moderna propiedad de lujo en Moraira El Portet<\/a><\/li>\n<li><a href=\"https:\/\/bulkpartner.net\/es\/inmueble\/nueva-villa-lujo-estilo-ibiza-moraira-5500011\/\">Nueva villa de lujo estilo ibiza en Moraira El Portet<\/a><\/li>\n<li><a href=\"https:\/\/bulkpartner.net\/es\/inmueble\/nueva-villa-lujo-frente-mar-moraira-5500657\/\">Nueva villa de lujo frente al mar en Moraira El Portet<\/a><\/li>\n<li><a href=\"https:\/\/bulkpartner.net\/es\/inmueble\/villa-lujo-nueva-construccion-moraira-5500656\/\">Villa de lujo de nueva construcci\u00f3n en Moraira Portichol\/Club N\u00e1utico<\/a><\/li>\n<li><a href=\"https:\/\/bulkpartner.net\/es\/inmueble\/moderna-villa-diseno-lujo-benidorm-5500052\/\">Moderna villa de dise\u00f1o de lujo en Benidorm Sierra Dorada<\/a><\/li>\n<li><a href=\"https:\/\/bulkpartner.net\/es\/inmueble\/villa-sosegada-urbanizacion-moraira-5500024\/\">Villa en una sosegada urbanizaci\u00f3n en Moraira Coma de los Frailes<\/a><\/li>\n<li><a href=\"https:\/\/bulkpartner.net\/es\/inmueble\/minimalista-villa-lujo-primera-linea-javea-5500655\/\">Minimalista villa de lujo en primera l\u00ednea en J\u00e1vea Ambolo<\/a><\/li>\n<li><a href=\"https:\/\/bulkpartner.net\/es\/inmueble\/villa-estilo-ibicenco-vista-mar-moraira-5500022\/\">Villa estilo ibicenco con vista al mar en Moraira El Portet<\/a><\/li>\n<li><a href=\"https:\/\/bulkpartner.net\/es\/inmueble\/villa-moderna-vistas-mar-benissa-5500012\/\">Villa moderna con vistas al mar en Benissa Fanadix<\/a><\/li>\n<li><a href=\"https:\/\/bulkpartner.net\/es\/inmueble\/finca-piedra-jardin-vistas-mar-benissa-5500007\/\">Finca de piedra con jard\u00edn y vistas al mar en Benissa Canor<\/a><\/li>\n<li><a href=\"https:\/\/bulkpartner.net\/es\/inmueble\/excepcional-finca-piedra-moraira-5500006\/\">Excepcional finca de piedra en Moraira Sabatera<\/a><\/li>\n<li><a href=\"https:\/\/bulkpartner.net\/es\/inmueble\/elegante-villa-lujo-primera-linea-moraira-5500003\/\">Elegante villa de lujo en primera l\u00ednea en Moraira Cap Blanc<\/a><\/li>\n<li><a href=\"https:\/\/bulkpartner.net\/es\/inmueble\/villa-lujo-primera-linea-moraira-5500054\/\">Villa de lujo en primera l\u00ednea en Moraira Cap Blanc<\/a><\/li>\n<\/ul>\n<\/div><br \/>\n<div class=\"wsp-container\"><h2 class=\"wsp-property-types-title\">Tipos de propiedad<\/h2>\n<ul class=\"wsp-property-types-list\">\n<li><a href=\"https:\/\/bulkpartner.net\/es\/tipo\/apartamento\/\">Apartamento<\/a><\/li>\n<li><a href=\"https:\/\/bulkpartner.net\/es\/tipo\/estilo-ibicenco\/\">Estilo ibicenco<\/a><\/li>\n<li><a href=\"https:\/\/bulkpartner.net\/es\/tipo\/finca-es\/\">Finca<\/a><\/li>\n<li><a href=\"https:\/\/bulkpartner.net\/es\/tipo\/lujo\/\">Lujo<\/a><\/li>\n<li><a href=\"https:\/\/bulkpartner.net\/es\/tipo\/nueva-construccion\/\">Nueva construcci\u00f3n<\/a><\/li>\n<li><a href=\"https:\/\/bulkpartner.net\/es\/tipo\/parcela\/\">Parcela<\/a><\/li>\n<li><a href=\"https:\/\/bulkpartner.net\/es\/tipo\/primera-linea\/\">Primera l\u00ednea<\/a><\/li>\n<li><a href=\"https:\/\/bulkpartner.net\/es\/tipo\/villa-es\/\">Villa<\/a><\/li>\n<\/ul>\n<\/div><br \/>\n<div class=\"wsp-container\"><h2 class=\"wsp-property-citys-title\">Ubicaciones de la Propiedad<\/h2>\n<ul class=\"wsp-property-citys-list\">\n<li><a href=\"https:\/\/bulkpartner.net\/es\/ubicacion\/altea-es\/\">Alt\u00e9a<\/a><\/li>\n<li><a href=\"https:\/\/bulkpartner.net\/es\/ubicacion\/altea-hills-es\/\">Alt\u00e9a Hills<\/a><\/li>\n<li><a href=\"https:\/\/bulkpartner.net\/es\/ubicacion\/altea-la-vella-es\/\">Alt\u00e9a la Vella<\/a><\/li>\n<li><a href=\"https:\/\/bulkpartner.net\/es\/ubicacion\/javea-ambolo-es\/\">Ambolo<\/a><\/li>\n<li><a href=\"https:\/\/bulkpartner.net\/es\/ubicacion\/javea-balcon-al-mar-es\/\">Balc\u00f3n al Mar<\/a><\/li>\n<li><a href=\"https:\/\/bulkpartner.net\/es\/ubicacion\/benidorm-es\/\">Benidorm<\/a><\/li>\n<li><a href=\"https:\/\/bulkpartner.net\/es\/ubicacion\/moraira-benimeit-es\/\">Benimeit<\/a><\/li>\n<li><a href=\"https:\/\/bulkpartner.net\/es\/ubicacion\/benissa-es\/\">Benissa<\/a><\/li>\n<li><a href=\"https:\/\/bulkpartner.net\/es\/ubicacion\/moraira-cala-andrago-es\/\">Cala Andrag\u00f3<\/a><\/li>\n<li><a href=\"https:\/\/bulkpartner.net\/es\/ubicacion\/altea-campomanes-es\/\">Campomanes<\/a><\/li>\n<li><a href=\"https:\/\/bulkpartner.net\/es\/ubicacion\/benissa-canor-es\/\">Canor<\/a><\/li>\n<li><a href=\"https:\/\/bulkpartner.net\/es\/ubicacion\/moraira-cap-blanc-es\/\">Cap Blanc<\/a><\/li>\n<li><a href=\"https:\/\/bulkpartner.net\/es\/ubicacion\/moraira-coma-de-los-frailes-es\/\">Coma de los Frailes<\/a><\/li>\n<li><a href=\"https:\/\/bulkpartner.net\/es\/ubicacion\/costa-blanca-es\/\">Costa Blanca<\/a><\/li>\n<li><a href=\"https:\/\/bulkpartner.net\/es\/ubicacion\/javea-cuesta-san-antonio-es\/\">Cuesta San Antonio<\/a><\/li>\n<li><a href=\"https:\/\/bulkpartner.net\/es\/ubicacion\/moraira-el-portet-es\/\">El Portet<\/a><\/li>\n<li><a href=\"https:\/\/bulkpartner.net\/es\/ubicacion\/benissa-fanadix-es\/\">Fanadix<\/a><\/li>\n<li><a href=\"https:\/\/bulkpartner.net\/es\/ubicacion\/javea-granadella-es\/\">Granadella<\/a><\/li>\n<li><a href=\"https:\/\/bulkpartner.net\/es\/ubicacion\/javea-es\/\">J\u00e1vea\/X\u00e0bia<\/a><\/li>\n<li><a href=\"https:\/\/bulkpartner.net\/es\/ubicacion\/moraira-la-sabatera-es\/\">La Sabatera<\/a><\/li>\n<li><a href=\"https:\/\/bulkpartner.net\/es\/ubicacion\/benissa-les-bassetes-es\/\">Les Bessetes<\/a><\/li>\n<li><a href=\"https:\/\/bulkpartner.net\/es\/ubicacion\/moraira-es\/\">Moraira<\/a><\/li>\n<li><a href=\"https:\/\/bulkpartner.net\/es\/ubicacion\/moraira-moravit-es\/\">Moravit<\/a><\/li>\n<li><a href=\"https:\/\/bulkpartner.net\/es\/ubicacion\/moraira-paichi-es\/\">Paichi<\/a><\/li>\n<li><a href=\"https:\/\/bulkpartner.net\/es\/ubicacion\/javea-portichol-es\/\">Portichol (Portixol)<\/a><\/li>\n<li><a href=\"https:\/\/bulkpartner.net\/es\/ubicacion\/moraira-portichol-club-nautico-es\/\">Portichol\/Club N\u00e1utico<\/a><\/li>\n<li><a href=\"https:\/\/bulkpartner.net\/es\/ubicacion\/sierra-de-altea-es\/\">Sierra de Alt\u00e9a<\/a><\/li>\n<li><a href=\"https:\/\/bulkpartner.net\/es\/ubicacion\/benidorm-sierra-dorada-es\/\">Sierra Dorada<\/a><\/li>\n<\/ul>\n<\/div>\n<\/div>\n<\/div>\n","protected":false},"excerpt":{"rendered":"<p>Nuestro mapa del sitio le da una visi\u00f3n general de los contenidos de nuestro sitio web (p\u00e1ginas, entradas de blog y nuestras propiedades).<\/p>\n","protected":false},"author":1,"featured_media":0,"parent":0,"menu_order":0,"comment_status":"closed","ping_status":"closed","template":"","meta":{"footnotes":""},"class_list":["post-13605","page","type-page","status-publish","hentry"],"_links":{"self":[{"href":"https:\/\/bulkpartner.net\/es\/wp-json\/wp\/v2\/pages\/13605","targetHints":{"allow":["GET"]}}],"collection":[{"href":"https:\/\/bulkpartner.net\/es\/wp-json\/wp\/v2\/pages"}],"about":[{"href":"https:\/\/bulkpartner.net\/es\/wp-json\/wp\/v2\/types\/page"}],"author":[{"embeddable":true,"href":"https:\/\/bulkpartner.net\/es\/wp-json\/wp\/v2\/users\/1"}],"replies":[{"embeddable":true,"href":"https:\/\/bulkpartner.net\/es\/wp-json\/wp\/v2\/comments?post=13605"}],"version-history":[{"count":0,"href":"https:\/\/bulkpartner.net\/es\/wp-json\/wp\/v2\/pages\/13605\/revisions"}],"wp:attachment":[{"href":"https:\/\/bulkpartner.net\/es\/wp-json\/wp\/v2\/media?parent=13605"}],"curies":[{"name":"wp","href":"https:\/\/api.w.org\/{rel}","templated":true}]}}