{"id":17104,"date":"2017-12-25T19:07:09","date_gmt":"2017-12-25T18:07:09","guid":{"rendered":"https:\/\/bulkpartner.net\/?page_id=17104"},"modified":"2025-02-13T22:50:31","modified_gmt":"2025-02-13T21:50:31","slug":"mejores-escuelas-internacionales-costa-blanca-norte","status":"publish","type":"page","link":"https:\/\/bulkpartner.net\/es\/mejores-escuelas-internacionales-costa-blanca-norte\/","title":{"rendered":"Los mejores escuelas internacionales en la Costa Blanca Norte"},"content":{"rendered":"<h2>Le presentamos las mejores escuelas internacionales en la Costa Blanca Norte<\/h2>\n<p>Si quiere instalarse con hijos en edad escolar en la Costa Blanca Norte, se plantea la cuesti\u00f3n de qu\u00e9 colegio elegir.<\/p>\n<p>La decisi\u00f3n depende en primer lugar de la planificaci\u00f3n vital de los padres: \u00bfEl traslado a la costa debe ser permanente o se trata de un periodo m\u00e1s corto?<\/p>\n<p>\u00bfLos certificados finales ofrecidos cumplen los requisitos y prerrequisitos de las universidades y colegios internacionales?<\/p>\n<p>\u00bfLas oportunidades educativas ofrecen a los ni\u00f1os un amplio abanico de opciones para su posterior formaci\u00f3n y una buena vida laboral?<\/p>\n<p>Nuestras recomendaciones a continuaci\u00f3n abarcan desde la guarder\u00eda, la educaci\u00f3n preescolar y la primaria hasta la secundaria.<\/p>\n<p>Las mejores escuelas internacionales<\/p>\n<div class=\"links\">\n<div class=\"arrow-list\">\n<ul>\n<li><a title=\"Las mejores escuelas internacionales en Alicante\" href=\"#alicante\">en Alicante<\/a><\/li>\n<li><a title=\"Las mejores escuelas internacionales en El Campello\" href=\"#el-campello\">en El Campello<\/a><\/li>\n<li><a title=\"Las mejores escuelas internacionales en Benidorm\" href=\"#benidorm\">en Benidorm<\/a><\/li>\n<li><a title=\"Las mejores escuelas internacionales en Alf\u00e0s del Pi\" href=\"#alfas-del-pi\">en Alf\u00e0s del Pi<\/a><\/li>\n<li><a title=\"Las mejores escuelas internacionales en La Nucia\" href=\"#la-nucia\">en La Nucia<\/a><\/li>\n<li><a title=\"Las mejores escuelas internacionales en Callosa d\u2019en Sarri\u00e0\" href=\"#callosa\">en Callosa d\u2019en Sarri\u00e0<\/a><\/li>\n<li><a title=\"Las mejores escuelas internacionales en Benitachell\" href=\"#benitachell\">en Benitachell<\/a><\/li>\n<li><a title=\"Las mejores escuelas internacionales en Ll\u00edber\" href=\"#lliber\">en Ll\u00edber<\/a><\/li>\n<li><a title=\"Las mejores escuelas internacionales en J\u00e1vea (X\u00e0bia)\" href=\"#javea\">en J\u00e1vea (X\u00e0bia)<\/a><\/li>\n<li><a title=\"Las mejores escuelas internacionales en Jes\u00fas Pobre\/D\u00e9nia\" href=\"#jesus-pobre-denia\">en Jes\u00fas Pobre\/D\u00e9nia<\/a><\/li>\n<\/ul>\n<div class=\"position-1\">\n<h3 id=\"alicante\">Alicante<\/h3>\n<p><a title=\"Enlace a King&#039;s College\" href=\"https:\/\/alicante.kingscollegeschools.org\" target=\"_blank\" rel=\"nofollow noopener noreferrer\">King&#8217;s College &#8211; The British School of Alicante<\/a><br \/>\nGlorieta del Reino Unido, 5, E-03008 Alicante (Espa\u00f1a)<br \/>\nTel\u00e9fono: <a href=\"tel:+34965106351\">+34 965 10 63 51<\/a><br \/>\nCorreo: <a href=\"mailto:info.kca@kingsgroup.org\">info.kca@kingsgroup.org<\/a><\/p>\n<p><a title=\"Enlace a King&#039;s College\" href=\"https:\/\/escuelaeuropea.org\/en\/\" target=\"_blank\" rel=\"nofollow noopener noreferrer\">European School of Alicante<\/a><br \/>\nLocutor Vicente Hip\u00f3lito St., s\/n, E-03540 Alicante (Espa\u00f1a)<br \/>\nTel\u00e9fono: <a href=\"tel:+34965269595\">+34 965 26 95 95<\/a><\/p>\n<\/div>\n<div class=\"position\">\n<h3 id=\"el-campello\">El Campello<\/h3>\n<p><a title=\"Enlace a Lyc\u00e9e Fran\u00e7ais Alicante\" href=\"http:\/\/www.lfalicante.org\/fr\/\" target=\"_blank\" rel=\"nofollow noopener noreferrer\">Lyc\u00e9e Fran\u00e7ais Alicante<\/a><br \/>\nCamino de Marco, 21, E-03560 El Campello (Alicante, Espa\u00f1a)<br \/>\nTel\u00e9fono: <a href=\"tel:+34965262508\">+34 965 26 25 08<\/a><br \/>\nCorreo: <a href=\"mailto:lf.alicante@mlfmonde.org\">lf.alicante@mlfmonde.org<\/a><\/p>\n<\/div>\n<div class=\"position\">\n<h3 id=\"benidorm\">Benidorm<\/h3>\n<p><a title=\"Enlace a Colegio Internacional Lope de Vega\" href=\"https:\/\/www.lopedevega.es\/\" target=\"_blank\" rel=\"nofollow noopener noreferrer\">Colegio Internacional Lope de Vega<\/a><br \/>\nAvda. Doctor Severo Ochoa, 9, E-03503 Benidorm (Alicante, Espa\u00f1a)<br \/>\nTel\u00e9fono: <a href=\"tel:+34965854150\">+34 965 85 41 50<\/a><br \/>\nCorreo: <a href=\"mailto:contacto@lopedevega.es\">contacto@lopedevega.es<\/a><\/p>\n<p><a title=\"Enlace a Costa Blanca International College\" href=\"http:\/\/www.costablancacollege.com\" target=\"_blank\" rel=\"nofollow noopener noreferrer\">Costa Blanca International College<\/a><br \/>\nAvenida del Albir, 16, E-03503 Benidorm (Alicante, Espa\u00f1a)<br \/>\nTel\u00e9fono: <a href=\"tel:+34966803411\">+34 966 80 34 11<\/a><br \/>\nCorreo: <a href=\"mailto:info@costablancacollege.com\">info@costablancacollege.com<\/a><\/p>\n<\/div>\n<div class=\"position\">\n<h3 id=\"alfas-del-pi\">Alf\u00e0s del Pi<\/h3>\n<p><a title=\"Enlace a Den Norske Skole Costa Blanca\" href=\"https:\/\/www.costablancaskole.com\" target=\"_blank\" rel=\"nofollow noopener noreferrer\">Den Norske Skole Costa Blanca<\/a><br \/>\nRiu Guadiana, 14 \/ Urb. El Oasis, E-03580 Alf\u00e0s del Pi (Alicante, Espa\u00f1a)<br \/>\nTel\u00e9fono: <a href=\"tel:+34965887767\">+34 965 88 77 67<\/a><br \/>\nCorreo: <a href=\"mailto:costablancaskole@costablancaskole.com\">costablancaskole@costablancaskole.com<\/a><\/p>\n<p><a title=\"Enlace a Sierra Bernia School\" href=\"https:\/\/sierraberniaschool.es\/es\/\" target=\"_blank\" rel=\"nofollow noopener noreferrer\">Sierra Bernia School<\/a><br \/>\nSant Rafel, 8, E-03580 Alf\u00e0s del Pi (Alicante, Espa\u00f1a)<br \/>\nTel\u00e9fono: <a href=\"tel:+34966875149\">+34 966 87 51 49<\/a><br \/>\nCorreo: <a href=\"mailto:info@sierraberniaschool.es\">info@sierraberniaschool.es<\/a><\/p>\n<\/div>\n<div class=\"position\">\n<h3 id=\"la-nucia\">La Nucia<\/h3>\n<p><a title=\"Enlace a AIS - Alt\u00e9a International School\" href=\"https:\/\/altea-international-school.es\/ais\/\" target=\"_blank\" rel=\"nofollow noopener noreferrer\">AIS &#8211; Alt\u00e9a International School<\/a><br \/>\nPartida Captivador, 18, E-03530 La Nucia (Alicante, Espa\u00f1a)<br \/>\nTel\u00e9fono: <a href=\"tel:+34625295634\">+34 625 29 56 34<\/a><br \/>\nCorreo: <a href=\"mailto:info@altea-international-school.es\">info@altea-international-school.es<\/a><\/p>\n<p><a title=\"Enlace a Elian&#039;s British School\" href=\"https:\/\/www.ialeschool.com\" target=\"_blank\" rel=\"nofollow noopener noreferrer\">Elian&#8217;s British School<\/a><br \/>\nAv. El Copet, 5, E-03530 La Nuc\u00eda (Alicante, Espa\u00f1a)<br \/>\nTel\u00e9fono: <a href=\"tel:+34966877055\">+34 966 87 70 55<\/a><br \/>\nCorreo: <a href=\"mailto:info.kca@kingsgroup.org\">info.kca@kingsgroup.org<\/a><\/p>\n<\/div>\n<div class=\"position\">\n<h3 id=\"callosa\">Callosa d\u2019en Sarri\u00e0<\/h3>\n<p><a title=\"Enlace a Centro Privado de Ense\u00f1anza Almedia\" href=\"https:\/\/www.almedia.org\" target=\"_blank\" rel=\"nofollow noopener noreferrer\">Centro Privado de Ense\u00f1anza Almedia<\/a><br \/>\nPartida Colomina, s\/n, E03510 Callosa d&#8217;en Sarri\u00e0 (Alicante, Espa\u00f1a)<br \/>\nTel\u00e9fono: <a href=\"tel:+34965881141\">+34 965 88 11 41<\/a><br \/>\nCorreo: <a href=\"mailto:info@almedia.org\">info@almedia.org<\/a><\/p>\n<\/div>\n<div class=\"position\">\n<h3 id=\"benitachell\">Benitachell<\/h3>\n<p><a title=\"Enlace a LAUDE The Lady Elizabeth Junior School\" href=\"https:\/\/en.laudeladyelizabeth.com\" target=\"_blank\" rel=\"nofollow noopener noreferrer\">LAUDE The Lady Elizabeth Junior School<\/a><br \/>\nEntrada Norte de la Cumbre del Sol, E-03726 Benitachell (Alicante, Espa\u00f1a)<br \/>\nTel\u00e9fono: <a href=\"tel:+34965790252\">+34 965 790 252<\/a><br \/>\nCorreo: <a href=\"mailto:junior@laudeladyelizabeth.com\">junior@laudeladyelizabeth.com<\/a><\/p>\n<\/div>\n<div class=\"position\">\n<h3 id=\"lliber\">Ll\u00edber<\/h3>\n<p><a title=\"Enlace a LAUDE The Lady Elizabeth Senior School\" href=\"https:\/\/en.laudeladyelizabeth.com\" target=\"_blank\" rel=\"nofollow noopener noreferrer\">LAUDE The Lady Elizabeth Senior School<\/a><br \/>\nCarretera Benissa-Jal\u00f3n, s\/n, E-03729 Ll\u00edber (Alicante, Espa\u00f1a)<br \/>\nTel\u00e9fono: <a href=\"tel:+34965790252\">+34 965 790 252<\/a><br \/>\nCorreo: <a href=\"mailto:info@laudeladyelizabeth.com\">info@laudeladyelizabeth.com<\/a><\/p>\n<\/div>\n<div class=\"position\">\n<h3 id=\"javea\">J\u00e1vea (X\u00e0bia)<\/h3>\n<p><a title=\"Enlace a J\u00e1vea International College Primary School\" href=\"http:\/\/www.xabiainternationalcollege.com\" target=\"_blank\" rel=\"nofollow noopener noreferrer\">J\u00e1vea International College Primary School<\/a><br \/>\nCarretera Portitxol, 139 \/ Carrer Illa, E-03730 J\u00e1vea\/X\u00e0bia (Alicante, Espa\u00f1a)<br \/>\nTel\u00e9fono: <a href=\"tel:+34966473110\">+34 966 47 31 10<\/a><br \/>\nCorreo: <a href=\"mailto:primary@xabiainternationalcollege.com\">primary@xabiainternationalcollege.com<\/a><\/p>\n<p><a title=\"Enlace a J\u00e1vea International College Primary School\" href=\"http:\/\/www.xabiainternationalcollege.com\" target=\"_blank\" rel=\"nofollow noopener noreferrer\">J\u00e1vea International College Secondary School<\/a><br \/>\nCarretera Cabo la Nao, 21 \/ Calle Tr\u00edpoli, E-03730 J\u00e1vea\/X\u00e0bia (Alicante, Espa\u00f1a)<br \/>\nTel\u00e9fono: <a href=\"tel:+34966473110\">+34 966 47 31 10<\/a><br \/>\nCorreo: <a href=\"mailto:secondary@xabiainternationalcollege.com\">secondary@xabiainternationalcollege.com<\/a><\/p>\n<p><a title=\"Link to J\u00e1vea International College Primary School\" href=\"http:\/\/www.waldorfelmontgo.com\" target=\"_blank\" rel=\"nofollow noopener noreferrer\">Waldorf El Montg\u00f3<\/a><br \/>\nCalle del Boix, 1 \/ Trencall, \u00a0E-03730 J\u00e1vea\/X\u00e0bia (Alicante, Espa\u00f1a)<br \/>\nTel\u00e9fono: <a href=\"tel:+34690952710\">+34 690 95 27 10<\/a><br \/>\nCorreo: <a href=\"mailto:info@waldorfelmontgo.com\">info@waldorfelmontgo.com<\/a><\/p>\n<\/div>\n<div class=\"position\">\n<h3 id=\"jesus-pobre-denia\">Jes\u00fas Pobre\/D\u00e9nia<\/h3>\n<p><a title=\"Enlace a Steve Jobs School J\u00e1vea\" href=\"https:\/\/www.stevejobsschooljavea.es\" target=\"_blank\" rel=\"nofollow noopener noreferrer\">Steve Jobs School J\u00e1vea \/ SJSJ International School<\/a><br \/>\nAlqueria de Ferrando, s\/n, E-03749 Jes\u00fas Pobre\/D\u00e9nia (Alicante, Espa\u00f1a)<br \/>\nTel\u00e9fono: <a href=\"tel:+34627121670\">+34 627 12 16 70<\/a><br \/>\nCorreo: <a href=\"mailto:info@stevejobsschooljavea.es\">info@stevejobsschooljavea.es<\/a><\/p>\n<\/div>\n<\/div>\n<\/div>\n<div class=\"links\">\n<h2>Otros enlaces:<\/h2>\n<div class=\"arrow-list\">\n<ul>\n<li><a title=\"Puertos deportivos en la Costa Blanca Norte\" href=\"https:\/\/bulkpartner.net\/es\/mejores-puertos-deportivos-costa-blanca-norte\/\" target=\"_self\" rel=\"noopener noreferrer\">Puertos deportivos Costa Blanca Norte<\/a><\/li>\n<li><a title=\"Clubes de Golf &amp; Campos de golf Costa Blanca Norte\" href=\"https:\/\/bulkpartner.net\/es\/mejores-campos-golf-clubs-costa-blanca-norte\/\" target=\"_self\" rel=\"noopener noreferrer\">Campos de golf Costa Blanca Norte<\/a><\/li>\n<li><a title=\"Hoteles en la Costa Blanca Norte\" href=\"https:\/\/bulkpartner.net\/es\/mejores-hoteles-costa-blanca-norte\/\" target=\"_self\" rel=\"noopener noreferrer\">Hoteles Costa Blanca Norte<\/a><\/li>\n<li><a title=\"Restaurantes \/ Bares \/ Caf\u00e9s en la Costa Blanca Norte\" href=\"https:\/\/bulkpartner.net\/es\/mejores-restaurantes-bares-cafes-costa-blanca-norte\/\" target=\"_self\" rel=\"noopener noreferrer\">Restaurantes \/ Bares \/ Caf\u00e9s Costa Blanca Norte<\/a><\/li>\n<\/ul>\n<\/div>\n<\/div>\n<div class=\"content-footer\">Nuestra pasi\u00f3n son inmuebles &#8230;<\/div>\n<div class=\"shariff-pages\"><div class=\"shariff shariff-align-flex-start shariff-widget-align-flex-start shariff-buttonstretch\" data-services=\"facebook%7Cvk%7Cpinterest\" data-url=\"https%3A%2F%2Fbulkpartner.net%2Fes%2Fmejores-escuelas-internacionales-costa-blanca-norte%2F\" data-timestamp=\"1739487031\" data-hidezero=\"1\" data-backendurl=\"https:\/\/bulkpartner.net\/es\/wp-json\/shariff\/v1\/share_counts?\"><ul class=\"shariff-buttons theme-grey orientation-horizontal buttonsize-small\"><li class=\"shariff-button facebook\" style=\"background-color:#d3d0d0\"><a href=\"https:\/\/www.facebook.com\/sharer\/sharer.php?u=https%3A%2F%2Fbulkpartner.net%2Fes%2Fmejores-escuelas-internacionales-costa-blanca-norte%2F\" title=\"Compartir en Facebook\" aria-label=\"Compartir en Facebook\" role=\"button\" rel=\"nofollow\" class=\"shariff-link\" style=\"; background-color:#dbdbdb; color:#fff\" target=\"_blank\"><span class=\"shariff-icon\" style=\"\"><svg width=\"32px\" height=\"20px\" xmlns=\"http:\/\/www.w3.org\/2000\/svg\" viewBox=\"0 0 18 32\"><path fill=\"#3b5998\" d=\"M17.1 0.2v4.7h-2.8q-1.5 0-2.1 0.6t-0.5 1.9v3.4h5.2l-0.7 5.3h-4.5v13.6h-5.5v-13.6h-4.5v-5.3h4.5v-3.9q0-3.3 1.9-5.2t5-1.8q2.6 0 4.1 0.2z\"\/><\/svg><\/span><span class=\"shariff-text\">compartir<\/span>&nbsp;<span data-service=\"facebook\" style=\"color:#fff\" class=\"shariff-count shariff-hidezero\"><\/span>&nbsp;<\/a><\/li><li class=\"shariff-button vk\" style=\"background-color:#d3d0d0\"><a href=\"https:\/\/vk.com\/share.php?url=https%3A%2F%2Fbulkpartner.net%2Fes%2Fmejores-escuelas-internacionales-costa-blanca-norte%2F\" title=\"Compartir en VK\" aria-label=\"Compartir en VK\" role=\"button\" rel=\"noopener nofollow\" class=\"shariff-link\" style=\"; background-color:#dbdbdb; color:#fff\" target=\"_blank\"><span class=\"shariff-icon\" style=\"\"><svg width=\"32px\" height=\"20px\" xmlns=\"http:\/\/www.w3.org\/2000\/svg\" viewBox=\"0 0 34 32\"><path fill=\"#527498\" d=\"M34.2 9.3q0.4 1.1-2.7 5.3-0.4 0.6-1.2 1.5-1.4 1.8-1.6 2.3-0.3 0.7 0.3 1.4 0.3 0.4 1.4 1.5h0l0.1 0.1q2.5 2.3 3.4 3.9 0.1 0.1 0.1 0.2t0.1 0.5 0 0.6-0.4 0.5-1.1 0.2l-4.6 0.1q-0.4 0.1-1-0.1t-0.9-0.4l-0.4-0.2q-0.5-0.4-1.2-1.1t-1.2-1.4-1.1-1-1-0.3q-0.1 0-0.1 0.1t-0.3 0.3-0.4 0.5-0.3 0.9-0.1 1.4q0 0.3-0.1 0.5t-0.1 0.3l-0.1 0.1q-0.3 0.3-0.9 0.4h-2.1q-1.3 0.1-2.6-0.3t-2.3-0.9-1.8-1.2-1.3-1l-0.4-0.4q-0.2-0.2-0.5-0.5t-1.3-1.6-1.9-2.7-2.2-3.8-2.3-4.9q-0.1-0.3-0.1-0.5t0.1-0.3l0.1-0.1q0.3-0.3 1-0.3l4.9 0q0.2 0 0.4 0.1t0.3 0.2l0.1 0.1q0.3 0.2 0.4 0.6 0.4 0.9 0.8 1.8t0.7 1.5l0.3 0.5q0.5 1.1 1 1.9t0.9 1.2 0.7 0.7 0.6 0.3 0.5-0.1q0 0 0.1-0.1t0.2-0.4 0.2-0.8 0.2-1.4 0-2.2q0-0.7-0.2-1.3t-0.2-0.8l-0.1-0.2q-0.4-0.6-1.5-0.8-0.2 0 0.1-0.4 0.3-0.3 0.7-0.5 0.9-0.5 4.3-0.4 1.5 0 2.4 0.2 0.4 0.1 0.6 0.2t0.4 0.4 0.2 0.6 0.1 0.8 0 1 0 1.3 0 1.5q0 0.2 0 0.8t0 0.9 0.1 0.7 0.2 0.7 0.4 0.4q0.1 0 0.3 0.1t0.5-0.2 0.7-0.6 0.9-1.2 1.2-1.9q1.1-1.9 1.9-4 0.1-0.2 0.2-0.3t0.2-0.2l0.1-0.1 0.1 0t0.2-0.1 0.4 0l5.1 0q0.7-0.1 1.1 0t0.6 0.3z\"\/><\/svg><\/span><span class=\"shariff-text\">compartir<\/span>&nbsp;<span data-service=\"vk\" style=\"color:#fff\" class=\"shariff-count shariff-hidezero\"><\/span>&nbsp;<\/a><\/li><li class=\"shariff-button twitter\" style=\"background-color:#d3d0d0\"><a href=\"https:\/\/twitter.com\/share?url=https%3A%2F%2Fbulkpartner.net%2Fes%2Fmejores-escuelas-internacionales-costa-blanca-norte%2F&text=Los%20mejores%20escuelas%20internacionales%20en%20la%20Costa%20Blanca%20Norte&via=bulkpartner\" title=\"Compartir en X\" aria-label=\"Compartir en X\" role=\"button\" rel=\"noopener nofollow\" class=\"shariff-link\" style=\"; background-color:#dbdbdb; color:#fff\" target=\"_blank\"><span class=\"shariff-icon\" style=\"\"><svg width=\"32px\" height=\"20px\" xmlns=\"http:\/\/www.w3.org\/2000\/svg\" viewBox=\"0 0 24 24\"><path fill=\"#000\" d=\"M14.258 10.152L23.176 0h-2.113l-7.747 8.813L7.133 0H0l9.352 13.328L0 23.973h2.113l8.176-9.309 6.531 9.309h7.133zm-2.895 3.293l-.949-1.328L2.875 1.56h3.246l6.086 8.523.945 1.328 7.91 11.078h-3.246zm0 0\"\/><\/svg><\/span><span class=\"shariff-text\">compartir<\/span>&nbsp;<\/a><\/li><li class=\"shariff-button linkedin\" style=\"background-color:#d3d0d0\"><a href=\"https:\/\/www.linkedin.com\/sharing\/share-offsite\/?url=https%3A%2F%2Fbulkpartner.net%2Fes%2Fmejores-escuelas-internacionales-costa-blanca-norte%2F\" title=\"Compartir en LinkedIn\" aria-label=\"Compartir en LinkedIn\" role=\"button\" rel=\"noopener nofollow\" class=\"shariff-link\" style=\"; background-color:#dbdbdb; color:#fff\" target=\"_blank\"><span class=\"shariff-icon\" style=\"\"><svg width=\"32px\" height=\"20px\" xmlns=\"http:\/\/www.w3.org\/2000\/svg\" viewBox=\"0 0 27 32\"><path fill=\"#0077b5\" d=\"M6.2 11.2v17.7h-5.9v-17.7h5.9zM6.6 5.7q0 1.3-0.9 2.2t-2.4 0.9h0q-1.5 0-2.4-0.9t-0.9-2.2 0.9-2.2 2.4-0.9 2.4 0.9 0.9 2.2zM27.4 18.7v10.1h-5.9v-9.5q0-1.9-0.7-2.9t-2.3-1.1q-1.1 0-1.9 0.6t-1.2 1.5q-0.2 0.5-0.2 1.4v9.9h-5.9q0-7.1 0-11.6t0-5.3l0-0.9h5.9v2.6h0q0.4-0.6 0.7-1t1-0.9 1.6-0.8 2-0.3q3 0 4.9 2t1.9 6z\"\/><\/svg><\/span><span class=\"shariff-text\">compartir<\/span>&nbsp;<\/a><\/li><li class=\"shariff-button pinterest\" style=\"background-color:#d3d0d0\"><a href=\"https:\/\/www.pinterest.com\/pin\/create\/link\/?url=https%3A%2F%2Fbulkpartner.net%2Fes%2Fmejores-escuelas-internacionales-costa-blanca-norte%2F&media=https%3A%2F%2Fbulkpartner.net%2Fwp-content%2Fuploads%2F2017%2F12%2Fprivate-schools-costa-blanca-north.jpg&description=Los%20mejores%20escuelas%20internacionales%20en%20la%20Costa%20Blanca%20Norte\" title=\"Ahorrar en Pinterest\" aria-label=\"Ahorrar en Pinterest\" role=\"button\" rel=\"noopener nofollow\" class=\"shariff-link\" style=\"; background-color:#dbdbdb; color:#fff\" target=\"_blank\"><span class=\"shariff-icon\" style=\"\"><svg width=\"32px\" height=\"20px\" xmlns=\"http:\/\/www.w3.org\/2000\/svg\" viewBox=\"0 0 27 32\"><path fill=\"#cb2027\" d=\"M27.4 16q0 3.7-1.8 6.9t-5 5-6.9 1.9q-2 0-3.9-0.6 1.1-1.7 1.4-2.9 0.2-0.6 1-3.8 0.4 0.7 1.3 1.2t2 0.5q2.1 0 3.8-1.2t2.7-3.4 0.9-4.8q0-2-1.1-3.8t-3.1-2.9-4.5-1.2q-1.9 0-3.5 0.5t-2.8 1.4-2 2-1.2 2.3-0.4 2.4q0 1.9 0.7 3.3t2.1 2q0.5 0.2 0.7-0.4 0-0.1 0.1-0.5t0.2-0.5q0.1-0.4-0.2-0.8-0.9-1.1-0.9-2.7 0-2.7 1.9-4.6t4.9-2q2.7 0 4.2 1.5t1.5 3.8q0 3-1.2 5.2t-3.1 2.1q-1.1 0-1.7-0.8t-0.4-1.9q0.1-0.6 0.5-1.7t0.5-1.8 0.2-1.4q0-0.9-0.5-1.5t-1.4-0.6q-1.1 0-1.9 1t-0.8 2.6q0 1.3 0.4 2.2l-1.8 7.5q-0.3 1.2-0.2 3.2-3.7-1.6-6-5t-2.3-7.6q0-3.7 1.9-6.9t5-5 6.9-1.9 6.9 1.9 5 5 1.8 6.9z\"\/><\/svg><\/span><span class=\"shariff-text\">ahorrar<\/span>&nbsp;<span data-service=\"pinterest\" style=\"color:#fff\" class=\"shariff-count shariff-hidezero\"><\/span>&nbsp;<\/a><\/li><li class=\"shariff-button whatsapp shariff-mobile\" style=\"background-color:#d3d0d0\"><a href=\"https:\/\/api.whatsapp.com\/send?text=https%3A%2F%2Fbulkpartner.net%2Fes%2Fmejores-escuelas-internacionales-costa-blanca-norte%2F%20Los%20mejores%20escuelas%20internacionales%20en%20la%20Costa%20Blanca%20Norte\" title=\"Compartir en Whatsapp\" aria-label=\"Compartir en Whatsapp\" role=\"button\" rel=\"noopener nofollow\" class=\"shariff-link\" style=\"; background-color:#dbdbdb; color:#fff\" target=\"_blank\"><span class=\"shariff-icon\" style=\"\"><svg width=\"32px\" height=\"20px\" xmlns=\"http:\/\/www.w3.org\/2000\/svg\" viewBox=\"0 0 32 32\"><path fill=\"#34af23\" d=\"M17.6 17.4q0.2 0 1.7 0.8t1.6 0.9q0 0.1 0 0.3 0 0.6-0.3 1.4-0.3 0.7-1.3 1.2t-1.8 0.5q-1 0-3.4-1.1-1.7-0.8-3-2.1t-2.6-3.3q-1.3-1.9-1.3-3.5v-0.1q0.1-1.6 1.3-2.8 0.4-0.4 0.9-0.4 0.1 0 0.3 0t0.3 0q0.3 0 0.5 0.1t0.3 0.5q0.1 0.4 0.6 1.6t0.4 1.3q0 0.4-0.6 1t-0.6 0.8q0 0.1 0.1 0.3 0.6 1.3 1.8 2.4 1 0.9 2.7 1.8 0.2 0.1 0.4 0.1 0.3 0 1-0.9t0.9-0.9zM14 26.9q2.3 0 4.3-0.9t3.6-2.4 2.4-3.6 0.9-4.3-0.9-4.3-2.4-3.6-3.6-2.4-4.3-0.9-4.3 0.9-3.6 2.4-2.4 3.6-0.9 4.3q0 3.6 2.1 6.6l-1.4 4.2 4.3-1.4q2.8 1.9 6.2 1.9zM14 2.2q2.7 0 5.2 1.1t4.3 2.9 2.9 4.3 1.1 5.2-1.1 5.2-2.9 4.3-4.3 2.9-5.2 1.1q-3.5 0-6.5-1.7l-7.4 2.4 2.4-7.2q-1.9-3.2-1.9-6.9 0-2.7 1.1-5.2t2.9-4.3 4.3-2.9 5.2-1.1z\"\/><\/svg><\/span><span class=\"shariff-text\">compartir<\/span>&nbsp;<\/a><\/li><li class=\"shariff-button telegram\" style=\"background-color:#d3d0d0\"><a href=\"https:\/\/telegram.me\/share\/url?url=https%3A%2F%2Fbulkpartner.net%2Fes%2Fmejores-escuelas-internacionales-costa-blanca-norte%2F&text=Los%20mejores%20escuelas%20internacionales%20en%20la%20Costa%20Blanca%20Norte\" title=\"Compartir en Telegram\" aria-label=\"Compartir en Telegram\" role=\"button\" rel=\"noopener nofollow\" class=\"shariff-link\" style=\"; background-color:#dbdbdb; color:#fff\" target=\"_blank\"><span class=\"shariff-icon\" style=\"\"><svg width=\"32px\" height=\"20px\" xmlns=\"http:\/\/www.w3.org\/2000\/svg\" viewBox=\"0 0 32 32\"><path fill=\"#0088cc\" d=\"M30.8 6.5l-4.5 21.4c-.3 1.5-1.2 1.9-2.5 1.2L16.9 24l-3.3 3.2c-.4.4-.7.7-1.4.7l.5-7L25.5 9.2c.6-.5-.1-.8-.9-.3l-15.8 10L2 16.7c-1.5-.5-1.5-1.5.3-2.2L28.9 4.3c1.3-.5 2.3.3 1.9 2.2z\"\/><\/svg><\/span><span class=\"shariff-text\">compartir<\/span>&nbsp;<\/a><\/li><li class=\"shariff-button mailto\" style=\"background-color:#d3d0d0\"><a href=\"mailto:?body=https%3A%2F%2Fbulkpartner.net%2Fes%2Fmejores-escuelas-internacionales-costa-blanca-norte%2F&subject=Los%20mejores%20escuelas%20internacionales%20en%20la%20Costa%20Blanca%20Norte\" title=\"Enviar por correo electr\u00f3nico\" aria-label=\"Enviar por correo electr\u00f3nico\" role=\"button\" rel=\"noopener nofollow\" class=\"shariff-link\" style=\"; background-color:#dbdbdb; color:#fff\"><span class=\"shariff-icon\" style=\"\"><svg width=\"32px\" height=\"20px\" xmlns=\"http:\/\/www.w3.org\/2000\/svg\" viewBox=\"0 0 32 32\"><path fill=\"#999\" d=\"M32 12.7v14.2q0 1.2-0.8 2t-2 0.9h-26.3q-1.2 0-2-0.9t-0.8-2v-14.2q0.8 0.9 1.8 1.6 6.5 4.4 8.9 6.1 1 0.8 1.6 1.2t1.7 0.9 2 0.4h0.1q0.9 0 2-0.4t1.7-0.9 1.6-1.2q3-2.2 8.9-6.1 1-0.7 1.8-1.6zM32 7.4q0 1.4-0.9 2.7t-2.2 2.2q-6.7 4.7-8.4 5.8-0.2 0.1-0.7 0.5t-1 0.7-0.9 0.6-1.1 0.5-0.9 0.2h-0.1q-0.4 0-0.9-0.2t-1.1-0.5-0.9-0.6-1-0.7-0.7-0.5q-1.6-1.1-4.7-3.2t-3.6-2.6q-1.1-0.7-2.1-2t-1-2.5q0-1.4 0.7-2.3t2.1-0.9h26.3q1.2 0 2 0.8t0.9 2z\"\/><\/svg><\/span><span class=\"shariff-text\">correo<\/span>&nbsp;<\/a><\/li><\/ul><\/div><\/div>\n","protected":false},"excerpt":{"rendered":"<p>Le presentamos las mejores escuelas internacionales en la Costa Blanca Norte Si quiere instalarse con hijos en edad escolar en la Costa Blanca Norte, se plantea la cuesti\u00f3n de qu\u00e9 colegio elegir. La decisi\u00f3n depende en primer lugar de la planificaci\u00f3n vital de los padres: \u00bfEl traslado a la costa debe ser permanente o se&#8230;<\/p>\n","protected":false},"author":1,"featured_media":11677,"parent":0,"menu_order":0,"comment_status":"closed","ping_status":"closed","template":"","meta":{"footnotes":""},"class_list":["post-17104","page","type-page","status-publish","has-post-thumbnail","hentry"],"_links":{"self":[{"href":"https:\/\/bulkpartner.net\/es\/wp-json\/wp\/v2\/pages\/17104","targetHints":{"allow":["GET"]}}],"collection":[{"href":"https:\/\/bulkpartner.net\/es\/wp-json\/wp\/v2\/pages"}],"about":[{"href":"https:\/\/bulkpartner.net\/es\/wp-json\/wp\/v2\/types\/page"}],"author":[{"embeddable":true,"href":"https:\/\/bulkpartner.net\/es\/wp-json\/wp\/v2\/users\/1"}],"replies":[{"embeddable":true,"href":"https:\/\/bulkpartner.net\/es\/wp-json\/wp\/v2\/comments?post=17104"}],"version-history":[{"count":0,"href":"https:\/\/bulkpartner.net\/es\/wp-json\/wp\/v2\/pages\/17104\/revisions"}],"wp:featuredmedia":[{"embeddable":true,"href":"https:\/\/bulkpartner.net\/es\/wp-json\/wp\/v2\/media\/11677"}],"wp:attachment":[{"href":"https:\/\/bulkpartner.net\/es\/wp-json\/wp\/v2\/media?parent=17104"}],"curies":[{"name":"wp","href":"https:\/\/api.w.org\/{rel}","templated":true}]}}