{"id":2743,"date":"2017-04-15T16:20:58","date_gmt":"2017-04-15T14:20:58","guid":{"rendered":"\/?page_id=2743\/"},"modified":"2026-04-20T17:46:32","modified_gmt":"2026-04-20T15:46:32","slug":"contacto","status":"publish","type":"page","link":"https:\/\/bulkpartner.net\/es\/contacto\/","title":{"rendered":"Contacto Bulk &#038; Partner"},"content":{"rendered":"<h2>Nuestros datos de contacto<\/h2>\n<p>\nEstaremos encantados de atenderle y asesorarle personalmente en su proyecto inmobiliario en la Costa Blanca Norte.\n<\/p>\n<h2>P\u00f3ngase en contacto con nosotros<\/h2>\n<div class=\"contact-info\">\n<p><span class=\"bp-contact-line\"><a href=\"https:\/\/wa.me\/34621332882\" class=\"bp-contact-link bp-contact-link--wa\" title=\"Chatea en WhatsApp\" target=\"_blank\" rel=\"noopener nofollow\"><?xml version=\"1.0\" encoding=\"utf-8\"?><!-- Uploaded to: SVG Repo, www.svgrepo.com, Generator: SVG Repo Mixer Tools -->\r\n<svg class=\"bp-social-icon\" aria-hidden=\"true\" focusable=\"false\" width=\"800px\" height=\"800px\" viewBox=\"0 0 24 24\"  xmlns=\"http:\/\/www.w3.org\/2000\/svg\">\r\n<path fill-rule=\"evenodd\" clip-rule=\"evenodd\" d=\"M3.50002 12C3.50002 7.30558 7.3056 3.5 12 3.5C16.6944 3.5 20.5 7.30558 20.5 12C20.5 16.6944 16.6944 20.5 12 20.5C10.3278 20.5 8.77127 20.0182 7.45798 19.1861C7.21357 19.0313 6.91408 18.9899 6.63684 19.0726L3.75769 19.9319L4.84173 17.3953C4.96986 17.0955 4.94379 16.7521 4.77187 16.4751C3.9657 15.176 3.50002 13.6439 3.50002 12ZM12 1.5C6.20103 1.5 1.50002 6.20101 1.50002 12C1.50002 13.8381 1.97316 15.5683 2.80465 17.0727L1.08047 21.107C0.928048 21.4637 0.99561 21.8763 1.25382 22.1657C1.51203 22.4552 1.91432 22.5692 2.28599 22.4582L6.78541 21.1155C8.32245 21.9965 10.1037 22.5 12 22.5C17.799 22.5 22.5 17.799 22.5 12C22.5 6.20101 17.799 1.5 12 1.5ZM14.2925 14.1824L12.9783 15.1081C12.3628 14.7575 11.6823 14.2681 10.9997 13.5855C10.2901 12.8759 9.76402 12.1433 9.37612 11.4713L10.2113 10.7624C10.5697 10.4582 10.6678 9.94533 10.447 9.53028L9.38284 7.53028C9.23954 7.26097 8.98116 7.0718 8.68115 7.01654C8.38113 6.96129 8.07231 7.046 7.84247 7.24659L7.52696 7.52195C6.76823 8.18414 6.3195 9.2723 6.69141 10.3741C7.07698 11.5163 7.89983 13.314 9.58552 14.9997C11.3991 16.8133 13.2413 17.5275 14.3186 17.8049C15.1866 18.0283 16.008 17.7288 16.5868 17.2572L17.1783 16.7752C17.4313 16.5691 17.5678 16.2524 17.544 15.9269C17.5201 15.6014 17.3389 15.308 17.0585 15.1409L15.3802 14.1409C15.0412 13.939 14.6152 13.9552 14.2925 14.1824Z\" \/>\r\n<\/svg><span class=\"whatsapp-text\">WhatsApp<\/span><\/a><\/span><br \/>\n<span class=\"bp-contact-line-phone\"><a href=\"tel:+34606251329\" class=\"bp-contact-phone\" title=\"Llamar a Bulk &#038; Partner\"><?xml version=\"1.0\" encoding=\"utf-8\"?><!-- Uploaded to: SVG Repo, www.svgrepo.com, Generator: SVG Repo Mixer Tools -->\r\n<svg class=\"bp-social-icon\" aria-hidden=\"true\" focusable=\"false\" width=\"800px\" height=\"800px\" viewBox=\"0 0 24 24\"  xmlns=\"http:\/\/www.w3.org\/2000\/svg\">\r\n<path d=\"M16.5562 12.9062L16.1007 13.359C16.1007 13.359 15.0181 14.4355 12.0631 11.4972C9.10812 8.55901 10.1907 7.48257 10.1907 7.48257L10.4775 7.19738C11.1841 6.49484 11.2507 5.36691 10.6342 4.54348L9.37326 2.85908C8.61028 1.83992 7.13596 1.70529 6.26145 2.57483L4.69185 4.13552C4.25823 4.56668 3.96765 5.12559 4.00289 5.74561C4.09304 7.33182 4.81071 10.7447 8.81536 14.7266C13.0621 18.9492 17.0468 19.117 18.6763 18.9651C19.1917 18.9171 19.6399 18.6546 20.0011 18.2954L21.4217 16.883C22.3806 15.9295 22.1102 14.2949 20.8833 13.628L18.9728 12.5894C18.1672 12.1515 17.1858 12.2801 16.5562 12.9062Z\" \/>\r\n<\/svg><span class=\"bp-contact-text\">+34 606 251 329<\/span><\/a><\/span><br \/><span class=\"bp-contact-line\"><a href=\"mailto:costablanca@bulkpartner.net\" class=\"bp-contact-link\" title=\"Correo a Bulk &#038; Partner\"><svg class=\"bp-social-icon\" aria-hidden=\"true\" focusable=\"false\" xmlns=\"http:\/\/www.w3.org\/2000\/svg\" viewBox=\"0 0 512 512\" aria-hidden=\"true\" focusable=\"false\">\n  <path  d=\"M48 64C21.5 64 0 85.5 0 112c0 15.1 7.1 29.3 19.2 38.4L236.8 313.6c11.4 8.5 27 8.5 38.4 0L492.8 150.4C504.9 141.3 512 127.1 512 112c0-26.5-21.5-48-48-48H48zM0 176V384c0 35.3 28.7 64 64 64H448c35.3 0 64-28.7 64-64V176L294.4 339.2c-22.8 17.1-54 17.1-76.8 0L0 176z\"\/>\n<\/svg>\ncostablanca@bulkpartner.net<\/a><\/span><\/p>\n<p class=\"bp-contact-address-row\"><span class=\"bp-contact-marker\" aria-hidden=\"true\"><\/span><span class=\"bp-contact-address\">Calle Badajoz, 21<br \/>E-03724 Moraira (Alicante, Espa\u00f1a)<\/span><\/p>\n<\/div>\n<div class=\"contact-map-info\">\n<h2>Vis\u00edtenos<\/h2>\n<p>\nSer\u00e1 un placer recibirle personalmente. Las visitas se realizan exclusivamente con cita previa, lo que nos permite ofrecerle una atenci\u00f3n individual en un entorno tranquilo y discreto.\n<\/p>\n<\/div>\n<div class=\"map-container clearfix\">\n<div id=\"map_canvas\"><\/div>\n<\/div>\n<div id=\"contactform\">\n<h2>Escr\u00edbanos<\/h2>\n<\/div>\n<p>\nSi ha encontrado una propiedad de su inter\u00e9s o desea recibir m\u00e1s informaci\u00f3n, estaremos encantados de ayudarle.\n<\/p>\n<p>\nPuede contactarnos a trav\u00e9s de los datos indicados a continuaci\u00f3n o completar el formulario de contacto. Nos pondremos en contacto con usted lo antes posible.\n<\/p>\n<p>\nSu asesor personal atender\u00e1 su solicitud con la m\u00e1xima discreci\u00f3n y atenci\u00f3n.<\/p>\n","protected":false},"excerpt":{"rendered":"<p>Nuestros datos de contacto Estaremos encantados de atenderle y asesorarle personalmente en su proyecto inmobiliario en la Costa Blanca Norte. P\u00f3ngase en contacto con nosotros WhatsApp +34 606 251 329costablanca@bulkpartner.net Calle Badajoz, 21E-03724 Moraira (Alicante, Espa\u00f1a) Vis\u00edtenos Ser\u00e1 un placer recibirle personalmente. Las visitas se realizan exclusivamente con cita previa, lo que nos permite ofrecerle&#8230;<\/p>\n","protected":false},"author":1,"featured_media":39891,"parent":0,"menu_order":0,"comment_status":"closed","ping_status":"closed","template":"templates\/contact.php","meta":{"_acf_changed":false,"footnotes":""},"class_list":["post-2743","page","type-page","status-publish","has-post-thumbnail","hentry"],"acf":[],"_links":{"self":[{"href":"https:\/\/bulkpartner.net\/es\/wp-json\/wp\/v2\/pages\/2743","targetHints":{"allow":["GET"]}}],"collection":[{"href":"https:\/\/bulkpartner.net\/es\/wp-json\/wp\/v2\/pages"}],"about":[{"href":"https:\/\/bulkpartner.net\/es\/wp-json\/wp\/v2\/types\/page"}],"author":[{"embeddable":true,"href":"https:\/\/bulkpartner.net\/es\/wp-json\/wp\/v2\/users\/1"}],"replies":[{"embeddable":true,"href":"https:\/\/bulkpartner.net\/es\/wp-json\/wp\/v2\/comments?post=2743"}],"version-history":[{"count":3,"href":"https:\/\/bulkpartner.net\/es\/wp-json\/wp\/v2\/pages\/2743\/revisions"}],"predecessor-version":[{"id":51817,"href":"https:\/\/bulkpartner.net\/es\/wp-json\/wp\/v2\/pages\/2743\/revisions\/51817"}],"wp:featuredmedia":[{"embeddable":true,"href":"https:\/\/bulkpartner.net\/es\/wp-json\/wp\/v2\/media\/39891"}],"wp:attachment":[{"href":"https:\/\/bulkpartner.net\/es\/wp-json\/wp\/v2\/media?parent=2743"}],"curies":[{"name":"wp","href":"https:\/\/api.w.org\/{rel}","templated":true}]}}