{"id":2852,"date":"2017-04-16T21:30:11","date_gmt":"2017-04-16T19:30:11","guid":{"rendered":"\/?page_id=2852\/"},"modified":"2023-07-31T22:09:38","modified_gmt":"2023-07-31T20:09:38","slug":"cookies","status":"publish","type":"page","link":"https:\/\/bulkpartner.net\/es\/cookies\/","title":{"rendered":"Cookies"},"content":{"rendered":"<h2>\u00bfPara qu\u00e9 ulilizamos cookies y tratamos datos de navegaci\u00f3n?<\/h2>\n<p>En caso de utilizar nuestras webs sin proceder a la desactivaci\u00f3n de las cookies en su navegador, manifiesta su consentimiento para la instalaci\u00f3n de las mismas.<\/p>\n<h3>\u00bfQu\u00e9 es una cookie?<\/h3>\n<p>Una cookie es un fragmento de informaci\u00f3n de texto que las webs transfieren al disco duro de los equipos que se conectan a ellas, a menudo s\u00f3lo con prop\u00f3sitos t\u00e9cnicos.<\/p>\n<h3>\u00bfPara qu\u00e9 utilizamos cookies?<\/h3>\n<div class=\"arrow-list\">\n<ul>\n<li>Para prestar los servicios solicitados por nuestros usuarios. Utilizamos cookies de \u00edndole t\u00e9cnico necesarios para poder prestar los servicios solicitados por nuestros usuarios, por ejemplo para permitir que el sistema guarde la informaci\u00f3n que proporcionen en cada etapa del proceso de alta.<\/li>\n<li>Para optimizar la experiencia de uso y mejorar la calidad de nuestra web.<\/li>\n<\/ul>\n<\/div>\n<p>Con la finalidad de optimizar la experiencia de uso de la web, utilizamos cookies para reconocer a nuestros visitantes y usuarios y recordar los par\u00e1metros que fueron elegidos durante sus visitas, por ejemplo para mantener el estado acreditado de los usuarios registrados o el idioma escogido en la primera visita.<\/p>\n<p>Tambi\u00e9n utilizamos cookies para recopilar estad\u00edsticas an\u00f3nimas y conjuntas que nos permitan analizar la forma en que los usuarios utilizan nuestra web, con el fin de mejorarla y ajustarla a las preferencias de nuestros visitantes<\/p>\n<p>Para el an\u00e1lisis estad\u00edstico de la utilizaci\u00f3n de la web por sus usuarios, utilizamos la herramienta Google Analytics provista por Google, Inc., compa\u00f1\u00eda de derecho estadounidense. Para m\u00e1s informaci\u00f3n sobre el funcionamiento de la herramienta Google Analytics, los usuarios pueden consultar la pol\u00edtica de privacidad elaborada por Google disponible en el siguiente enlace: <a title=\"T\u00e9rminos y Condiciones de Servicio de Google Analytics\" href=\"https:\/\/www.google.com\/analytics\/terms\/es.html\" target=\"_blank\" rel=\"noopener noreferrer nofollow\">https:\/\/www.google.com\/analytics\/terms\/es.html<\/a><\/p>\n<h3>\u00bfQu\u00e9 informaci\u00f3n obtenemos?<\/h3>\n<p>Se obtiene la siguiente informaci\u00f3n acerca de los visitantes de nuestra web:<\/p>\n<div class=\"arrow-list\">\n<ul>\n<li>El nombre de dominio del proveedor (PSI) y\/o direcci\u00f3n IP que les da acceso a la red. Por ejemplo, un usuario del proveedor xxx s\u00f3lo estar\u00e1 identificado con el dominio xxx.es y\/o la direcci\u00f3n IP. De esta manera podemos elaborar estad\u00edsticas sobre los pa\u00edses y servidores que visitan m\u00e1s a menudo nuestro web.<\/li>\n<li>La fecha y hora de acceso a nuestro web. Ello nos permite averiguar las horas de m\u00e1s afluencia, y hacer los ajustes precisos para evitar problemas de saturaci\u00f3n en nuestras horas punta.<\/li>\n<li>La direcci\u00f3n de internet desde la que parti\u00f3 el link que dirige a nuestro web. Gracias a este dato, podemos conocer la efectividad de los distintos banners y enlaces que apuntan a nuestro servidor, con el fin de potenciar los que ofrezcan mejores resultados.<\/li>\n<li>El n\u00famero de visitantes diarios de cada secci\u00f3n. Ello nos permite conocer las \u00e1reas de m\u00e1s \u00e9xito y aumentar y mejorar su contenido, con el fin de que los usuarios obtengan un resultado m\u00e1s satisfactorio.<\/li>\n<\/ul>\n<\/div>\n<p>Si bien la informaci\u00f3n obtenida es, en principio, totalmente an\u00f3nima, atendiendo al Informe 327\/2003 de la Agencia Espa\u00f1ola de Protecci\u00f3n de Datos, se les informa a los usuarios de que los datos antes relacionados ser\u00e1n incorporados a ficheros de datos de car\u00e1cter personal de la entidad titular de la web para las finalidades antes detalladas, pudiendo el usuario ejercitar sus derechos de acceso, rectificaci\u00f3n o cancelaci\u00f3n de su informaci\u00f3n personal, as\u00ed como el de oposici\u00f3n a su tratamiento, seg\u00fan se indica en la pol\u00edtica de privacidad de nuestra web.<\/p>\n<h3>\u00bfC\u00f3mo puedo gestionar las cookies?<\/h3>\n<p>Usted tiene la opci\u00f3n de no recibir cookies o de ser informado acerca de su fijaci\u00f3n mediante la configuraci\u00f3n de su navegador. Para saber c\u00f3mo configurar su navegador para gestionar las cookies, le invitamos a que consulte la ayuda de su navegador.<\/p>\n<p>Para su comodidad, a continuaci\u00f3n encontrar\u00e1 informaci\u00f3n proporcionada por los desarrolladores de los principales navegadores sobre la gesti\u00f3n de cookies:<\/p>\n<div class=\"arrow-list\">\n<ul>\n<li>Chrome: <a title=\"Eliminar y administrar cookies con Chrome \" href=\"https:\/\/support.google.com\/chrome\/bin\/answer.py?hl=es&amp;answer=95647\" target=\"_blank\" rel=\"noopener noreferrer nofollow\">https:\/\/support.google.com\/chrome\/bin\/answer.py?hl=es&amp;answer=95647<\/a><\/li>\n<li>Explorer\/Edge: <a title=\"Eliminar y administrar cookies con Explorer\/Edge\" href=\"https:\/\/support.microsoft.com\/es-es\/help\/17442\/windows-internet-explorer-delete-manage-cookies\" target=\"_blank\" rel=\"noopener noreferrer nofollow\">https:\/\/support.microsoft.com\/es-es\/help\/17442\/windows-internet-explorer-delete-manage-cookies<\/a><\/li>\n<li>Firefox: <a title=\"Eliminar y administrar cookies con Firefox\" href=\"https:\/\/support.mozilla.org\/es\/kb\/habilitar-y-deshabilitar-cookies-que-los-sitios-we\" target=\"_blank\" rel=\"noopener noreferrer nofollow\">https:\/\/support.mozilla.org\/es\/kb\/habilitar-y-deshabilitar-cookies-que-los-sitios-we<\/a><\/li>\n<li>Safari: <a title=\"Eliminar y administrar cookies con Safari\" href=\"https:\/\/support.apple.com\/es-es\/guide\/safari\/sfri11471\/mac\" target=\"_blank\" rel=\"noopener noreferrer nofollow\">https:\/\/support.apple.com\/es-es\/guide\/safari\/sfri11471\/mac<\/a><\/li>\n<\/ul>\n<\/div>\n<p>En caso de desactivar las cookies, es posible que no pueda hacer uso de todas las funcionalidades de la web.<\/p>\n<p>Los usuarios pueden inhabilitar la herramienta Google Analitycs mediante la instalaci\u00f3n en su navegador del complemento de inhabilitaci\u00f3n creado por Google y disponible en el siguiente enlace: <a title=\"Complemento de inhabilitaci\u00f3n para navegadores de Google Analytics\" href=\"https:\/\/tools.google.com\/dlpage\/gaoptout?hl=es\" target=\"_blank\" rel=\"noopener noreferrer nofollow\">https:\/\/tools.google.com\/dlpage\/gaoptout?hl=es<\/a><\/p>\n<h3>Listado de las cookies utilizadas en la Web bulkpartner.net<\/h3>\n<p>Nota: Declinamos cualquier responsabilidad respecto al contenido y veracidad de la informaci\u00f3n y pol\u00edticas de privacidad relativas a las cookies de terceros.<\/p>\n<div class=\"table-scrollable\">Dominio (Con qu\u00e9 dominio se asocia la cookie)Cookie ID (ID de la cookie y como aparece en la cach\u00e9 del navegador)Tipo (propio o de terceros)Expiraci\u00f3n Fecha de caducidad de la cookie una vez instaladaCobertura P\u00e1ginas de la web que hacen uso de la cookieFuncionamiento y finalidad de la cookie<\/p>\n<table id=\"cookies\">\n<tbody>\n<tr>\n<td>bulkpartner.net<\/td>\n<td>borlabs-cookie<\/td>\n<td>Due\u00f1o de este sitio web<\/td>\n<td>1 A\u00f1o<\/td>\n<td>Toda la web<\/td>\n<td>Cookie t\u00e9cnica<\/td>\n<\/tr>\n<tr>\n<td>bulkpartner.net<\/td>\n<td>wp-wpml_current_language<\/td>\n<td>Due\u00f1o de este sitio web<\/td>\n<td>1 D\u00eda<\/td>\n<td>Toda la web<\/td>\n<td>Cookie t\u00e9cnica<\/td>\n<\/tr>\n<tr>\n<td>bulkpartner.net<\/td>\n<td>bp_favorites<\/td>\n<td>Due\u00f1o de este sitio web<\/td>\n<td>31 D\u00edas<\/td>\n<td>Toda la web<\/td>\n<td>Cookie t\u00e9cnica<\/td>\n<\/tr>\n<tr>\n<td>bulkpartner.net<\/td>\n<td>_ga<\/td>\n<td>Primera parte<\/td>\n<td>1 A\u00f1o 1 Mes<\/td>\n<td>Toda la web<\/td>\n<td>Google Analytics<\/td>\n<\/tr>\n<tr>\n<td>bulkpartner.net<\/td>\n<td>_ga_*<\/td>\n<td>Primera parte<\/td>\n<td>1 A\u00f1o 1 Mes<\/td>\n<td>Toda la web<\/td>\n<td>Google Analytics<\/td>\n<\/tr>\n<tr>\n<td>bulkpartner.net<\/td>\n<td>_gid<\/td>\n<td>Primera parte<\/td>\n<td>1 Dia<\/td>\n<td>Toda la web<\/td>\n<td>Google Analytics<\/td>\n<\/tr>\n<tr>\n<td>bulkpartner.net<\/td>\n<td>_gat_UA_*<\/td>\n<td>Primera parte<\/td>\n<td>1 Minuto<\/td>\n<td>Toda la web<\/td>\n<td>Google Analytics<\/td>\n<\/tr>\n<tr>\n<td>bulkpartner.net<\/td>\n<td>_gat_gtag_UA_*<\/td>\n<td>Primera parte<\/td>\n<td>1 Minuto<\/td>\n<td>Toda la web<\/td>\n<td>Google Analytics<\/td>\n<\/tr>\n<tr>\n<td>bulkpartner.net<\/td>\n<td>IDE<\/td>\n<td>Terceros<\/td>\n<td>1 A\u00f1o<\/td>\n<td>Toda la web<\/td>\n<td>double-click.net<\/td>\n<\/tr>\n<tr>\n<td>bulkpartner.net<\/td>\n<td>1P_JAR<\/td>\n<td>Primera parte<\/td>\n<td>1 Mes<\/td>\n<td>Toda la web<\/td>\n<td>Google<\/td>\n<\/tr>\n<tr>\n<td>bulkpartner.net<\/td>\n<td>CONSENT<\/td>\n<td>Primera parte<\/td>\n<td>2 A\u00f1os<\/td>\n<td>Toda la web<\/td>\n<td>Google<\/td>\n<\/tr>\n<tr>\n<td>bulkpartner.net<\/td>\n<td>NID<\/td>\n<td>Primera parte<\/td>\n<td>6 Meses<\/td>\n<td>Toda la web<\/td>\n<td>Google<\/td>\n<\/tr>\n<tr>\n<td>bulkpartner.net<\/td>\n<td>_cfduid<\/td>\n<td>Terceros<\/td>\n<td>1 Mes<\/td>\n<td>Toda la web<\/td>\n<td>Cloudflare<\/td>\n<\/tr>\n<\/tbody>\n<\/table>\n<\/div>\n","protected":false},"excerpt":{"rendered":"<p>\u00bfPara qu\u00e9 ulilizamos cookies y tratamos datos de navegaci\u00f3n? En caso de utilizar nuestras webs sin proceder a la desactivaci\u00f3n de las cookies en su navegador, manifiesta su consentimiento para la instalaci\u00f3n de las mismas. \u00bfQu\u00e9 es una cookie? Una cookie es un fragmento de informaci\u00f3n de texto que las webs transfieren al disco duro&#8230;<\/p>\n","protected":false},"author":1,"featured_media":0,"parent":0,"menu_order":0,"comment_status":"closed","ping_status":"closed","template":"","meta":{"footnotes":""},"class_list":["post-2852","page","type-page","status-publish","hentry"],"_links":{"self":[{"href":"https:\/\/bulkpartner.net\/es\/wp-json\/wp\/v2\/pages\/2852","targetHints":{"allow":["GET"]}}],"collection":[{"href":"https:\/\/bulkpartner.net\/es\/wp-json\/wp\/v2\/pages"}],"about":[{"href":"https:\/\/bulkpartner.net\/es\/wp-json\/wp\/v2\/types\/page"}],"author":[{"embeddable":true,"href":"https:\/\/bulkpartner.net\/es\/wp-json\/wp\/v2\/users\/1"}],"replies":[{"embeddable":true,"href":"https:\/\/bulkpartner.net\/es\/wp-json\/wp\/v2\/comments?post=2852"}],"version-history":[{"count":0,"href":"https:\/\/bulkpartner.net\/es\/wp-json\/wp\/v2\/pages\/2852\/revisions"}],"wp:attachment":[{"href":"https:\/\/bulkpartner.net\/es\/wp-json\/wp\/v2\/media?parent=2852"}],"curies":[{"name":"wp","href":"https:\/\/api.w.org\/{rel}","templated":true}]}}