{"id":2859,"date":"2017-04-16T21:53:02","date_gmt":"2017-04-16T19:53:02","guid":{"rendered":"\/?page_id=2859\/"},"modified":"2025-11-24T12:27:22","modified_gmt":"2025-11-24T11:27:22","slug":"aviso-legal","status":"publish","type":"page","link":"https:\/\/bulkpartner.net\/es\/aviso-legal\/","title":{"rendered":"Aviso legal"},"content":{"rendered":"<h2>Condiiciones de uso<\/h2>\n<p>El acceso y\/o uso de bulkpartner.net (en adelante la Web) atribuye la condici\u00f3n de Usuario e implica la aceptaci\u00f3n plena y sin reserva, desde dicho acceso y\/o uso, de la presente nota legal y de la pol\u00edtica de privacidad en su \u00faltima versi\u00f3n. Por ello, aconsejamos que proceda a la lectura de estos documentos, antes de utilizar las funcionalidades ofrecidas por este sitio Web, as\u00ed como cada vez que acceda a \u00e9l, ya que nos reservamos el derecho de cambiar, modificar, a\u00f1adir o eliminar en cualquier momento parte de estas condiciones.<\/p>\n<p>El mero acceso a la p\u00e1gina no supone en ning\u00fan caso la existencia de una relaci\u00f3n comercial entre el usuario y la Web.<\/p>\n<p>Adem\u00e1s del domicilio social, se pone a disposici\u00f3n de los usuarios los siguientes canales para dirigir sus peticiones, cuestiones o reclamaciones:<\/p>\n<p>Realestates Costablanca &#8211; MMM-Team S.L.U.<br \/>\nCalle Badajoz, 21, E-03724 Moraira (Alicante, Spain)<br \/>\nNIF\/CIF: B53507109<br \/>\nNumero registro RAICV 1552<br \/>\nTel\u00e9fono: +34 606 251 329<br \/>\nCorreo: <a href=\"mailto:info@bulkpartner.net\">info@bulkpartner.net<\/a><\/p>\n<h3>Informaci\u00f3n al consumidor para la resoluci\u00f3n alternativa de litigios<\/h3>\n<p>(Art. 14 (1) Reglamento N\u00b0 524\/2013 y Art. 36 de la Ley de resoluci\u00f3n de litigios en materia de consumo) El consumidor puede acceder a la plataforma de Internet de la Uni\u00f3n Europea para la resoluci\u00f3n de litigios en l\u00ednea en la siguiente p\u00e1gina: <a href=\"https:\/\/ec.europa.eu\/consumers\/odr\" rel=\"noopener\">https:\/\/ec.europa.eu\/consumers\/odr<\/a>.<\/p>\n<p>Nosotros no participamos en la resoluci\u00f3n de litigios ante un organismo de arbitraje para el consumidor.<\/p>\n<h3>1. Introducci\u00f3n<\/h3>\n<p>Realestates Costablanca &#8211; MMM-Team ofrece en su p\u00e1gina web informaci\u00f3n acerca de propiedades inmobiliarias de lujo. Accediendo y utilizando esta p\u00e1gina Web, usted acuerda obligarse a las condiciones que a continuaci\u00f3n se exponen, por lo que se le recomienda que lea cuidadosamente esta secci\u00f3n antes de iniciar su navegaci\u00f3n.<\/p>\n<h3>2. Obligaciones de los Usuarios<\/h3>\n<p>Los Usuarios se comprometen a utilizar esta Web de forma l\u00edcita, de acuerdo con lo dispuesto en las presentes condiciones y de forma que no produzcan un perjuicio en los derechos o intereses de Realestates Costablanca &#8211; MMM-Team o de terceros. A t\u00edtulo enunciativo y en ning\u00fan caso limitativo o excluyente, el Usuario se compromete igualmente a:<\/p>\n<div class=\"arrow-list\">\n<ul>\n<li>No incurrir en actividades ilegales o contrarias al orden p\u00fablico o a la buena fe.<\/li>\n<li>No intentar acceder, modificar, manipular y, en su caso, utilizar las cuentas de otros Usuarios.<\/li>\n<li>No utilizar los datos publicados en la Web para el env\u00edo de comunicaciones no solicitadas (spam).<\/li>\n<li>No introducir o difundir en la web informaci\u00f3n o contenidos falsos, enga\u00f1osos, ambiguos o inexactos de forma que induzcan a error a los receptores de la informaci\u00f3n, ni tampoco difundir contenidos de car\u00e1cter racista, xen\u00f3fobo, pornogr\u00e1fico, de apolog\u00eda del terrorismo o atentatorio contra los derechos humanos o de los menores.<\/li>\n<li>No realizar acciones que supongan o conlleven una violaci\u00f3n de los derechos de propiedad intelectual Realestates Costablanca &#8211; MMM-Team o de terceros.<\/li>\n<li>No provocar da\u00f1os en los sistemas f\u00edsicos y l\u00f3gicos de Realestates Costablanca &#8211; MMM-Team, de sus proveedores o de terceras personas.<\/li>\n<li>No introducir o difundir en la red virus inform\u00e1ticos o utilizar cualesquiera otros sistemas f\u00edsicos o l\u00f3gicos que sean susceptibles de provocar los da\u00f1os anteriormente mencionados.<\/li>\n<li>No suprimir, alterar, eludir o manipular cualquier dispositivo de protecci\u00f3n o sistema de seguridad que estuviera instalado en las p\u00e1ginas de esta Web.<\/li>\n<\/ul>\n<\/div>\n<h3>3. Exclusi\u00f3n de responsabilidad<\/h3>\n<p>Esta Web se proporciona \u201ctal como est\u00e1\u201d y su uso se realiza bajo el propio riesgo del Usuario, por lo que, ni Realestates Costablanca &#8211; MMM-Team ni sus administradores, trabajadores, proveedores o colaboradores ser\u00e1n responsables por los da\u00f1os, de cualquier naturaleza, directos o no, que deriven del uso de la Web, excluyendo expresamente Realestates Costablanca &#8211; MMM-Team en toda la medida prevista por la Ley, cualquier tipo de garant\u00edas, ya sean expresas o impl\u00edcitas.<\/p>\n<p>Realestates Costablanca &#8211; MMM-Team no garantiza la disponibilidad y accesibilidad de la Web, si bien realizar\u00e1 todos los esfuerzos que sean razonables en este sentido. En ocasiones, podr\u00e1n producirse interrupciones por el tiempo que resulte necesario para la realizaci\u00f3n de las correspondientes operaciones de mantenimiento.<\/p>\n<p>Realestates Costablanca &#8211; MMM-Team no se responsabiliza de posibles da\u00f1os derivados de interferencias, interrupciones, virus inform\u00e1ticos, aver\u00edas telef\u00f3nicas o desconexiones telef\u00f3nicas motivadas por causas ajenas a la citada entidad; de retrasos o bloqueos en el uso del presente sistema electr\u00f3nico causados por deficiencias o sobrecargas en el centro procesador de datos, de l\u00edneas telef\u00f3nicas, en el sistema de Internet o en otros sistemas el\u00e9ctricos; ni tampoco de cualquier otra alteraci\u00f3n que se pueda producir en el Software o Hardware de los Usuarios. Tampoco garantiza la ausencia de virus, malwares, troyanos u otros elementos que puedan producir alteraciones en el sistema inform\u00e1tico, documentos o ficheros del Usuario, excluyendo cualquier responsabilidad por los da\u00f1os de cualquier clase causados al Usuario por este motivo. De igual manera, Realestates Costablanca &#8211; MMM-Team no responder\u00e1 por los da\u00f1os causados por terceras personas mediante intromisiones ileg\u00edtimas fuera de su control.<\/p>\n<p>Tampoco responder\u00e1 de los da\u00f1os y perjuicios causados por el uso o mala utilizaci\u00f3n de los contenidos de la Web, ni por las consecuencias que pudieran derivarse de los errores, defectos u omisiones en los contenidos que pudieran aparecer en esta p\u00e1gina proporcionados por los propios Usuarios u otros terceros. En este sentido, aunque los anuncios y otros elementos publicados en esta Web se basan en informaci\u00f3n que consideramos fiable, no garantizamos la exactitud, actualidad o car\u00e1cter completo de la misma, por lo que Realestates Costablanca &#8211; MMM-Team no responder\u00e1 de la falta de veracidad, del car\u00e1cter incompleto, de la falta de actualizaci\u00f3n y\/o de la imprecisi\u00f3n de las caracter\u00edsticas, precio y cualesquiera otros datos e informaci\u00f3n relevantes respecto a los bienes inmobiliarios anunciados en la Web.<\/p>\n<p>Realestates Costablanca &#8211; MMM-Team no asume obligaci\u00f3n ni responsabilidad alguna respecto de aquellos servicios que no preste directamente.<\/p>\n<h3>4. Enlaces externos<\/h3>\n<p>En ning\u00fan caso Realestates Costablanca &#8211; MMM-Team asumir\u00e1 responsabilidad alguna por los contenidos de los enlaces pertenecientes a un sitio web ajeno, ni garantizar\u00e1 la disponibilidad t\u00e9cnica, calidad, fiabilidad, exactitud, amplitud, veracidad, validez y legalidad de cualquier material o informaci\u00f3n contenida en ninguno de dichos hiperv\u00ednculos u otros sitios de Internet. Igualmente la inclusi\u00f3n de estas conexiones externas no implicar\u00e1 ning\u00fan tipo de asociaci\u00f3n, fusi\u00f3n o participaci\u00f3n con las entidades conectadas.<\/p>\n<h3>5. Contrase\u00f1as<\/h3>\n<p>Las contrase\u00f1as para acceder a las cuentas de Usuarios registrados son personales, confidenciales e intransferibles. Los Usuarios registrados son los \u00fanicos responsables de mantener la confidencialidad de su cuenta, asumiendo estos de forma exclusiva las consecuencias de cualquier \u00edndole respecto a las actividades que se realicen mediante la misma. Los Usuarios se comprometen a notificar inmediatamente a Realestates Costablanca &#8211; MMM-Team cualquier vulneraci\u00f3n de la seguridad de su cuenta.<\/p>\n<h3>6. Denegaci\u00f3n de acceso y cancelaci\u00f3n de las cuentas<\/h3>\n<p>Realestates Costablanca &#8211; MMM-Team se reserva el derecho de denegar el acceso a la Web, as\u00ed como a suspender o cancelar las cuentas a aquellos Usuarios que incumplan las presentes condiciones; en caso de problemas t\u00e9cnicos o de seguridad imprevistos; de inactividad de la cuenta durante un tiempo significativo; o en cumplimiento de un requerimiento y\/o de una orden de policial, judicial o administrativa.<\/p>\n<p>Dicha cancelaci\u00f3n o suspensi\u00f3n se realizar\u00e1 a exclusiva discreci\u00f3n de Realestates Costablanca &#8211; MMM-Team y no dar\u00e1 lugar a ning\u00fan tipo de indemnizaci\u00f3n.<\/p>\n<h3>7. Tratamiento de datos personales<\/h3>\n<p>Los Usuarios consienten el tratamiento de sus datos personales con el alcance y en los t\u00e9rminos que se indican en nuestra pol\u00edtica de privacidad, la cual est\u00e1 disponible en la home page de la Web, quedando asimismo dicha pol\u00edtica incorporada a las presentes condiciones por referencia. En dicha pol\u00edtica, los Usuarios encontrar\u00e1n informaci\u00f3n sobre la manera de ejercitar sus derechos de acceso, cancelaci\u00f3n y rectificaci\u00f3n de su informaci\u00f3n personal, as\u00ed como el de oposici\u00f3n a su tratamiento.<\/p>\n<h3>8. Propiedad intelectual y derechos de autor<\/h3>\n<p>Sin perjuicio de los contenidos sobre los cuales terceros ostentasen derechos intelectuales, los derechos de propiedad intelectual de la Web, el nombre de dominio, su c\u00f3digo fuente, dise\u00f1o y estructura de navegaci\u00f3n y elementos en \u00e9l contenidos (a t\u00edtulo enunciativo, im\u00e1genes, sonido, audio, v\u00eddeo, software, o textos, combinaciones de colores, estructura y dise\u00f1o, etc.) son titularidad de Realestates Costablanca &#8211; MMM-Team, a quien corresponde el ejercicio exclusivo de los derechos de explotaci\u00f3n de los mismos en cualquier forma, y, en especial los derechos de reproducci\u00f3n, distribuci\u00f3n, comunicaci\u00f3n p\u00fablica y transformaci\u00f3n, conforme a lo previsto por la vigente Ley de Propiedad Intelectual. Quedan expresamente prohibidas la reproducci\u00f3n, distribuci\u00f3n y la comunicaci\u00f3n p\u00fablica, incluida su modalidad de puesta a disposici\u00f3n, de la totalidad o parte de los contenidos de esta p\u00e1gina Web en cualquier soporte y por cualquier medio t\u00e9cnico, sin la autorizaci\u00f3n de Realestates Costablanca &#8211; MMM-Team o, en su caso, de los terceros que ostenten los derechos de propiedad intelectual o de autor sobre los contenidos afectados. No obstante lo anterior, el usuario de la Web podr\u00e1 visualizar los elementos de esta Web e incluso imprimirlos, copiarlos y almacenarlos en el disco duro de su ordenador o en cualquier otro soporte f\u00edsico siempre y cuando sea, \u00fanica y exclusivamente, para su uso personal y privado. Aquellas entidades o personas que, previa autorizaci\u00f3n del titular de esta Web, pretendan establecer un enlace con ella, deber\u00e1n garantizar que \u00fanicamente permite el acceso a esta p\u00e1gina o servicio pero que no realiza reproducci\u00f3n de sus contenidos y servicios.<\/p>\n<h3>9. Nulidad de las cl\u00e1usulas<\/h3>\n<p>En caso de que una cl\u00e1usula de las presentes condiciones de uso fuese declarada nula, s\u00f3lo afectar\u00e1 a dicha disposici\u00f3n o a aquella parte que as\u00ed haya sido declarada, subsistiendo las condiciones en todo lo dem\u00e1s y teni\u00e9ndose tal disposici\u00f3n, o la parte afectada, por no puesta.<\/p>\n<h3>10. Aceptaci\u00f3n<\/h3>\n<p>El acceso a la Web y su utilizaci\u00f3n implican necesariamente que todas y cada una de las presentes condiciones de uso son expresamente aceptadas por usted.<\/p>\n<h3>11. Jurisdicci\u00f3n y Ley aplicable<\/h3>\n<p>La presente p\u00e1gina Web se regir\u00e1 por la ley espa\u00f1ola con exclusi\u00f3n de sus reglas de conflicto de ley. Sin perjuicio de los derechos reconocidos a los consumidores en materia de competencia jurisdiccional por el Real Decreto Legislativo 1\/2007, de 16 de noviembre, cualquier controversia que pudiera derivarse de la utilizaci\u00f3n de la Web o de los servicios vinculados a la misma se someter\u00e1 a la jurisdicci\u00f3n de los Juzgados y Tribunales competentes atendiendo al domicilio de Realestates Costablanca &#8211; MMM-Team, renunciando expresamente los usuarios a su fuero propio si lo tuvieran.<\/p>\n","protected":false},"excerpt":{"rendered":"<p>Condiiciones de uso El acceso y\/o uso de bulkpartner.net (en adelante la Web) atribuye la condici\u00f3n de Usuario e implica la aceptaci\u00f3n plena y sin reserva, desde dicho acceso y\/o uso, de la presente nota legal y de la pol\u00edtica de privacidad en su \u00faltima versi\u00f3n. Por ello, aconsejamos que proceda a la lectura de&#8230;<\/p>\n","protected":false},"author":1,"featured_media":0,"parent":0,"menu_order":0,"comment_status":"closed","ping_status":"closed","template":"","meta":{"_acf_changed":false,"footnotes":""},"class_list":["post-2859","page","type-page","status-publish","hentry"],"acf":[],"_links":{"self":[{"href":"https:\/\/bulkpartner.net\/es\/wp-json\/wp\/v2\/pages\/2859","targetHints":{"allow":["GET"]}}],"collection":[{"href":"https:\/\/bulkpartner.net\/es\/wp-json\/wp\/v2\/pages"}],"about":[{"href":"https:\/\/bulkpartner.net\/es\/wp-json\/wp\/v2\/types\/page"}],"author":[{"embeddable":true,"href":"https:\/\/bulkpartner.net\/es\/wp-json\/wp\/v2\/users\/1"}],"replies":[{"embeddable":true,"href":"https:\/\/bulkpartner.net\/es\/wp-json\/wp\/v2\/comments?post=2859"}],"version-history":[{"count":0,"href":"https:\/\/bulkpartner.net\/es\/wp-json\/wp\/v2\/pages\/2859\/revisions"}],"wp:attachment":[{"href":"https:\/\/bulkpartner.net\/es\/wp-json\/wp\/v2\/media?parent=2859"}],"curies":[{"name":"wp","href":"https:\/\/api.w.org\/{rel}","templated":true}]}}