{"id":6945,"date":"2017-05-07T16:42:48","date_gmt":"2017-05-07T14:42:48","guid":{"rendered":"\/?page_id=6945\/"},"modified":"2025-12-23T17:37:38","modified_gmt":"2025-12-23T16:37:38","slug":"vender-propiedad-costa-blanca","status":"publish","type":"page","link":"https:\/\/bulkpartner.net\/es\/vender-propiedad-costa-blanca\/","title":{"rendered":"Vender su propiedad en la Costa Blanca Norte"},"content":{"rendered":"<h2>Vender su propiedad en la Costa Blanca con \u00e9xito<\/h2>\n<p>La decisi\u00f3n de vender una propiedad es una cuesti\u00f3n de confianza mutua por ambas partes. Por lo tanto es importante poner esta decisi\u00f3n en manos de un agente inmobiliario con experiencia que le acompa\u00f1e de manera \u00f3ptima para obtener el mejor resultado.<\/p>\n<p>A bulk&amp;partner son discreci\u00f3n y competencia condiciones previas para realizar perfectamente esta exigente tarea.<\/p>\n<p>Cada propiedad tiene un valor \u00fanico y merece toda nuestra consideraci\u00f3n.<\/p>\n<p>Con especial discreci\u00f3n le vamos a encontrar el comprador adecuado. Propiedades excepcionales encuentran en tiempos de una creciente globalizaci\u00f3n, cada vez m\u00e1s, un posible comprador fuera de los mercados locales.<\/p>\n<p>Propiedades excepcionales encuentran en tiempos de una creciente globalizaci\u00f3n, cada vez m\u00e1s, un posible comprador fuera de los mercados locales.<\/p>\n<h2>Sin l\u00edmites a la hora de vender su casa<\/h2>\n<p><a title=\"Empresa\" href=\"https:\/\/bulkpartner.net\/es\/empresa\/\">bulk&amp;partner<\/a> es referente de lujo, calidad, estilo y clase con una excelente relaci\u00f3n calidad-precio, utilizando las m\u00e1s modernas campa\u00f1as de marketing.<\/p>\n<h2>Nuestros servicios incluyen:<\/h2>\n<div class=\"arrow-list\">\n<ul>\n<li>Examen de todos los documentos e Historia del Edificio.<\/li>\n<li>Valoraci\u00f3n de la propiedad.<\/li>\n<li>Elaboraci\u00f3n de textos publicitarios, fotos, exposici\u00f3n y planos.<\/li>\n<li>Comercializaci\u00f3n multimedia al grupo destinatario.<\/li>\n<li>Presentaci\u00f3n de las propiedades a nuestra cartera de clientes.<\/li>\n<li>Concertaci\u00f3n de citas con posibles interesados.<\/li>\n<li>Venta secreta: Ninguna publicaci\u00f3n externa. Presentamos su propiedad solo a clientes seleccionados e interesados.<\/li>\n<li>Confirmaci\u00f3n de todas las visitas y protecci\u00f3n de la identidad de los clientes.<\/li>\n<li>Gesti\u00f3n de todas las negociaciones de venta.<\/li>\n<li>Comprobaci\u00f3n de la solvencia de la persona interesada.<\/li>\n<li>Coordinaci\u00f3n de los tr\u00e1mites administrativos.<\/li>\n<\/ul>\n<\/div>\n<h2>No deje la venta de su inmueble al azar, sino en manos de un experto<\/h2>\n<p>\u00a1A continuaci\u00f3n, <a title=\"Cont\u00e1ctenos\" href=\"https:\/\/bulkpartner.net\/es\/contacto\/\">brevemente debe introducir a nosotros!<\/a><\/p>\n<div class=\"languages\">\n  <span class=\"speak-icon\"><\/span><br \/>\n  <span class=\"languages-text\"><br \/>\n    Hablamos: Espa\u00f1ol \/ Ingl\u00e9s \/ Polaco \/ Alem\u00e1n<br \/>\n  <\/span>\n<\/div>\n<div class=\"links\">\n<h2>Nuestros Servicios:<\/h2>\n<div class=\"arrow-list\">\n<ul>\n<li><a title=\"Comprar propiedades\" href=\"https:\/\/bulkpartner.net\/es\/comprar-propiedad-costa-blanca\/\" target=\"_self\" rel=\"noopener noreferrer\">Comprar propiedades<\/a><\/li>\n<li><a title=\"Servicio VIP\" href=\"https:\/\/bulkpartner.net\/es\/servicio-vip\/\" target=\"_self\" rel=\"noopener noreferrer\">Servicio VIP<\/a><\/li>\n<\/ul>\n<\/div>\n<\/div>\n<div class=\"content-footer\">Nuestra pasi\u00f3n son inmuebles &#8230;<\/div>\n<div class=\"shariff-pages\"><div class=\"shariff shariff-align-left shariff-widget-align-left shariff-buttonstretch\" data-services=\"facebook%7Cvk%7Cpinterest\" data-url=\"https:\/\/bulkpartner.net\/es\/vender-propiedad-costa-blanca\/\" data-timestamp=\"1766511458\" data-hidezero=\"1\" data-backendurl=\"https:\/\/bulkpartner.net\/es\/wp-json\/shariff\/v1\/share_counts?\"><ul class=\"shariff-buttons theme-grey orientation-horizontal buttonsize-small\"><li class=\"shariff-button facebook\" style=\"background-color:#d3d0d0\"><a href=\"https:\/\/www.facebook.com\/sharer\/sharer.php?u=https%3A%2F%2Fbulkpartner.net%2Fes%2Fvender-propiedad-costa-blanca%2F\" title=\"Compartir en Facebook\" aria-label=\"Compartir en Facebook\" role=\"button\" rel=\"nofollow\" class=\"shariff-link\" style=\"; background-color:#dbdbdb; color:#fff\" target=\"_blank\"><span class=\"shariff-icon\" style=\"\"><svg width=\"32px\" height=\"20px\" xmlns=\"http:\/\/www.w3.org\/2000\/svg\" viewBox=\"0 0 18 32\"><path fill=\"#3b5998\" d=\"M17.1 0.2v4.7h-2.8q-1.5 0-2.1 0.6t-0.5 1.9v3.4h5.2l-0.7 5.3h-4.5v13.6h-5.5v-13.6h-4.5v-5.3h4.5v-3.9q0-3.3 1.9-5.2t5-1.8q2.6 0 4.1 0.2z\"\/><\/svg><\/span><span class=\"shariff-text\">compartir<\/span>&nbsp;<span data-service=\"facebook\" style=\"color:#fff\" class=\"shariff-count shariff-hidezero\"><\/span>&nbsp;<\/a><\/li><li class=\"shariff-button vk\" style=\"background-color:#d3d0d0\"><a href=\"https:\/\/vk.com\/share.php?url=https%3A%2F%2Fbulkpartner.net%2Fes%2Fvender-propiedad-costa-blanca%2F\" title=\"Compartir en VK\" aria-label=\"Compartir en VK\" role=\"button\" rel=\"noopener nofollow\" class=\"shariff-link\" style=\"; background-color:#dbdbdb; color:#fff\" target=\"_blank\"><span class=\"shariff-icon\" style=\"\"><svg width=\"32px\" height=\"20px\" xmlns=\"http:\/\/www.w3.org\/2000\/svg\" viewBox=\"0 0 34 32\"><path fill=\"#527498\" d=\"M34.2 9.3q0.4 1.1-2.7 5.3-0.4 0.6-1.2 1.5-1.4 1.8-1.6 2.3-0.3 0.7 0.3 1.4 0.3 0.4 1.4 1.5h0l0.1 0.1q2.5 2.3 3.4 3.9 0.1 0.1 0.1 0.2t0.1 0.5 0 0.6-0.4 0.5-1.1 0.2l-4.6 0.1q-0.4 0.1-1-0.1t-0.9-0.4l-0.4-0.2q-0.5-0.4-1.2-1.1t-1.2-1.4-1.1-1-1-0.3q-0.1 0-0.1 0.1t-0.3 0.3-0.4 0.5-0.3 0.9-0.1 1.4q0 0.3-0.1 0.5t-0.1 0.3l-0.1 0.1q-0.3 0.3-0.9 0.4h-2.1q-1.3 0.1-2.6-0.3t-2.3-0.9-1.8-1.2-1.3-1l-0.4-0.4q-0.2-0.2-0.5-0.5t-1.3-1.6-1.9-2.7-2.2-3.8-2.3-4.9q-0.1-0.3-0.1-0.5t0.1-0.3l0.1-0.1q0.3-0.3 1-0.3l4.9 0q0.2 0 0.4 0.1t0.3 0.2l0.1 0.1q0.3 0.2 0.4 0.6 0.4 0.9 0.8 1.8t0.7 1.5l0.3 0.5q0.5 1.1 1 1.9t0.9 1.2 0.7 0.7 0.6 0.3 0.5-0.1q0 0 0.1-0.1t0.2-0.4 0.2-0.8 0.2-1.4 0-2.2q0-0.7-0.2-1.3t-0.2-0.8l-0.1-0.2q-0.4-0.6-1.5-0.8-0.2 0 0.1-0.4 0.3-0.3 0.7-0.5 0.9-0.5 4.3-0.4 1.5 0 2.4 0.2 0.4 0.1 0.6 0.2t0.4 0.4 0.2 0.6 0.1 0.8 0 1 0 1.3 0 1.5q0 0.2 0 0.8t0 0.9 0.1 0.7 0.2 0.7 0.4 0.4q0.1 0 0.3 0.1t0.5-0.2 0.7-0.6 0.9-1.2 1.2-1.9q1.1-1.9 1.9-4 0.1-0.2 0.2-0.3t0.2-0.2l0.1-0.1 0.1 0t0.2-0.1 0.4 0l5.1 0q0.7-0.1 1.1 0t0.6 0.3z\"\/><\/svg><\/span><span class=\"shariff-text\">compartir<\/span>&nbsp;<span data-service=\"vk\" style=\"color:#fff\" class=\"shariff-count shariff-hidezero\"><\/span>&nbsp;<\/a><\/li><li class=\"shariff-button twitter\" style=\"background-color:#d3d0d0\"><a href=\"https:\/\/twitter.com\/share?url=https%3A%2F%2Fbulkpartner.net%2Fes%2Fvender-propiedad-costa-blanca%2F&text=Vender%20su%20propiedad%20en%20la%20Costa%20Blanca%20Norte&via=bulkpartner\" title=\"Compartir en X\" aria-label=\"Compartir en X\" role=\"button\" rel=\"noopener nofollow\" class=\"shariff-link\" style=\"; background-color:#dbdbdb; color:#fff\" target=\"_blank\"><span class=\"shariff-icon\" style=\"\"><svg width=\"32px\" height=\"20px\" xmlns=\"http:\/\/www.w3.org\/2000\/svg\" viewBox=\"0 0 24 24\"><path fill=\"#000\" d=\"M14.258 10.152L23.176 0h-2.113l-7.747 8.813L7.133 0H0l9.352 13.328L0 23.973h2.113l8.176-9.309 6.531 9.309h7.133zm-2.895 3.293l-.949-1.328L2.875 1.56h3.246l6.086 8.523.945 1.328 7.91 11.078h-3.246zm0 0\"\/><\/svg><\/span><span class=\"shariff-text\">compartir<\/span>&nbsp;<\/a><\/li><li class=\"shariff-button linkedin\" style=\"background-color:#d3d0d0\"><a href=\"https:\/\/www.linkedin.com\/sharing\/share-offsite\/?url=https%3A%2F%2Fbulkpartner.net%2Fes%2Fvender-propiedad-costa-blanca%2F\" title=\"Compartir en LinkedIn\" aria-label=\"Compartir en LinkedIn\" role=\"button\" rel=\"noopener nofollow\" class=\"shariff-link\" style=\"; background-color:#dbdbdb; color:#fff\" target=\"_blank\"><span class=\"shariff-icon\" style=\"\"><svg width=\"32px\" height=\"20px\" xmlns=\"http:\/\/www.w3.org\/2000\/svg\" viewBox=\"0 0 27 32\"><path fill=\"#0077b5\" d=\"M6.2 11.2v17.7h-5.9v-17.7h5.9zM6.6 5.7q0 1.3-0.9 2.2t-2.4 0.9h0q-1.5 0-2.4-0.9t-0.9-2.2 0.9-2.2 2.4-0.9 2.4 0.9 0.9 2.2zM27.4 18.7v10.1h-5.9v-9.5q0-1.9-0.7-2.9t-2.3-1.1q-1.1 0-1.9 0.6t-1.2 1.5q-0.2 0.5-0.2 1.4v9.9h-5.9q0-7.1 0-11.6t0-5.3l0-0.9h5.9v2.6h0q0.4-0.6 0.7-1t1-0.9 1.6-0.8 2-0.3q3 0 4.9 2t1.9 6z\"\/><\/svg><\/span><span class=\"shariff-text\">compartir<\/span>&nbsp;<\/a><\/li><li class=\"shariff-button pinterest\" style=\"background-color:#d3d0d0\"><a href=\"https:\/\/www.pinterest.com\/pin\/create\/link\/?url=https%3A%2F%2Fbulkpartner.net%2Fes%2Fvender-propiedad-costa-blanca%2F&media=https%3A%2F%2Fbulkpartner.net%2Fwp-content%2Fuploads%2F2017%2F05%2Fbulk-partner-finest-properties-vendido.jpg&description=Vender%20su%20propiedad%20en%20la%20Costa%20Blanca%20Norte\" title=\"Ahorrar en Pinterest\" aria-label=\"Ahorrar en Pinterest\" role=\"button\" rel=\"noopener nofollow\" class=\"shariff-link\" style=\"; background-color:#dbdbdb; color:#fff\" target=\"_blank\"><span class=\"shariff-icon\" style=\"\"><svg width=\"32px\" height=\"20px\" xmlns=\"http:\/\/www.w3.org\/2000\/svg\" viewBox=\"0 0 27 32\"><path fill=\"#cb2027\" d=\"M27.4 16q0 3.7-1.8 6.9t-5 5-6.9 1.9q-2 0-3.9-0.6 1.1-1.7 1.4-2.9 0.2-0.6 1-3.8 0.4 0.7 1.3 1.2t2 0.5q2.1 0 3.8-1.2t2.7-3.4 0.9-4.8q0-2-1.1-3.8t-3.1-2.9-4.5-1.2q-1.9 0-3.5 0.5t-2.8 1.4-2 2-1.2 2.3-0.4 2.4q0 1.9 0.7 3.3t2.1 2q0.5 0.2 0.7-0.4 0-0.1 0.1-0.5t0.2-0.5q0.1-0.4-0.2-0.8-0.9-1.1-0.9-2.7 0-2.7 1.9-4.6t4.9-2q2.7 0 4.2 1.5t1.5 3.8q0 3-1.2 5.2t-3.1 2.1q-1.1 0-1.7-0.8t-0.4-1.9q0.1-0.6 0.5-1.7t0.5-1.8 0.2-1.4q0-0.9-0.5-1.5t-1.4-0.6q-1.1 0-1.9 1t-0.8 2.6q0 1.3 0.4 2.2l-1.8 7.5q-0.3 1.2-0.2 3.2-3.7-1.6-6-5t-2.3-7.6q0-3.7 1.9-6.9t5-5 6.9-1.9 6.9 1.9 5 5 1.8 6.9z\"\/><\/svg><\/span><span class=\"shariff-text\">ahorrar<\/span>&nbsp;<span data-service=\"pinterest\" style=\"color:#fff\" class=\"shariff-count shariff-hidezero\"><\/span>&nbsp;<\/a><\/li><li class=\"shariff-button whatsapp shariff-mobile\" style=\"background-color:#d3d0d0\"><a href=\"https:\/\/api.whatsapp.com\/send?text=https%3A%2F%2Fbulkpartner.net%2Fes%2Fvender-propiedad-costa-blanca%2F%20Vender%20su%20propiedad%20en%20la%20Costa%20Blanca%20Norte\" title=\"Compartir en Whatsapp\" aria-label=\"Compartir en Whatsapp\" role=\"button\" rel=\"noopener nofollow\" class=\"shariff-link\" style=\"; background-color:#dbdbdb; color:#fff\" target=\"_blank\"><span class=\"shariff-icon\" style=\"\"><svg width=\"32px\" height=\"20px\" xmlns=\"http:\/\/www.w3.org\/2000\/svg\" viewBox=\"0 0 32 32\"><path fill=\"#34af23\" d=\"M17.6 17.4q0.2 0 1.7 0.8t1.6 0.9q0 0.1 0 0.3 0 0.6-0.3 1.4-0.3 0.7-1.3 1.2t-1.8 0.5q-1 0-3.4-1.1-1.7-0.8-3-2.1t-2.6-3.3q-1.3-1.9-1.3-3.5v-0.1q0.1-1.6 1.3-2.8 0.4-0.4 0.9-0.4 0.1 0 0.3 0t0.3 0q0.3 0 0.5 0.1t0.3 0.5q0.1 0.4 0.6 1.6t0.4 1.3q0 0.4-0.6 1t-0.6 0.8q0 0.1 0.1 0.3 0.6 1.3 1.8 2.4 1 0.9 2.7 1.8 0.2 0.1 0.4 0.1 0.3 0 1-0.9t0.9-0.9zM14 26.9q2.3 0 4.3-0.9t3.6-2.4 2.4-3.6 0.9-4.3-0.9-4.3-2.4-3.6-3.6-2.4-4.3-0.9-4.3 0.9-3.6 2.4-2.4 3.6-0.9 4.3q0 3.6 2.1 6.6l-1.4 4.2 4.3-1.4q2.8 1.9 6.2 1.9zM14 2.2q2.7 0 5.2 1.1t4.3 2.9 2.9 4.3 1.1 5.2-1.1 5.2-2.9 4.3-4.3 2.9-5.2 1.1q-3.5 0-6.5-1.7l-7.4 2.4 2.4-7.2q-1.9-3.2-1.9-6.9 0-2.7 1.1-5.2t2.9-4.3 4.3-2.9 5.2-1.1z\"\/><\/svg><\/span><span class=\"shariff-text\">compartir<\/span>&nbsp;<\/a><\/li><li class=\"shariff-button telegram\" style=\"background-color:#d3d0d0\"><a href=\"https:\/\/telegram.me\/share\/url?url=https%3A%2F%2Fbulkpartner.net%2Fes%2Fvender-propiedad-costa-blanca%2F&text=Vender%20su%20propiedad%20en%20la%20Costa%20Blanca%20Norte\" title=\"Compartir en Telegram\" aria-label=\"Compartir en Telegram\" role=\"button\" rel=\"noopener nofollow\" class=\"shariff-link\" style=\"; background-color:#dbdbdb; color:#fff\" target=\"_blank\"><span class=\"shariff-icon\" style=\"\"><svg width=\"32px\" height=\"20px\" xmlns=\"http:\/\/www.w3.org\/2000\/svg\" viewBox=\"0 0 32 32\"><path fill=\"#0088cc\" d=\"M30.8 6.5l-4.5 21.4c-.3 1.5-1.2 1.9-2.5 1.2L16.9 24l-3.3 3.2c-.4.4-.7.7-1.4.7l.5-7L25.5 9.2c.6-.5-.1-.8-.9-.3l-15.8 10L2 16.7c-1.5-.5-1.5-1.5.3-2.2L28.9 4.3c1.3-.5 2.3.3 1.9 2.2z\"\/><\/svg><\/span><span class=\"shariff-text\">compartir<\/span>&nbsp;<\/a><\/li><li class=\"shariff-button mailto\" style=\"background-color:#d3d0d0\"><a href=\"mailto:?body=https%3A%2F%2Fbulkpartner.net%2Fes%2Fvender-propiedad-costa-blanca%2F&subject=Vender%20su%20propiedad%20en%20la%20Costa%20Blanca%20Norte\" title=\"Enviar por correo electr\u00f3nico\" aria-label=\"Enviar por correo electr\u00f3nico\" role=\"button\" rel=\"noopener nofollow\" class=\"shariff-link\" style=\"; background-color:#dbdbdb; color:#fff\"><span class=\"shariff-icon\" style=\"\"><svg width=\"32px\" height=\"20px\" xmlns=\"http:\/\/www.w3.org\/2000\/svg\" viewBox=\"0 0 32 32\"><path fill=\"#999\" d=\"M32 12.7v14.2q0 1.2-0.8 2t-2 0.9h-26.3q-1.2 0-2-0.9t-0.8-2v-14.2q0.8 0.9 1.8 1.6 6.5 4.4 8.9 6.1 1 0.8 1.6 1.2t1.7 0.9 2 0.4h0.1q0.9 0 2-0.4t1.7-0.9 1.6-1.2q3-2.2 8.9-6.1 1-0.7 1.8-1.6zM32 7.4q0 1.4-0.9 2.7t-2.2 2.2q-6.7 4.7-8.4 5.8-0.2 0.1-0.7 0.5t-1 0.7-0.9 0.6-1.1 0.5-0.9 0.2h-0.1q-0.4 0-0.9-0.2t-1.1-0.5-0.9-0.6-1-0.7-0.7-0.5q-1.6-1.1-4.7-3.2t-3.6-2.6q-1.1-0.7-2.1-2t-1-2.5q0-1.4 0.7-2.3t2.1-0.9h26.3q1.2 0 2 0.8t0.9 2z\"\/><\/svg><\/span><span class=\"shariff-text\">correo<\/span>&nbsp;<\/a><\/li><\/ul><\/div><\/div>\n","protected":false},"excerpt":{"rendered":"<p>Vender su propiedad en la Costa Blanca con \u00e9xito La decisi\u00f3n de vender una propiedad es una cuesti\u00f3n de confianza mutua por ambas partes. Por lo tanto es importante poner esta decisi\u00f3n en manos de un agente inmobiliario con experiencia que le acompa\u00f1e de manera \u00f3ptima para obtener el mejor resultado. A bulk&amp;partner son discreci\u00f3n&#8230;<\/p>\n","protected":false},"author":1,"featured_media":7399,"parent":0,"menu_order":0,"comment_status":"closed","ping_status":"closed","template":"","meta":{"footnotes":""},"class_list":["post-6945","page","type-page","status-publish","has-post-thumbnail","hentry"],"_links":{"self":[{"href":"https:\/\/bulkpartner.net\/es\/wp-json\/wp\/v2\/pages\/6945","targetHints":{"allow":["GET"]}}],"collection":[{"href":"https:\/\/bulkpartner.net\/es\/wp-json\/wp\/v2\/pages"}],"about":[{"href":"https:\/\/bulkpartner.net\/es\/wp-json\/wp\/v2\/types\/page"}],"author":[{"embeddable":true,"href":"https:\/\/bulkpartner.net\/es\/wp-json\/wp\/v2\/users\/1"}],"replies":[{"embeddable":true,"href":"https:\/\/bulkpartner.net\/es\/wp-json\/wp\/v2\/comments?post=6945"}],"version-history":[{"count":0,"href":"https:\/\/bulkpartner.net\/es\/wp-json\/wp\/v2\/pages\/6945\/revisions"}],"wp:featuredmedia":[{"embeddable":true,"href":"https:\/\/bulkpartner.net\/es\/wp-json\/wp\/v2\/media\/7399"}],"wp:attachment":[{"href":"https:\/\/bulkpartner.net\/es\/wp-json\/wp\/v2\/media?parent=6945"}],"curies":[{"name":"wp","href":"https:\/\/api.w.org\/{rel}","templated":true}]}}